{"id":668,"date":"2024-07-16T15:57:34","date_gmt":"2024-07-16T14:57:34","guid":{"rendered":"https:\/\/text-it-easy.eu\/publicatii\/"},"modified":"2026-01-16T17:29:51","modified_gmt":"2026-01-16T16:29:51","slug":"publicatii","status":"publish","type":"page","link":"https:\/\/text-it-easy.eu\/ro\/publicatii\/","title":{"rendered":"Publica\u021bii"},"content":{"rendered":"<p>[et_pb_section fb_built=&#8221;1&#8243; _builder_version=&#8221;4.26.1&#8243; _module_preset=&#8221;default&#8221; use_background_color_gradient=&#8221;on&#8221; background_color_gradient_direction=&#8221;90deg&#8221; background_color_gradient_stops=&#8221;#99ffcc 33%|#f7fcbe 99%&#8221; global_module=&#8221;145&#8243; saved_tabs=&#8221;all&#8221; global_colors_info=&#8221;{}&#8221;][et_pb_row _builder_version=&#8221;4.27.4&#8243; _module_preset=&#8221;f65e0117-e408-4718-808f-07fe51790640&#8243; global_colors_info=&#8221;{}&#8221;][et_pb_column type=&#8221;4_4&#8243; _builder_version=&#8221;4.26.1&#8243; _module_preset=&#8221;default&#8221; global_colors_info=&#8221;{}&#8221;][et_pb_post_title _builder_version=&#8221;4.27.4&#8243; _module_preset=&#8221;default&#8221; title_font=&#8221;&#8211;et_global_heading_font|700|||||||&#8221; title_font_size=&#8221;4rem&#8221; global_colors_info=&#8221;{}&#8221;][\/et_pb_post_title][\/et_pb_column][\/et_pb_row][\/et_pb_section][et_pb_section fb_built=&#8221;1&#8243; _builder_version=&#8221;4.26.1&#8243; _module_preset=&#8221;default&#8221; locked=&#8221;off&#8221; global_colors_info=&#8221;{}&#8221;][et_pb_row column_structure=&#8221;1_3,2_3&#8243; _builder_version=&#8221;4.27.0&#8243; _module_preset=&#8221;default&#8221; global_colors_info=&#8221;{}&#8221;][et_pb_column type=&#8221;1_3&#8243; _builder_version=&#8221;4.27.0&#8243; _module_preset=&#8221;default&#8221; global_colors_info=&#8221;{}&#8221;][et_pb_image src=&#8221;@ET-DC@eyJkeW5hbWljIjp0cnVlLCJjb250ZW50IjoiY3VzdG9tX21ldGFfcHVibGljYXRpb25fdXJsXzEiLCJzZXR0aW5ncyI6eyJiZWZvcmUiOiIiLCJhZnRlciI6IiIsImVuYWJsZV9odG1sIjoib2ZmIn19@&#8221; _builder_version=&#8221;4.27.4&#8243; _dynamic_attributes=&#8221;src&#8221; _module_preset=&#8221;default&#8221; background_color=&#8221;RGBA(255,255,255,0)&#8221; box_shadow_style=&#8221;preset1&#8243; global_colors_info=&#8221;{}&#8221;][\/et_pb_image][\/et_pb_column][et_pb_column type=&#8221;2_3&#8243; _builder_version=&#8221;4.27.0&#8243; _module_preset=&#8221;default&#8221; global_colors_info=&#8221;{}&#8221;][et_pb_text _builder_version=&#8221;4.27.4&#8243; _module_preset=&#8221;default&#8221; header_2_font=&#8221;&#8211;et_global_heading_font|&#8211;et_global_heading_font_weight|||||||&#8221; header_2_font_size=&#8221;1.88rem&#8221; header_2_line_height=&#8221;1.5em&#8221; global_colors_info=&#8221;{}&#8221;]<\/p>\n<h2>Privire de ansamblu asupra contextului na\u021bional \u0219i european<\/h2>\n<p>Cilj ove publikacije je procijeniti potrebe ciljanih skupina projekta Text it Easy. Partnerstvo je prikupilo informacije o stanju primjene jezika jednostavnog \u010ditanja u Francuskoj, Belgiji, Rumunjskoj, Hrvatskoj i Sjevernoj Makedoniji. <\/p>\n<p>Partneri su analizirali aktualna pitanja vezana uz jasno izra\u017eavanje na nacionalnoj i europskoj razini kako bi utvrdili podatke o:<\/p>\n<ul>\n<li>pote\u0161ko\u0107e u \u010ditanju i razumijevanju u razli\u010ditim zemljama,<\/li>\n<li>povijest postoje\u0107ih inicijativa,<\/li>\n<li>glumci pozicionirani i mobilizirani u ovom podru\u010dju.<\/li>\n<\/ul>\n<p><strong>Datum objave: <\/strong>rujan 2024.<\/p>\n<p>[\/et_pb_text][et_pb_button button_url=&#8221;https:\/\/text-it-easy.eu\/wp-content\/uploads\/2025\/04\/RO-Overview.pdf&#8221; url_new_window=&#8221;on&#8221; button_text=&#8221;Cite\u0219te&#8221; _builder_version=&#8221;4.27.0&#8243; _module_preset=&#8221;default&#8221; custom_button=&#8221;on&#8221; button_text_color=&#8221;#000000&#8243; button_bg_color=&#8221;#99FFCC&#8221; button_border_width=&#8221;0px&#8221; button_border_color=&#8221;RGBA(255,255,255,0)&#8221; button_border_radius=&#8221;100px&#8221; button_use_icon=&#8221;off&#8221; global_colors_info=&#8221;{}&#8221; button_bg_color__hover_enabled=&#8221;on|desktop&#8221; button_bg_color__hover=&#8221;#000000&#8243; button_bg_enable_color__hover=&#8221;on&#8221; button_text_color__hover_enabled=&#8221;on|hover&#8221; button_text_color__hover=&#8221;#99FFCC&#8221;][\/et_pb_button][\/et_pb_column][\/et_pb_row][et_pb_row column_structure=&#8221;1_3,2_3&#8243; _builder_version=&#8221;4.27.0&#8243; _module_preset=&#8221;default&#8221; global_colors_info=&#8221;{}&#8221;][et_pb_column type=&#8221;1_3&#8243; _builder_version=&#8221;4.27.0&#8243; _module_preset=&#8221;default&#8221; global_colors_info=&#8221;{}&#8221;][et_pb_image src=&#8221;@ET-DC@eyJkeW5hbWljIjp0cnVlLCJjb250ZW50IjoiY3VzdG9tX21ldGFfcHVibGljYXRpb25fdXJsXzIiLCJzZXR0aW5ncyI6eyJiZWZvcmUiOiIiLCJhZnRlciI6IiIsImVuYWJsZV9odG1sIjoib2ZmIn19@&#8221; _builder_version=&#8221;4.27.4&#8243; _dynamic_attributes=&#8221;src&#8221; _module_preset=&#8221;default&#8221; box_shadow_style=&#8221;preset1&#8243; global_colors_info=&#8221;{}&#8221;][\/et_pb_image][\/et_pb_column][et_pb_column type=&#8221;2_3&#8243; _builder_version=&#8221;4.27.0&#8243; _module_preset=&#8221;default&#8221; global_colors_info=&#8221;{}&#8221;][et_pb_text _builder_version=&#8221;4.27.4&#8243; _module_preset=&#8221;default&#8221; header_2_font=&#8221;&#8211;et_global_heading_font|&#8211;et_global_heading_font_weight|||||||&#8221; header_2_font_size=&#8221;1.88rem&#8221; header_2_line_height=&#8221;1.5em&#8221; global_colors_info=&#8221;{}&#8221;]<\/p>\n<h2>Ghid general pentru utilizarea limbajului clar de c\u0103tre formatori \u0219i profesioni\u0219ti<\/h2>\n<p>Ghidul de limbaj clar este un element fundamental \u00een elaborarea unei comunic\u0103ri accesibile, servind ca instrument esen\u021bial \u00een promovarea egalit\u0103\u021bii \u0219i incluziunii \u00een diverse domenii, \u00een special \u00een educa\u021bie \u0219i cultur\u0103. Acest ghid examineaz\u0103 limbajul clar prin prisma accesibilit\u0103\u021bii universale, subliniind rolul s\u0103u esen\u021bial \u00een asigurarea faptului c\u0103 toate persoanele, indiferent de nivelul lor de alfabetizare, mediu social sau abilit\u0103\u021bi, pot \u00een\u021belege \u0219i interac\u021biona \u00een mod eficient cu materialele scrise. <\/p>\n<p><strong>Datum objave: <\/strong>rujan 2024.<\/p>\n<p>[\/et_pb_text][et_pb_button button_url=&#8221;https:\/\/text-it-easy.eu\/wp-content\/uploads\/2025\/04\/RO-Guide.pdf&#8221; url_new_window=&#8221;on&#8221; button_text=&#8221;Cite\u0219te&#8221; _builder_version=&#8221;4.27.2&#8243; _module_preset=&#8221;default&#8221; custom_button=&#8221;on&#8221; button_text_color=&#8221;#000000&#8243; button_bg_color=&#8221;#99FFCC&#8221; button_border_width=&#8221;0px&#8221; button_border_color=&#8221;RGBA(255,255,255,0)&#8221; button_border_radius=&#8221;100px&#8221; button_use_icon=&#8221;off&#8221; global_colors_info=&#8221;{}&#8221; button_bg_color__hover_enabled=&#8221;on|desktop&#8221; button_bg_color__hover=&#8221;#000000&#8243; button_bg_enable_color__hover=&#8221;on&#8221; button_text_color__hover_enabled=&#8221;on|hover&#8221; button_text_color__hover=&#8221;#99FFCC&#8221;][\/et_pb_button][\/et_pb_column][\/et_pb_row][et_pb_row column_structure=&#8221;1_3,2_3&#8243; _builder_version=&#8221;4.27.0&#8243; _module_preset=&#8221;default&#8221; global_colors_info=&#8221;{}&#8221;][et_pb_column type=&#8221;1_3&#8243; _builder_version=&#8221;4.27.0&#8243; _module_preset=&#8221;default&#8221; global_colors_info=&#8221;{}&#8221;][et_pb_image src=&#8221;@ET-DC@eyJkeW5hbWljIjp0cnVlLCJjb250ZW50IjoiY3VzdG9tX21ldGFfcHVibGljYXRpb25fdXJsXzMiLCJzZXR0aW5ncyI6eyJiZWZvcmUiOiIiLCJhZnRlciI6IiIsImVuYWJsZV9odG1sIjoib2ZmIn19@&#8221; alt=&#8221;Guide Cover&#8221; title_text=&#8221;CoverTiE Good practices RO&#8221; _builder_version=&#8221;4.27.4&#8243; _dynamic_attributes=&#8221;src&#8221; _module_preset=&#8221;default&#8221; box_shadow_style=&#8221;preset1&#8243; global_colors_info=&#8221;{}&#8221;][\/et_pb_image][\/et_pb_column][et_pb_column type=&#8221;2_3&#8243; _builder_version=&#8221;4.27.0&#8243; _module_preset=&#8221;default&#8221; global_colors_info=&#8221;{}&#8221;][et_pb_text _builder_version=&#8221;4.27.4&#8243; _module_preset=&#8221;default&#8221; header_2_font=&#8221;&#8211;et_global_heading_font|&#8211;et_global_heading_font_weight|||||||&#8221; header_2_font_size=&#8221;1.88rem&#8221; header_2_line_height=&#8221;1.5em&#8221; global_colors_info=&#8221;{}&#8221;]<\/p>\n<h2>14 reguli ale limbajului simplu \u00eentr-un text specializat, profesional<\/h2>\n<p class=\"p1\">\u00cen acest document, prezent\u0103m principiile limbajului simplu, cu exemple de simplificare a textelor complexe. Este destinat tuturor celor care doresc s\u0103 comunice mai eficient \u0219i s\u0103 se asigure c\u0103 textele lor sunt accesibile unui public divers. <\/p>\n<p class=\"p1\">Vom aborda urm\u0103toarele subiecte:<\/p>\n<ul>\n<li class=\"p1\">Sfaturi privind con\u021binutul: cum s\u0103 alegi cuvintele potrivite \u0219i s\u0103-\u021bi structurezi ideile.<\/li>\n<li class=\"p1\">Sfaturi pentru formatare: cum s\u0103 formata\u021bi textul pentru o lizibilitate maxim\u0103.<\/li>\n<li class=\"p1\">Exemple: compara\u021bii \u00eenainte \u0219i dup\u0103 pentru a ar\u0103ta cum poate fi simplificat un text complex.<\/li>\n<\/ul>\n<p><strong>Datum objave: <\/strong>rujan 2024.<\/p>\n<p>[\/et_pb_text][et_pb_button button_url=&#8221;https:\/\/text-it-easy.eu\/wp-content\/uploads\/2025\/12\/TiE-Good-practices-RO.pdf&#8221; url_new_window=&#8221;on&#8221; button_text=&#8221;Cite\u0219te&#8221; _builder_version=&#8221;4.27.4&#8243; _module_preset=&#8221;default&#8221; custom_button=&#8221;on&#8221; button_text_color=&#8221;#000000&#8243; button_bg_color=&#8221;#99FFCC&#8221; button_border_width=&#8221;0px&#8221; button_border_color=&#8221;RGBA(255,255,255,0)&#8221; button_border_radius=&#8221;100px&#8221; button_use_icon=&#8221;off&#8221; global_colors_info=&#8221;{}&#8221; button_bg_color__hover_enabled=&#8221;on|desktop&#8221; button_bg_color__hover=&#8221;#000000&#8243; button_bg_enable_color__hover=&#8221;on&#8221; button_text_color__hover_enabled=&#8221;on|hover&#8221; button_text_color__hover=&#8221;#99FFCC&#8221;][\/et_pb_button][\/et_pb_column][\/et_pb_row][et_pb_row column_structure=&#8221;1_3,2_3&#8243; _builder_version=&#8221;4.27.0&#8243; _module_preset=&#8221;default&#8221; global_colors_info=&#8221;{}&#8221;][et_pb_column type=&#8221;1_3&#8243; _builder_version=&#8221;4.27.0&#8243; _module_preset=&#8221;default&#8221; global_colors_info=&#8221;{}&#8221;][et_pb_image src=&#8221;@ET-DC@eyJkeW5hbWljIjp0cnVlLCJjb250ZW50IjoiY3VzdG9tX21ldGFfcHVibGljYXRpb25fdXJsXzQiLCJzZXR0aW5ncyI6eyJiZWZvcmUiOiIiLCJhZnRlciI6IiIsImVuYWJsZV9odG1sIjoib2ZmIn19@&#8221; alt=&#8221;Cover Interviews Report&#8221; title_text=&#8221;Cover TiE Interviews Synthesis Report RO&#8221; _builder_version=&#8221;4.27.4&#8243; _dynamic_attributes=&#8221;src&#8221; _module_preset=&#8221;default&#8221; box_shadow_style=&#8221;preset1&#8243; global_colors_info=&#8221;{}&#8221;][\/et_pb_image][\/et_pb_column][et_pb_column type=&#8221;2_3&#8243; _builder_version=&#8221;4.27.0&#8243; _module_preset=&#8221;default&#8221; global_colors_info=&#8221;{}&#8221;][et_pb_text _builder_version=&#8221;4.27.4&#8243; _module_preset=&#8221;default&#8221; header_2_font=&#8221;&#8211;et_global_heading_font|&#8211;et_global_heading_font_weight|||||||&#8221; header_2_font_size=&#8221;1.88rem&#8221; header_2_line_height=&#8221;1.5em&#8221; global_colors_info=&#8221;{}&#8221;]<\/p>\n<h2>Raport de sintez\u0103 al interviurilor<\/h2>\n<p class=\"p1\">Acest document prezint\u0103 rezultatele consolidate ale interviurilor realizate de partenerii proiectului Text it Easy \u00een cadrul WP2 \u2013 Activitatea A3. Obiectivul acestei activit\u0103\u021bi a fost de a colecta informa\u021bii calitative de la profesioni\u0219ti, exper\u021bi \u0219i cursan\u021bi din domeniul educa\u021biei adul\u021bilor, comunic\u0103rii, accesibilit\u0103\u021bii \u0219i alfabetiz\u0103rii, pentru a \u00een\u021belege mai bine: <\/p>\n<ul>\n<li class=\"p1\">cuno\u0219tin\u021bele lor despre limbajul simplu \u0219i comunicarea clar\u0103<\/li>\n<li class=\"p1\">practicile \u0219i provoc\u0103rile actuale ale acestora<\/li>\n<li class=\"p1\">nevoile lor de formare \u0219i sprijin<\/li>\n<li class=\"p1\">percep\u021biile lor asupra publicului care se confrunt\u0103 cu dificult\u0103\u021bi de citire sau \u00een\u021belegere<\/li>\n<\/ul>\n<p class=\"p1\">Rezultatele vor ghida dezvoltarea curriculumului \u0219i a resurselor de formare ale proiectului, menite s\u0103 \u00eembun\u0103t\u0103\u021beasc\u0103 comunicarea clar\u0103 \u00een educa\u021bia adul\u021bilor \u0219i \u00een contextele profesionale.<\/p>\n<p><strong>Datum objave: <\/strong>rujan 2024.<\/p>\n<p>[\/et_pb_text][et_pb_button button_url=&#8221;https:\/\/text-it-easy.eu\/wp-content\/uploads\/2025\/11\/TiE-Interviews-Synthesis-Report-RO.pdf&#8221; url_new_window=&#8221;on&#8221; button_text=&#8221;Cite\u0219te&#8221; _builder_version=&#8221;4.27.4&#8243; _module_preset=&#8221;default&#8221; custom_button=&#8221;on&#8221; button_text_color=&#8221;#000000&#8243; button_bg_color=&#8221;#99FFCC&#8221; button_border_width=&#8221;0px&#8221; button_border_color=&#8221;RGBA(255,255,255,0)&#8221; button_border_radius=&#8221;100px&#8221; button_use_icon=&#8221;off&#8221; global_colors_info=&#8221;{}&#8221; button_bg_color__hover_enabled=&#8221;on|desktop&#8221; button_bg_color__hover=&#8221;#000000&#8243; button_bg_enable_color__hover=&#8221;on&#8221; button_text_color__hover_enabled=&#8221;on|hover&#8221; button_text_color__hover=&#8221;#99FFCC&#8221;][\/et_pb_button][\/et_pb_column][\/et_pb_row][et_pb_row column_structure=&#8221;1_3,2_3&#8243; _builder_version=&#8221;4.27.0&#8243; _module_preset=&#8221;default&#8221; global_colors_info=&#8221;{}&#8221;][et_pb_column type=&#8221;1_3&#8243; _builder_version=&#8221;4.27.0&#8243; _module_preset=&#8221;default&#8221; global_colors_info=&#8221;{}&#8221;][et_pb_image src=&#8221;@ET-DC@eyJkeW5hbWljIjp0cnVlLCJjb250ZW50IjoiY3VzdG9tX21ldGFfcHVibGljYXRpb25fdXJsXzUiLCJzZXR0aW5ncyI6eyJiZWZvcmUiOiIiLCJhZnRlciI6IiIsImVuYWJsZV9odG1sIjoib2ZmIn19@&#8221; alt=&#8221;Cover Interviews Report&#8221; title_text=&#8221;Cover TiE Interviews Synthesis Report RO&#8221; _builder_version=&#8221;4.27.4&#8243; _dynamic_attributes=&#8221;src&#8221; _module_preset=&#8221;default&#8221; box_shadow_style=&#8221;preset1&#8243; global_colors_info=&#8221;{}&#8221;][\/et_pb_image][\/et_pb_column][et_pb_column type=&#8221;2_3&#8243; _builder_version=&#8221;4.27.0&#8243; _module_preset=&#8221;default&#8221; global_colors_info=&#8221;{}&#8221;][et_pb_text _builder_version=&#8221;4.27.4&#8243; _module_preset=&#8221;default&#8221; header_2_font=&#8221;&#8211;et_global_heading_font|&#8211;et_global_heading_font_weight|||||||&#8221; header_2_font_size=&#8221;1.88rem&#8221; header_2_line_height=&#8221;1.5em&#8221; global_colors_info=&#8221;{}&#8221;]<\/p>\n<h2>Cadru metodologic \u0219i opera\u021bional pentru realizarea de con\u021binut \u00een limbaj clar \u00een contexte de \u00eenv\u0103\u021bare<\/h2>\n<p>Acest document prezint\u0103 un manual practic de referin\u021b\u0103 elaborat pentru a sprijini educatorii, formatorii \u0219i institu\u021biile \u00een crearea de materiale de \u00eenv\u0103\u021bare clare \u0219i accesibile. Acesta reune\u0219te principiile principale ale limbajului simplu, bazate pe standarde interna\u021bionale precum ISO 24495-1:2023, \u0219i le adapteaz\u0103 la educa\u021bia \u0219i formarea profesional\u0103.<br \/>Manualul ofer\u0103: <\/p>\n<ul>\n<li>conceptele cheie care trebuie \u00een\u021belese \u00eenainte de a scrie sau adapta con\u021binutul<\/li>\n<li>\u00eendrum\u0103ri privind alegerea structurii, formul\u0103rii \u0219i formatului adecvate (tip\u0103rite \u0219i digitale)<\/li>\n<li>recomand\u0103ri practice pentru producerea de texte clare \u0219i incluzive<\/li>\n<li>abord\u0103ri pentru evaluarea clarit\u0103\u021bii, inclusiv metode de notare \u0219i feedback din partea utilizatorilor.<\/li>\n<\/ul>\n<p>Manualul de referin\u021b\u0103 are scopul de a ajuta profesioni\u0219tii s\u0103 conceap\u0103 materiale pe care cursan\u021bii le pot g\u0103si, \u00een\u021belege \u0219i utiliza cu u\u0219urin\u021b\u0103.<\/p>\n<p class=\"p1\"><strong>Data public\u0103rii:<\/strong> mai 2025<\/p>\n<p>[\/et_pb_text][et_pb_button button_url=&#8221;https:\/\/text-it-easy.eu\/wp-content\/uploads\/2025\/12\/TiE-Reference-manual-RO.pdf&#8221; url_new_window=&#8221;on&#8221; button_text=&#8221;Cite\u0219te&#8221; _builder_version=&#8221;4.27.4&#8243; _module_preset=&#8221;default&#8221; custom_button=&#8221;on&#8221; button_text_color=&#8221;#000000&#8243; button_bg_color=&#8221;#99FFCC&#8221; button_border_width=&#8221;0px&#8221; button_border_color=&#8221;RGBA(255,255,255,0)&#8221; button_border_radius=&#8221;100px&#8221; button_use_icon=&#8221;off&#8221; global_colors_info=&#8221;{}&#8221; button_bg_color__hover_enabled=&#8221;on|desktop&#8221; button_bg_color__hover=&#8221;#000000&#8243; button_bg_enable_color__hover=&#8221;on&#8221; button_text_color__hover_enabled=&#8221;on|hover&#8221; button_text_color__hover=&#8221;#99FFCC&#8221;][\/et_pb_button][\/et_pb_column][\/et_pb_row][et_pb_row column_structure=&#8221;1_3,2_3&#8243; _builder_version=&#8221;4.27.0&#8243; _module_preset=&#8221;default&#8221; global_colors_info=&#8221;{}&#8221;][et_pb_column type=&#8221;1_3&#8243; _builder_version=&#8221;4.27.0&#8243; _module_preset=&#8221;default&#8221; global_colors_info=&#8221;{}&#8221;][et_pb_image src=&#8221;@ET-DC@eyJkeW5hbWljIjp0cnVlLCJjb250ZW50IjoiY3VzdG9tX21ldGFfcHVibGljYXRpb25fdXJsXzciLCJzZXR0aW5ncyI6eyJiZWZvcmUiOiIiLCJhZnRlciI6IiIsImVuYWJsZV9odG1sIjoib2ZmIn19@&#8221; alt=&#8221;Cover Interviews Report&#8221; title_text=&#8221;production-evaluation-guide_ro&#8221; _builder_version=&#8221;4.27.4&#8243; _module_preset=&#8221;default&#8221; hover_enabled=&#8221;0&#8243; box_shadow_style=&#8221;preset1&#8243; global_colors_info=&#8221;{}&#8221; _dynamic_attributes=&#8221;src&#8221; sticky_enabled=&#8221;0&#8243;][\/et_pb_image][\/et_pb_column][et_pb_column type=&#8221;2_3&#8243; _builder_version=&#8221;4.27.0&#8243; _module_preset=&#8221;default&#8221; global_colors_info=&#8221;{}&#8221;][et_pb_text _builder_version=&#8221;4.27.4&#8243; _module_preset=&#8221;default&#8221; header_2_font=&#8221;&#8211;et_global_heading_font|&#8211;et_global_heading_font_weight|||||||&#8221; header_2_font_size=&#8221;1.88rem&#8221; header_2_line_height=&#8221;1.5em&#8221; global_colors_info=&#8221;{}&#8221;]<\/p>\n<h1><strong>Ghid de evaluare a produc\u021biei \u00een limbaj simplu<\/strong><\/h1>\n<p>Acest ghid ajut\u0103 echipele de proiect s\u0103 testeze \u0219i s\u0103 \u00eembun\u0103t\u0103\u021beasc\u0103 resursele de \u00eenv\u0103\u021bare, astfel \u00eenc\u00e2t acestea s\u0103 fie:<\/p>\n<ul>\n<li>clare \u0219i u\u0219or de \u00een\u021beles<\/li>\n<li>accesibile (inclusiv pentru persoanele cu dizabilit\u0103\u021bi)<\/li>\n<li>utilizabile (persoanele s\u0103 poat\u0103 g\u0103si ceea ce au nevoie \u0219i s\u0103 \u00eendeplineasc\u0103 sarcinile)<\/li>\n<li class=\"p1\">potrivite pentru cursan\u021bii adul\u021bi (inclusiv pentru persoanele cu niveluri diferite de alfabetizare \u0219i medii lingvistice diferite)<\/li>\n<\/ul>\n<p class=\"p1\">Utiliza\u021bi-l pentru a evalua orice rezultat, cum ar fi unit\u0103\u021bi de \u00eenv\u0103\u021bare, fi\u0219e, PDF-uri, pagini web, diapozitive sau foi de lucru.<\/p>\n<p>.<\/p>\n<p class=\"p1\"><strong>Datum objave :<\/strong> rujan 2025<\/p>\n<p>[\/et_pb_text][et_pb_button button_url=&#8221;https:\/\/text-it-easy.eu\/wp-content\/uploads\/2026\/01\/Plain-language-production-evaluation-guide-WP3A2-RO.pdf&#8221; url_new_window=&#8221;on&#8221; button_text=&#8221;Cite\u0219te&#8221; _builder_version=&#8221;4.27.4&#8243; _module_preset=&#8221;default&#8221; custom_button=&#8221;on&#8221; button_text_color=&#8221;#000000&#8243; button_bg_color=&#8221;#99FFCC&#8221; button_border_width=&#8221;0px&#8221; button_border_color=&#8221;RGBA(255,255,255,0)&#8221; button_border_radius=&#8221;100px&#8221; button_use_icon=&#8221;off&#8221; global_colors_info=&#8221;{}&#8221; button_bg_color__hover_enabled=&#8221;on|desktop&#8221; button_bg_color__hover=&#8221;#000000&#8243; button_bg_enable_color__hover=&#8221;on&#8221; button_text_color__hover_enabled=&#8221;on|hover&#8221; button_text_color__hover=&#8221;#99FFCC&#8221;][\/et_pb_button][\/et_pb_column][\/et_pb_row][et_pb_row column_structure=&#8221;1_3,2_3&#8243; _builder_version=&#8221;4.27.0&#8243; _module_preset=&#8221;default&#8221; global_colors_info=&#8221;{}&#8221;][et_pb_column type=&#8221;1_3&#8243; _builder_version=&#8221;4.27.0&#8243; _module_preset=&#8221;default&#8221; global_colors_info=&#8221;{}&#8221;][et_pb_image src=&#8221;@ET-DC@eyJkeW5hbWljIjp0cnVlLCJjb250ZW50IjoiY3VzdG9tX21ldGFfcHVibGljYXRpb25fdXJsXzYiLCJzZXR0aW5ncyI6eyJiZWZvcmUiOiIiLCJhZnRlciI6IiIsImVuYWJsZV9odG1sIjoib2ZmIn19@&#8221; alt=&#8221;Cover Implementation Guide&#8221; title_text=&#8221;Cover_ImplementationGuide_RO&#8221; url_new_window=&#8221;on&#8221; _builder_version=&#8221;4.27.4&#8243; _dynamic_attributes=&#8221;src&#8221; _module_preset=&#8221;default&#8221; box_shadow_style=&#8221;preset1&#8243; global_colors_info=&#8221;{}&#8221;][\/et_pb_image][\/et_pb_column][et_pb_column type=&#8221;2_3&#8243; _builder_version=&#8221;4.27.0&#8243; _module_preset=&#8221;default&#8221; global_colors_info=&#8221;{}&#8221;][et_pb_text _builder_version=&#8221;4.27.4&#8243; _module_preset=&#8221;default&#8221; header_2_font=&#8221;&#8211;et_global_heading_font|&#8211;et_global_heading_font_weight|||||||&#8221; header_2_font_size=&#8221;1.88rem&#8221; header_2_line_height=&#8221;1.5em&#8221; global_colors_info=&#8221;{}&#8221;]<\/p>\n<h2><strong>Ghid de implementare pentru integrarea modulului e-learning \u201eText it Easy\u201d \u00een programele de formare profesional\u0103 VET<\/strong><\/h2>\n<p>Scopul acestui ghid este de a sprijini furnizorii de formare profesional\u0103 (VET) \u00een adoptarea \u0219i integrarea modulului e-learning \u201eText it Easy\u201d. Ghidul ofer\u0103 instruc\u021biuni practice \u0219i surse de inspira\u021bie pentru utilizarea modulului ca parte a form\u0103rii ini\u021biale sau continue a personalului, cu accent pe accesibilitate \u0219i limbaj clar. <\/p>\n<p class=\"p1\"><strong>\u0414\u0430\u0442\u0443\u043c \u043d\u0430 \u043e\u0431\u0458\u0430\u0432\u0443\u0432\u0430\u045a\u0435: <\/strong>\u043d\u043e\u0435\u043c\u0432\u0440\u0438 2025<\/p>\n<p>[\/et_pb_text][et_pb_button button_url=&#8221;https:\/\/text-it-easy.eu\/wp-content\/uploads\/2026\/01\/Implementation-guide-WP4A3-RO.pdf&#8221; url_new_window=&#8221;on&#8221; button_text=&#8221;Cite\u0219te&#8221; _builder_version=&#8221;4.27.4&#8243; _module_preset=&#8221;default&#8221; custom_button=&#8221;on&#8221; button_text_color=&#8221;#000000&#8243; button_bg_color=&#8221;#99FFCC&#8221; button_border_width=&#8221;0px&#8221; button_border_color=&#8221;RGBA(255,255,255,0)&#8221; button_border_radius=&#8221;100px&#8221; button_use_icon=&#8221;off&#8221; global_colors_info=&#8221;{}&#8221; button_bg_color__hover_enabled=&#8221;on|desktop&#8221; button_bg_color__hover=&#8221;#000000&#8243; button_bg_enable_color__hover=&#8221;on&#8221; button_text_color__hover_enabled=&#8221;on|hover&#8221; button_text_color__hover=&#8221;#99FFCC&#8221;][\/et_pb_button][\/et_pb_column][\/et_pb_row][\/et_pb_section]<\/p>\n","protected":false},"excerpt":{"rendered":"<p>Privire de ansamblu asupra contextului na\u021bional \u0219i european Cilj ove publikacije je procijeniti potrebe ciljanih skupina projekta Text it Easy. Partnerstvo je prikupilo informacije o stanju primjene jezika jednostavnog \u010ditanja u Francuskoj, Belgiji, Rumunjskoj, Hrvatskoj i Sjevernoj Makedoniji. Partneri su analizirali aktualna pitanja vezana uz jasno izra\u017eavanje na nacionalnoj i europskoj razini kako bi utvrdili [&hellip;]<\/p>\n","protected":false},"author":1,"featured_media":0,"parent":0,"menu_order":0,"comment_status":"closed","ping_status":"closed","template":"","meta":{"_acf_changed":false,"_et_pb_use_builder":"on","_et_pb_old_content":"","_et_gb_content_width":"","footnotes":""},"class_list":["post-668","page","type-page","status-publish","hentry"],"acf":[],"_links":{"self":[{"href":"https:\/\/text-it-easy.eu\/ro\/wp-json\/wp\/v2\/pages\/668","targetHints":{"allow":["GET"]}}],"collection":[{"href":"https:\/\/text-it-easy.eu\/ro\/wp-json\/wp\/v2\/pages"}],"about":[{"href":"https:\/\/text-it-easy.eu\/ro\/wp-json\/wp\/v2\/types\/page"}],"author":[{"embeddable":true,"href":"https:\/\/text-it-easy.eu\/ro\/wp-json\/wp\/v2\/users\/1"}],"replies":[{"embeddable":true,"href":"https:\/\/text-it-easy.eu\/ro\/wp-json\/wp\/v2\/comments?post=668"}],"version-history":[{"count":45,"href":"https:\/\/text-it-easy.eu\/ro\/wp-json\/wp\/v2\/pages\/668\/revisions"}],"predecessor-version":[{"id":3604,"href":"https:\/\/text-it-easy.eu\/ro\/wp-json\/wp\/v2\/pages\/668\/revisions\/3604"}],"wp:attachment":[{"href":"https:\/\/text-it-easy.eu\/ro\/wp-json\/wp\/v2\/media?parent=668"}],"curies":[{"name":"wp","href":"https:\/\/api.w.org\/{rel}","templated":true}]}}