{"id":1531,"date":"2024-07-17T17:03:13","date_gmt":"2024-07-17T15:03:13","guid":{"rendered":"https:\/\/text-it-easy.eu\/certificare\/"},"modified":"2025-12-15T15:33:00","modified_gmt":"2025-12-15T13:33:00","slug":"certificare","status":"publish","type":"page","link":"https:\/\/text-it-easy.eu\/ro\/certificare\/","title":{"rendered":"Certificare"},"content":{"rendered":"<p>[et_pb_section fb_built=&#8221;1&#8243; _builder_version=&#8221;4.26.1&#8243; _module_preset=&#8221;default&#8221; use_background_color_gradient=&#8221;on&#8221; background_color_gradient_direction=&#8221;90deg&#8221; background_color_gradient_stops=&#8221;#99ffcc 33%|#f7fcbe 99%&#8221; global_module=&#8221;145&#8243; saved_tabs=&#8221;all&#8221; global_colors_info=&#8221;{}&#8221;][et_pb_row _builder_version=&#8221;4.27.4&#8243; _module_preset=&#8221;f65e0117-e408-4718-808f-07fe51790640&#8243; global_colors_info=&#8221;{}&#8221;][et_pb_column type=&#8221;4_4&#8243; _builder_version=&#8221;4.26.1&#8243; _module_preset=&#8221;default&#8221; global_colors_info=&#8221;{}&#8221;][et_pb_post_title _builder_version=&#8221;4.27.4&#8243; _module_preset=&#8221;default&#8221; title_font=&#8221;&#8211;et_global_heading_font|700|||||||&#8221; title_font_size=&#8221;4rem&#8221; global_colors_info=&#8221;{}&#8221;][\/et_pb_post_title][\/et_pb_column][\/et_pb_row][\/et_pb_section][et_pb_section fb_built=&#8221;1&#8243; disabled_on=&#8221;off|off|off&#8221; _builder_version=&#8221;4.26.1&#8243; _module_preset=&#8221;default&#8221; locked=&#8221;off&#8221; global_colors_info=&#8221;{}&#8221;][et_pb_row column_structure=&#8221;2_5,3_5&#8243; disabled_on=&#8221;off|off|off&#8221; _builder_version=&#8221;4.27.4&#8243; _module_preset=&#8221;f65e0117-e408-4718-808f-07fe51790640&#8243; custom_margin=&#8221;||||false|false&#8221; border_width_bottom=&#8221;3px&#8221; border_color_bottom=&#8221;#99FFCC&#8221; global_colors_info=&#8221;{}&#8221;][et_pb_column type=&#8221;2_5&#8243; _builder_version=&#8221;4.26.1&#8243; _module_preset=&#8221;default&#8221; global_colors_info=&#8221;{}&#8221;][et_pb_text _builder_version=&#8221;4.27.4&#8243; _module_preset=&#8221;e3b64f60-d79c-4c35-ae75-4ac8df2cba20&#8243; header_2_font_size=&#8221;2.5rem&#8221; hover_enabled=&#8221;0&#8243; global_colors_info=&#8221;{}&#8221; header_2_line_height=&#8221;1.3em&#8221; sticky_enabled=&#8221;0&#8243;]<\/p>\n<h2>Modulul 1: \u00cen\u021belegerea conceptului de limbaj clar\/simplu<\/h2>\n<p>[\/et_pb_text][\/et_pb_column][et_pb_column type=&#8221;3_5&#8243; _builder_version=&#8221;4.26.1&#8243; _module_preset=&#8221;default&#8221; global_colors_info=&#8221;{}&#8221;][et_pb_text _builder_version=&#8221;4.27.4&#8243; _module_preset=&#8221;e3b64f60-d79c-4c35-ae75-4ac8df2cba20&#8243; max_width=&#8221;700px&#8221; global_colors_info=&#8221;{}&#8221;]<\/p>\n<p>G\u00e2nde\u0219te-te la ultima dat\u0103 c\u00e2nd ai citit ceva ce nu ai \u00een\u021beles deplin! Poate a fost un formular sau un e-mail cu con\u021binut complicat. Pentru mul\u021bi oameni, acest lucru nu este doar deranjant, ci este o barier\u0103 \u00een calea particip\u0103rii la via\u021ba de zi cu zi. Limbajul simplu ofer\u0103 posibilitatea rezolv\u0103rii a acestor situa\u021bii nepl\u0103cute. Nu este vorba doar despre simplificare. Este vorba despre a scrie astfel \u00eenc\u00e2t cititorii s\u0103 poat\u0103 g\u0103si informa\u021biile de care au nevoie, s\u0103 \u00een\u021beleag\u0103 \u0219i s\u0103 ac\u021bioneze \u00een consecin\u021b\u0103.     <\/p>\n<p>\u00cen primul modul, vom analiza ce \u00eenseamn\u0103 cu adev\u0103rat limbajul simplu. Vom vedea diferen\u021ba dintre acesta \u0219i formatul u\u0219or de citit \u0219i de \u00een\u021beles, de ce este important \u0219i cum se leag\u0103 de conceptele de incluziune \u0219i accesibilitate. Pe parcurs, vom analiza exemple reale, vom afla opinii ale speciali\u0219tilor \u00een domeniu \u0219i vom \u00eenv\u0103\u021ba principiile cheie care fac un text clar \u0219i utilizabil.  <\/p>\n<p>P\u00e2n\u0103 la finalul modulului, ve\u021bi avea o \u00een\u021belegere a conceptului de limbaj clar\/ simplu \u0219i a motivului pentru care scrierea clar\u0103 este o abilitate esen\u021bial\u0103 pentru oricine lucreaz\u0103 cu informa\u021bii, fie \u00een cadrul form\u0103rii profesionale, al serviciilor publice sau \u00een alte contexte profesionale.<\/p>\n<p>[\/et_pb_text][et_pb_button button_url=&#8221;\/ro\/certificare\/evaluare-initiala-inainte-de-modul\/?module=1&#8243; button_text=&#8221;\u00cencepe\u021bi modulul 1 (3 ore)&#8221; _builder_version=&#8221;4.27.4&#8243; _module_preset=&#8221;99024ec4-eac4-4c72-8c2b-a8aa24bb2bae&#8221; global_colors_info=&#8221;{}&#8221;][\/et_pb_button][\/et_pb_column][\/et_pb_row][et_pb_row column_structure=&#8221;2_5,3_5&#8243; disabled_on=&#8221;off|off|off&#8221; _builder_version=&#8221;4.27.4&#8243; _module_preset=&#8221;f65e0117-e408-4718-808f-07fe51790640&#8243; border_width_bottom=&#8221;3px&#8221; border_color_bottom=&#8221;#99FFCC&#8221; global_colors_info=&#8221;{}&#8221;][et_pb_column type=&#8221;2_5&#8243; _builder_version=&#8221;4.26.1&#8243; _module_preset=&#8221;default&#8221; global_colors_info=&#8221;{}&#8221;][et_pb_text _builder_version=&#8221;4.27.4&#8243; _module_preset=&#8221;e3b64f60-d79c-4c35-ae75-4ac8df2cba20&#8243; header_2_font_size=&#8221;2.5rem&#8221; header_2_line_height=&#8221;1.3em&#8221; custom_margin=&#8221;||||false|false&#8221; custom_padding=&#8221;||||false|false&#8221; hover_enabled=&#8221;0&#8243; global_colors_info=&#8221;{}&#8221; sticky_enabled=&#8221;0&#8243;]<\/p>\n<h2>Modulul 2: Aplicarea limbajului simplu<\/h2>\n<p>[\/et_pb_text][\/et_pb_column][et_pb_column type=&#8221;3_5&#8243; _builder_version=&#8221;4.26.1&#8243; _module_preset=&#8221;default&#8221; global_colors_info=&#8221;{}&#8221;][et_pb_text _builder_version=&#8221;4.27.4&#8243; _module_preset=&#8221;e3b64f60-d79c-4c35-ae75-4ac8df2cba20&#8243; max_width=&#8221;700px&#8221; custom_margin=&#8221;||||false|false&#8221; custom_padding=&#8221;||||false|false&#8221; global_colors_info=&#8221;{}&#8221;]<\/p>\n<p>Cunoa\u0219terea limbajului simplu nu te va ajuta dec\u00e2t p\u00e2n\u0103 la un anumit punct. Adev\u0103rata provocare const\u0103 \u00een punerea \u00een practic\u0103 a acestui concept. Scrierea clar\u0103, structurarea documentelor astfel \u00eenc\u00e2t s\u0103 fie u\u0219or de utilizat \u0219i adaptarea materialelor existente necesit\u0103 abilit\u0103\u021bi \u0219i practic\u0103. Acest modul se concentreaz\u0103 pe integrarea acestor abilit\u0103\u021bi \u00een munca ta zilnic\u0103.   <\/p>\n<p>Vom \u00eencepe cu elementele de baz\u0103 ale scrierii clare: propozi\u021bii scurte, cuvinte de zi cu zi, diateza activ\u0103 \u0219i structura logic\u0103. Apoi vom trece la partea de formatare: titlurile, spa\u021bierea, fonturile \u0219i elementele vizuale influen\u021beaz\u0103 modul \u00een care un cititor percepe un document, fie c\u0103 este pe h\u00e2rtie, pe ecran sau pe telefonul mobil. \u00cen cele din urm\u0103, vom \u00eenv\u0103\u021ba cum s\u0103 prelucr\u0103m un text complex. Pas cu pas, vom testa, adapta \u0219i rafina con\u021binutul pentru diferite contexte, cum ar fi formarea profesional\u0103, turismul \u0219i locul de munc\u0103.    <\/p>\n<p>P\u00e2n\u0103 la sf\u00e2r\u0219itul acestui modul, ve\u021bi putea aplica un limbaj simplu documentelor reale \u0219i le ve\u021bi face mai eficiente pentru persoanele care le utilizeaz\u0103.<\/p>\n<p>[\/et_pb_text][et_pb_button button_url=&#8221;\/ro\/certificare\/evaluare-initiala-inainte-de-modul\/?module=2&#8243; button_text=&#8221;\u00cencepe\u021bi modulul 2 (3 ore)&#8221; _builder_version=&#8221;4.27.4&#8243; _module_preset=&#8221;99024ec4-eac4-4c72-8c2b-a8aa24bb2bae&#8221; global_colors_info=&#8221;{}&#8221;][\/et_pb_button][\/et_pb_column][\/et_pb_row][et_pb_row column_structure=&#8221;2_5,3_5&#8243; disabled_on=&#8221;off|off|off&#8221; _builder_version=&#8221;4.27.4&#8243; _module_preset=&#8221;f65e0117-e408-4718-808f-07fe51790640&#8243; global_colors_info=&#8221;{}&#8221;][et_pb_column type=&#8221;2_5&#8243; _builder_version=&#8221;4.26.1&#8243; _module_preset=&#8221;default&#8221; global_colors_info=&#8221;{}&#8221;][et_pb_text _builder_version=&#8221;4.27.4&#8243; _module_preset=&#8221;e3b64f60-d79c-4c35-ae75-4ac8df2cba20&#8243; header_2_font_size=&#8221;2.5rem&#8221; header_2_line_height=&#8221;1.3em&#8221; custom_margin=&#8221;||||false|false&#8221; custom_padding=&#8221;||||false|false&#8221; global_colors_info=&#8221;{}&#8221;]<\/p>\n<h2>Modulul 3: Limbajul simplu \u00een practic\u0103<\/h2>\n<p>[\/et_pb_text][\/et_pb_column][et_pb_column type=&#8221;3_5&#8243; _builder_version=&#8221;4.26.1&#8243; _module_preset=&#8221;default&#8221; global_colors_info=&#8221;{}&#8221;][et_pb_text _builder_version=&#8221;4.27.4&#8243; _module_preset=&#8221;e3b64f60-d79c-4c35-ae75-4ac8df2cba20&#8243; max_width=&#8221;700px&#8221; custom_margin=&#8221;||||false|false&#8221; custom_padding=&#8221;||||false|false&#8221; global_colors_info=&#8221;{}&#8221;]<\/p>\n<p>Utilitatea limbajului simplu este evident\u0103 doar dac\u0103 devine parte a obiceiurilor cotidiene \u0219i a practicilor comune. Nu este vorba doar despre cum \u00ee\u021bi scrii propriile texte, ci \u0219i despre cum s\u0103 cre\u0219ti gradul de con\u0219tientizare, s\u00ee \u00eei instruie\u0219ti pe ceilal\u021bi \u0219i s\u0103 aduci claritate \u00een organiza\u021biile \u0219i sectoarele \u00een care comunicarea are impact. <\/p>\n<p>\u00cen acest modul vom studia cum s\u0103 cre\u0219tem gradul de con\u0219tientizare \u0219i cum s\u0103 \u00eei \u00eencuraj\u0103m pe ceilal\u021bi s\u0103 foloseasc\u0103 un limbaj simplu. Vom afla ce se \u00eent\u00e2mpl\u0103 atunci c\u00e2nd toat\u0103 lumea face un efort s\u0103 foloseasc\u0103 un limbaj clar, cum acest lucru creeaz\u0103 \u00eencredere \u0219i cum claritatea limbajului sus\u021bine diversitatea \u0219i incluziunea. <\/p>\n<p>Vom trece apoi la nivel organiza\u021bional. Vom vedea cum limbajul simplu poate fi integrat \u00een valori, politici \u0219i procese de lucru, de la integrare p\u00e2n\u0103 la leadership. De asemenea, ve\u021bi \u00eenv\u0103\u021ba cum s\u0103 m\u0103sura\u021bi impactul.<br \/>\u00cen cele din urm\u0103, ve\u021bi privi dincolo de propriul context. Limbajul simplu este acum o preocupare tot mai mare \u00een domeniul s\u0103n\u0103t\u0103\u021bii, al serviciilor publice, al pie\u021bii locurilor de munc\u0103, al culturii \u0219i al tehnologiei. Ve\u021bi explora exemple din \u00eentreaga Europ\u0103, ve\u021bi reflecta asupra provoc\u0103rilor legate de adaptarea textului \u0219i ve\u021bi descoperi instrumente care v\u0103 pot ajuta s\u0103 utiliza\u021bi limbajul simplu.    <\/p>\n<p>P\u00e2n\u0103 la sf\u00e2r\u0219itul acestui modul, ve\u021bi vedea cum folosirea limbajul simplu nu este doar o abilitate, ci o adev\u0103rat\u0103 reform\u0103, una la care pute\u021bi contribui prin propria practic\u0103 din domeniul profesional.<\/p>\n<p>[\/et_pb_text][et_pb_button button_url=&#8221;\/ro\/certificare\/evaluare-initiala-inainte-de-modul\/?module=3&#8243; button_text=&#8221;\u00cencepe\u021bi modulul 3 (3 ore)&#8221; _builder_version=&#8221;4.27.4&#8243; _module_preset=&#8221;99024ec4-eac4-4c72-8c2b-a8aa24bb2bae&#8221; global_colors_info=&#8221;{}&#8221;][\/et_pb_button][\/et_pb_column][\/et_pb_row][\/et_pb_section]<\/p>\n","protected":false},"excerpt":{"rendered":"<p>Modulul 1: \u00cen\u021belegerea conceptului de limbaj clar\/simpluG\u00e2nde\u0219te-te la ultima dat\u0103 c\u00e2nd ai citit ceva ce nu ai \u00een\u021beles deplin! Poate a fost un formular sau un e-mail cu con\u021binut complicat. Pentru mul\u021bi oameni, acest lucru nu este doar deranjant, ci este o barier\u0103 \u00een calea particip\u0103rii la via\u021ba de zi cu zi. Limbajul simplu ofer\u0103 [&hellip;]<\/p>\n","protected":false},"author":1,"featured_media":0,"parent":0,"menu_order":0,"comment_status":"closed","ping_status":"closed","template":"","meta":{"_acf_changed":false,"_et_pb_use_builder":"on","_et_pb_old_content":"","_et_gb_content_width":"","footnotes":""},"class_list":["post-1531","page","type-page","status-publish","hentry"],"acf":[],"_links":{"self":[{"href":"https:\/\/text-it-easy.eu\/ro\/wp-json\/wp\/v2\/pages\/1531","targetHints":{"allow":["GET"]}}],"collection":[{"href":"https:\/\/text-it-easy.eu\/ro\/wp-json\/wp\/v2\/pages"}],"about":[{"href":"https:\/\/text-it-easy.eu\/ro\/wp-json\/wp\/v2\/types\/page"}],"author":[{"embeddable":true,"href":"https:\/\/text-it-easy.eu\/ro\/wp-json\/wp\/v2\/users\/1"}],"replies":[{"embeddable":true,"href":"https:\/\/text-it-easy.eu\/ro\/wp-json\/wp\/v2\/comments?post=1531"}],"version-history":[{"count":8,"href":"https:\/\/text-it-easy.eu\/ro\/wp-json\/wp\/v2\/pages\/1531\/revisions"}],"predecessor-version":[{"id":2732,"href":"https:\/\/text-it-easy.eu\/ro\/wp-json\/wp\/v2\/pages\/1531\/revisions\/2732"}],"wp:attachment":[{"href":"https:\/\/text-it-easy.eu\/ro\/wp-json\/wp\/v2\/media?parent=1531"}],"curies":[{"name":"wp","href":"https:\/\/api.w.org\/{rel}","templated":true}]}}