{"id":1366,"date":"2024-07-17T15:00:03","date_gmt":"2024-07-17T13:00:03","guid":{"rendered":"https:\/\/text-it-easy.eu\/mentiuni-legale\/"},"modified":"2025-09-11T16:38:00","modified_gmt":"2025-09-11T14:38:00","slug":"mentiuni-legale","status":"publish","type":"page","link":"https:\/\/text-it-easy.eu\/ro\/mentiuni-legale\/","title":{"rendered":"Men\u021biuni legale"},"content":{"rendered":"\n<p>\u00cen conformitate cu prevederile articolelor 6-III \u0219i 19 din Legea francez\u0103 privind \u00eencrederea \u00een economia digital\u0103 (loi pour la Confiance dans l\u2019\u00c9conomie Num\u00e9rique), v\u0103 inform\u0103m c\u0103:<\/p>\n\n<h2 class=\"wp-block-heading\">G\u0103zduire<\/h2>\n\n<p>Infomaniak Network SA<br\/>Rue Eug\u00e8ne Marziano 25 \u2013 1227 Les Acacias \/ Geneva \u2013 ELVE\u021aIA<br\/>Tel.: <a href=\"tel:+41%2022%20820%2035%2044\" target=\"_blank\" rel=\"noreferrer noopener\">+41 22 820 35 44<\/a><br\/>Email: <a href=\"mailto:contact@infomaniak.com\" target=\"_blank\" rel=\"noreferrer noopener\">contact@infomaniak.com<\/a><br\/>Website: <a href=\"https:\/\/www.infomaniak.com\/\" target=\"_blank\" rel=\"noreferrer noopener\">https:\/\/www.infomaniak.com\/<\/a><\/p>\n\n<h2 class=\"wp-block-heading\">Editor<\/h2>\n\n<p>Acest site este publicat de Les Apprimeurs \u0219i parteneriatul proiectului Erasmus+ Text it Easy.<br\/>Informa\u021biile referitoare la responsabilul pentru publicare au fost transmise companiei de g\u0103zduire, \u00een conformitate cu legea. <\/p>\n\n<h2 class=\"wp-block-heading\">Proiectul Text it Easy<\/h2>\n\n<p>Acest proiect a fost finan\u021bat de Uniunea European\u0103.<br\/>Sprijinul Comisiei Europene pentru realizarea acestei publica\u021bii nu constituie o aprobare a con\u021binutului, care reflect\u0103 doar opiniile autorilor, iar Comisia nu poate fi considerat\u0103 responsabil\u0103 pentru nicio utilizare a informa\u021biilor con\u021binute aici. <\/p>\n\n<h2 class=\"wp-block-heading\">Date cu caracter personal<\/h2>\n\n<p>Datele colectate de acest site nu vor fi niciodat\u0103 v\u00e2ndute sau transmise unor ter\u021bi \u0219i vor fi folosite de noi cu maxim\u0103 discre\u021bie, numai \u00een scopul pentru care ne-au fost furnizate. \u00cen niciun caz, datele dumneavoastr\u0103 nu vor fi utilizate \u00een alt scop dec\u00e2t cel precizat clar la momentul furniz\u0103rii lor. <\/p>\n\n<p>Datele de conexiune (de ex. adresa IP, jurnalele de conexiune) pot fi colectate atunci c\u00e2nd vizita\u021bi acest site. Prin navigarea pe acest site, v\u0103 exprima\u021bi acordul de a ni le transmite. <\/p>\n\n<p>Datele pe care le trimite\u021bi explicit prin pagina de contact a acestui site, prin formulare, vor fi folosite doar pentru a r\u0103spunde solicit\u0103rii. Toate informa\u021biile trimise prin aceste formulare vor fi \u0219terse cel t\u00e2rziu la 3 ani dup\u0103 transmitere. <\/p>\n\n<p>De asemenea, adresa de email pe care o furniza\u021bi pentru a testa resursele noastre sau pentru a participa la proiectul Text it Easy pe pagina principal\u0103 a site-ului va fi folosit\u0103 doar pentru a v\u0103 trimite informa\u021bii despre proiectul \u00een desf\u0103\u0219urare. V\u0103 pute\u021bi dezabona oric\u00e2nd, trimi\u021b\u00e2nd un email la <a href=\"mailto:contact@lesapprimeurs.com\" target=\"_blank\" rel=\"noreferrer noopener\">contact@lesapprimeurs.com<\/a>. <\/p>\n\n<p>Datele transmise pe acest site sunt accesibile doar serviciilor interne relevante, \u0219i anume:<\/p>\n\n<ul class=\"wp-block-list\">\n<li>Pentru adrese IP, jurnale \u0219i toate datele de conexiune \u2013 doar administratorilor site-ului.<\/li>\n\n\n\n<li>Pentru emailurile transmise pentru lista \u201eAl\u0103tura\u021bi-v\u0103 nou\u0103\u201d \u2013 doar administratorilor site-ului.<\/li>\n\n\n\n<li>Pentru informa\u021biile transmise prin formularul de contact \u2013 doar partenerului relevant pentru limba selectat\u0103.<\/li>\n\n\n\n<li>Pentru orice \u00eentreb\u0103ri legate de protec\u021bia, securitatea \u0219i utilizarea datelor personale, v\u0103 rug\u0103m s\u0103 ne contacta\u021bi la adresa <a href=\"mailto:contact@lesapprimeurs.com\" target=\"_blank\" rel=\"noreferrer noopener\">contact@lesapprimeurs.com<\/a>.<\/li>\n<\/ul>\n\n<p>Ave\u021bi dreptul, \u00een orice moment, s\u0103 solicita\u021bi \u0219tergerea par\u021bial\u0103 sau total\u0103 a datelor personale care v\u0103 privesc, trimi\u021b\u00e2nd un email la <a rel=\"noreferrer noopener\" href=\"mailto:contact@lesapprimeurs.com\" target=\"_blank\">contact@lesapprimeurs.com<\/a>.<\/p>\n\n<p>Dac\u0103 r\u0103spunsul nostru nu este satisf\u0103c\u0103tor, pute\u021bi depune o pl\u00e2ngere la Comisia Na\u021bional\u0103 pentru Informatic\u0103 \u0219i Libert\u0103\u021bi (CNIL): <a rel=\"noreferrer noopener\" href=\"https:\/\/www.cnil.fr\/fr\/plaintes\" target=\"_blank\">https:\/\/www.cnil.fr\/fr\/plaintes<\/a>.<\/p>\n\n<p>Orice litigiu privind utilizarea acestui site va fi supus legisla\u021biei franceze. Vizitatorii site-ului recunosc \u0219i accept\u0103 jurisdic\u021bia exclusiv\u0103 a instan\u021belor competente ce \u021bin de Curtea de Apel din Paris (Cour d\u2019appel de Paris). <\/p>\n","protected":false},"excerpt":{"rendered":"<p>\u00cen conformitate cu prevederile articolelor 6-III \u0219i 19 din Legea francez\u0103 privind \u00eencrederea \u00een economia digital\u0103 (loi pour la Confiance dans l\u2019\u00c9conomie Num\u00e9rique), v\u0103 inform\u0103m c\u0103: G\u0103zduire Infomaniak Network SARue Eug\u00e8ne Marziano 25 \u2013 1227 Les Acacias \/ Geneva \u2013 ELVE\u021aIATel.: +41 22 820 35 44Email: contact@infomaniak.comWebsite: https:\/\/www.infomaniak.com\/ Editor Acest site este publicat de Les [&hellip;]<\/p>\n","protected":false},"author":1,"featured_media":0,"parent":0,"menu_order":0,"comment_status":"closed","ping_status":"closed","template":"","meta":{"_acf_changed":false,"_et_pb_use_builder":"off","_et_pb_old_content":"","_et_gb_content_width":"","footnotes":""},"class_list":["post-1366","page","type-page","status-publish","hentry"],"acf":[],"_links":{"self":[{"href":"https:\/\/text-it-easy.eu\/ro\/wp-json\/wp\/v2\/pages\/1366","targetHints":{"allow":["GET"]}}],"collection":[{"href":"https:\/\/text-it-easy.eu\/ro\/wp-json\/wp\/v2\/pages"}],"about":[{"href":"https:\/\/text-it-easy.eu\/ro\/wp-json\/wp\/v2\/types\/page"}],"author":[{"embeddable":true,"href":"https:\/\/text-it-easy.eu\/ro\/wp-json\/wp\/v2\/users\/1"}],"replies":[{"embeddable":true,"href":"https:\/\/text-it-easy.eu\/ro\/wp-json\/wp\/v2\/comments?post=1366"}],"version-history":[{"count":1,"href":"https:\/\/text-it-easy.eu\/ro\/wp-json\/wp\/v2\/pages\/1366\/revisions"}],"predecessor-version":[{"id":1367,"href":"https:\/\/text-it-easy.eu\/ro\/wp-json\/wp\/v2\/pages\/1366\/revisions\/1367"}],"wp:attachment":[{"href":"https:\/\/text-it-easy.eu\/ro\/wp-json\/wp\/v2\/media?parent=1366"}],"curies":[{"name":"wp","href":"https:\/\/api.w.org\/{rel}","templated":true}]}}