{"id":469,"date":"2024-07-16T15:57:34","date_gmt":"2024-07-16T14:57:34","guid":{"rendered":"https:\/\/text-it-easy.eu\/publikacije\/"},"modified":"2026-01-16T12:16:02","modified_gmt":"2026-01-16T11:16:02","slug":"publikacije","status":"publish","type":"page","link":"https:\/\/text-it-easy.eu\/hr\/publikacije\/","title":{"rendered":"Publikacije"},"content":{"rendered":"<p>[et_pb_section fb_built=&#8221;1&#8243; _builder_version=&#8221;4.26.1&#8243; _module_preset=&#8221;default&#8221; use_background_color_gradient=&#8221;on&#8221; background_color_gradient_direction=&#8221;90deg&#8221; background_color_gradient_stops=&#8221;#99ffcc 33%|#f7fcbe 99%&#8221; global_module=&#8221;145&#8243; saved_tabs=&#8221;all&#8221; global_colors_info=&#8221;{}&#8221;][et_pb_row _builder_version=&#8221;4.27.4&#8243; _module_preset=&#8221;f65e0117-e408-4718-808f-07fe51790640&#8243; global_colors_info=&#8221;{}&#8221;][et_pb_column type=&#8221;4_4&#8243; _builder_version=&#8221;4.26.1&#8243; _module_preset=&#8221;default&#8221; global_colors_info=&#8221;{}&#8221;][et_pb_post_title _builder_version=&#8221;4.27.4&#8243; _module_preset=&#8221;default&#8221; title_font=&#8221;&#8211;et_global_heading_font|700|||||||&#8221; title_font_size=&#8221;4rem&#8221; global_colors_info=&#8221;{}&#8221;][\/et_pb_post_title][\/et_pb_column][\/et_pb_row][\/et_pb_section][et_pb_section fb_built=&#8221;1&#8243; _builder_version=&#8221;4.26.1&#8243; _module_preset=&#8221;default&#8221; locked=&#8221;off&#8221; global_colors_info=&#8221;{}&#8221;][et_pb_row column_structure=&#8221;1_3,2_3&#8243; _builder_version=&#8221;4.27.0&#8243; _module_preset=&#8221;default&#8221; global_colors_info=&#8221;{}&#8221;][et_pb_column type=&#8221;1_3&#8243; _builder_version=&#8221;4.27.0&#8243; _module_preset=&#8221;default&#8221; global_colors_info=&#8221;{}&#8221;][et_pb_image src=&#8221;@ET-DC@eyJkeW5hbWljIjp0cnVlLCJjb250ZW50IjoiY3VzdG9tX21ldGFfcHVibGljYXRpb25fdXJsXzEiLCJzZXR0aW5ncyI6eyJiZWZvcmUiOiIiLCJhZnRlciI6IiIsImVuYWJsZV9odG1sIjoib2ZmIn19@&#8221; _builder_version=&#8221;4.27.4&#8243; _dynamic_attributes=&#8221;src&#8221; _module_preset=&#8221;default&#8221; background_color=&#8221;RGBA(255,255,255,0)&#8221; box_shadow_style=&#8221;preset1&#8243; global_colors_info=&#8221;{}&#8221;][\/et_pb_image][\/et_pb_column][et_pb_column type=&#8221;2_3&#8243; _builder_version=&#8221;4.27.0&#8243; _module_preset=&#8221;default&#8221; global_colors_info=&#8221;{}&#8221;][et_pb_text _builder_version=&#8221;4.27.4&#8243; _module_preset=&#8221;default&#8221; header_2_font=&#8221;&#8211;et_global_heading_font|&#8211;et_global_heading_font_weight|||||||&#8221; header_2_font_size=&#8221;1.88rem&#8221; header_2_line_height=&#8221;1.5em&#8221; global_colors_info=&#8221;{}&#8221;]<\/p>\n<h2>Pregled nacionalnog i europskog konteksta<\/h2>\n<p>Cilj ove publikacije je procijeniti potrebe ciljanih skupina projekta Text it Easy. Partnerstvo je prikupilo informacije o situaciji u vezi s jezikom jednostavnim za \u010ditanje u Francuskoj, Belgiji, Rumunjskoj, Hrvatskoj i Sjevernoj Makedoniji. <\/p>\n<p>Partneri su analizirali aktualna pitanja vezana uz jasno zakonodavstvo na nacionalnoj i europskoj razini kako bi utvrdili podatke o:<\/p>\n<ul>\n<li>pote\u0161ko\u0107e u \u010ditanju i razumijevanju u razli\u010ditim zemljama,<\/li>\n<li>povijest postoje\u0107ih inicijativa,<\/li>\n<li>glumci pozicionirani i mobilizirani u ovom podru\u010dju.<\/li>\n<\/ul>\n<p><strong>Datum objave: <\/strong>rujan 2024.<\/p>\n<p>[\/et_pb_text][et_pb_button button_url=&#8221;https:\/\/text-it-easy.eu\/wp-content\/uploads\/2024\/08\/Text-it-Easy_Overview-of-the-National-and-European-context_HR.pdf&#8221; url_new_window=&#8221;on&#8221; button_text=&#8221;\u010citaj&#8221; _builder_version=&#8221;4.27.0&#8243; _module_preset=&#8221;default&#8221; custom_button=&#8221;on&#8221; button_text_color=&#8221;#000000&#8243; button_bg_color=&#8221;#99FFCC&#8221; button_border_width=&#8221;0px&#8221; button_border_color=&#8221;RGBA(255,255,255,0)&#8221; button_border_radius=&#8221;100px&#8221; button_use_icon=&#8221;off&#8221; global_colors_info=&#8221;{}&#8221; button_bg_color__hover_enabled=&#8221;on|desktop&#8221; button_bg_color__hover=&#8221;#000000&#8243; button_bg_enable_color__hover=&#8221;on&#8221; button_text_color__hover_enabled=&#8221;on|hover&#8221; button_text_color__hover=&#8221;#99FFCC&#8221;][\/et_pb_button][\/et_pb_column][\/et_pb_row][et_pb_row column_structure=&#8221;1_3,2_3&#8243; _builder_version=&#8221;4.27.0&#8243; _module_preset=&#8221;default&#8221; global_colors_info=&#8221;{}&#8221;][et_pb_column type=&#8221;1_3&#8243; _builder_version=&#8221;4.27.0&#8243; _module_preset=&#8221;default&#8221; global_colors_info=&#8221;{}&#8221;][et_pb_image src=&#8221;@ET-DC@eyJkeW5hbWljIjp0cnVlLCJjb250ZW50IjoiY3VzdG9tX21ldGFfcHVibGljYXRpb25fdXJsXzIiLCJzZXR0aW5ncyI6eyJiZWZvcmUiOiIiLCJhZnRlciI6IiIsImVuYWJsZV9odG1sIjoib2ZmIn19@&#8221; _builder_version=&#8221;4.27.4&#8243; _dynamic_attributes=&#8221;src&#8221; _module_preset=&#8221;default&#8221; box_shadow_style=&#8221;preset1&#8243; global_colors_info=&#8221;{}&#8221;][\/et_pb_image][\/et_pb_column][et_pb_column type=&#8221;2_3&#8243; _builder_version=&#8221;4.27.0&#8243; _module_preset=&#8221;default&#8221; global_colors_info=&#8221;{}&#8221;][et_pb_text _builder_version=&#8221;4.27.4&#8243; _module_preset=&#8221;default&#8221; header_2_font=&#8221;&#8211;et_global_heading_font|&#8211;et_global_heading_font_weight|||||||&#8221; header_2_font_size=&#8221;1.88rem&#8221; header_2_line_height=&#8221;1.5em&#8221; global_colors_info=&#8221;{}&#8221;]<\/p>\n<h2>Pedago\u0161ki priru\u010dnik za nastavnike i stru\u010dnjake<\/h2>\n<p>Jasno izra\u017eavanje je temeljni element u stvaranju pristupa\u010dne komunikacije, slu\u017ee\u0107i kao klju\u010dni alat za promicanje jednakosti i uklju\u010divosti u razli\u010ditim podru\u010djima, osobito u obrazovanju i kulturi. Ovaj vodi\u010d promatra jasno izra\u017eavanje kroz prizmu univerzalne pristupa\u010dnosti, nagla\u0161avaju\u0107i njegovu klju\u010dnu ulogu u osiguravanju da svi pojedinci, bez obzira na razinu pismenosti, porijeklo ili sposobnosti, mogu u\u010dinkovito razumjeti i koristiti pisani materijal. <\/p>\n<p><strong>Datum objave: <\/strong>rujan 2024.<\/p>\n<p>[\/et_pb_text][et_pb_button button_url=&#8221;https:\/\/text-it-easy.eu\/wp-content\/uploads\/2024\/12\/HR-Guide.pdf&#8221; url_new_window=&#8221;on&#8221; button_text=&#8221;\u010citaj&#8221; _builder_version=&#8221;4.27.2&#8243; _module_preset=&#8221;default&#8221; custom_button=&#8221;on&#8221; button_text_color=&#8221;#000000&#8243; button_bg_color=&#8221;#99FFCC&#8221; button_border_width=&#8221;0px&#8221; button_border_color=&#8221;RGBA(255,255,255,0)&#8221; button_border_radius=&#8221;100px&#8221; button_use_icon=&#8221;off&#8221; global_colors_info=&#8221;{}&#8221; button_bg_color__hover_enabled=&#8221;on|desktop&#8221; button_bg_color__hover=&#8221;#000000&#8243; button_bg_enable_color__hover=&#8221;on&#8221; button_text_color__hover_enabled=&#8221;on|hover&#8221; button_text_color__hover=&#8221;#99FFCC&#8221;][\/et_pb_button][\/et_pb_column][\/et_pb_row][et_pb_row column_structure=&#8221;1_3,2_3&#8243; _builder_version=&#8221;4.27.0&#8243; _module_preset=&#8221;default&#8221; global_colors_info=&#8221;{}&#8221;][et_pb_column type=&#8221;1_3&#8243; _builder_version=&#8221;4.27.0&#8243; _module_preset=&#8221;default&#8221; global_colors_info=&#8221;{}&#8221;][et_pb_image src=&#8221;@ET-DC@eyJkeW5hbWljIjp0cnVlLCJjb250ZW50IjoiY3VzdG9tX21ldGFfcHVibGljYXRpb25fdXJsXzMiLCJzZXR0aW5ncyI6eyJiZWZvcmUiOiIiLCJhZnRlciI6IiIsImVuYWJsZV9odG1sIjoib2ZmIn19@&#8221; alt=&#8221;Guide Cover&#8221; title_text=&#8221;CoverTiE Good practices HR&#8221; _builder_version=&#8221;4.27.4&#8243; _dynamic_attributes=&#8221;src&#8221; _module_preset=&#8221;default&#8221; box_shadow_style=&#8221;preset1&#8243; global_colors_info=&#8221;{}&#8221;][\/et_pb_image][\/et_pb_column][et_pb_column type=&#8221;2_3&#8243; _builder_version=&#8221;4.27.0&#8243; _module_preset=&#8221;default&#8221; global_colors_info=&#8221;{}&#8221;][et_pb_text _builder_version=&#8221;4.27.4&#8243; _module_preset=&#8221;default&#8221; header_2_font=&#8221;&#8211;et_global_heading_font|&#8211;et_global_heading_font_weight|||||||&#8221; header_2_font_size=&#8221;1.88rem&#8221; header_2_line_height=&#8221;1.5em&#8221; global_colors_info=&#8221;{}&#8221;]<\/p>\n<h2>14 pravila jednostavnog jezika u specijaliziranom, profesionalnom tekstu<\/h2>\n<p class=\"p1\">U ovom dokumentu iznosimo principe jednostavnog jezika, uz primjere kako pojednostaviti slo\u017eene tekstove. Namijenjen je svima koji \u017eele u\u010dinkovitije komunicirati i osigurati da je njihovo pisanje pristupa\u010dno raznolikoj publici. <\/p>\n<p class=\"p1\">Pokrit \u0107emo:<\/p>\n<ul>\n<li class=\"p1\">Savjeti za sadr\u017eaj: kako odabrati prave rije\u010di i strukturirati svoje ideje.<\/li>\n<li class=\"p1\">Savjeti za formatiranje: kako formatirati tekst za maksimalnu \u010ditljivost.<\/li>\n<li class=\"p1\">Primjeri: usporedbe prije i poslije kako pokazati kako se slo\u017een tekst mo\u017ee pojednostaviti.<\/li>\n<\/ul>\n<p><strong>Datum objave: <\/strong>rujan 2024.<\/p>\n<p>[\/et_pb_text][et_pb_button button_url=&#8221;https:\/\/text-it-easy.eu\/wp-content\/uploads\/2025\/11\/TiE-Good-practices-HR.pdf&#8221; url_new_window=&#8221;on&#8221; button_text=&#8221;\u010citaj&#8221; _builder_version=&#8221;4.27.4&#8243; _module_preset=&#8221;default&#8221; custom_button=&#8221;on&#8221; button_text_color=&#8221;#000000&#8243; button_bg_color=&#8221;#99FFCC&#8221; button_border_width=&#8221;0px&#8221; button_border_color=&#8221;RGBA(255,255,255,0)&#8221; button_border_radius=&#8221;100px&#8221; button_use_icon=&#8221;off&#8221; global_colors_info=&#8221;{}&#8221; button_bg_color__hover_enabled=&#8221;on|desktop&#8221; button_bg_color__hover=&#8221;#000000&#8243; button_bg_enable_color__hover=&#8221;on&#8221; button_text_color__hover_enabled=&#8221;on|hover&#8221; button_text_color__hover=&#8221;#99FFCC&#8221;][\/et_pb_button][\/et_pb_column][\/et_pb_row][et_pb_row column_structure=&#8221;1_3,2_3&#8243; _builder_version=&#8221;4.27.0&#8243; _module_preset=&#8221;default&#8221; global_colors_info=&#8221;{}&#8221;][et_pb_column type=&#8221;1_3&#8243; _builder_version=&#8221;4.27.0&#8243; _module_preset=&#8221;default&#8221; global_colors_info=&#8221;{}&#8221;][et_pb_image src=&#8221;@ET-DC@eyJkeW5hbWljIjp0cnVlLCJjb250ZW50IjoiY3VzdG9tX21ldGFfcHVibGljYXRpb25fdXJsXzQiLCJzZXR0aW5ncyI6eyJiZWZvcmUiOiIiLCJhZnRlciI6IiIsImVuYWJsZV9odG1sIjoib2ZmIn19@&#8221; alt=&#8221;Cover Interviews Report&#8221; title_text=&#8221;Cover TiE Interviews Synthesis Report HR&#8221; _builder_version=&#8221;4.27.4&#8243; _dynamic_attributes=&#8221;src&#8221; _module_preset=&#8221;default&#8221; box_shadow_style=&#8221;preset1&#8243; global_colors_info=&#8221;{}&#8221;][\/et_pb_image][\/et_pb_column][et_pb_column type=&#8221;2_3&#8243; _builder_version=&#8221;4.27.0&#8243; _module_preset=&#8221;default&#8221; global_colors_info=&#8221;{}&#8221;][et_pb_text _builder_version=&#8221;4.27.4&#8243; _module_preset=&#8221;default&#8221; header_2_font=&#8221;&#8211;et_global_heading_font|&#8211;et_global_heading_font_weight|||||||&#8221; header_2_font_size=&#8221;1.88rem&#8221; header_2_line_height=&#8221;1.5em&#8221; global_colors_info=&#8221;{}&#8221;]<\/p>\n<h2>Sinteza intervjua<\/h2>\n<p class=\"p1\">Ovaj dokument predstavlja konsolidirane rezultate intervjua koje su proveli partneri projekta Text it Easy u sklopu WP2 \u2013 aktivnosti A3. Cilj ove aktivnosti bio je prikupiti kvalitativne uvide od stru\u010dnjaka, eksperata i polaznika iz podru\u010dja obrazovanja odraslih, komunikacije, pristupa\u010dnosti i pismenosti kako bi se bolje razumjelo: <\/p>\n<ul>\n<li class=\"p1\">njihovo znanje jednostavnog jezika i jasne komunikacije<\/li>\n<li class=\"p1\">njihove trenutne prakse i izazovi<\/li>\n<li class=\"p1\">njihove potrebe za obukom i podr\u0161kom<\/li>\n<li class=\"p1\">njihove percepcije publike koja se suo\u010dava s pote\u0161ko\u0107ama u \u010ditanju ili razumijevanju<\/li>\n<\/ul>\n<p class=\"p1\">Rezultati \u0107e usmjeriti razvoj kurikuluma i resursa za obuku u sklopu projekta, s ciljem pobolj\u0161anja jasne komunikacije u obrazovanju odraslih i profesionalnim kontekstima.<\/p>\n<p><strong>Datum objave: <\/strong>rujan 2024.<\/p>\n<p>[\/et_pb_text][et_pb_button button_url=&#8221;https:\/\/text-it-easy.eu\/wp-content\/uploads\/2025\/11\/TiE-Interviews-Synthesis-Report-HR.pdf&#8221; url_new_window=&#8221;on&#8221; button_text=&#8221;\u010citaj&#8221; _builder_version=&#8221;4.27.4&#8243; _module_preset=&#8221;default&#8221; custom_button=&#8221;on&#8221; button_text_color=&#8221;#000000&#8243; button_bg_color=&#8221;#99FFCC&#8221; button_border_width=&#8221;0px&#8221; button_border_color=&#8221;RGBA(255,255,255,0)&#8221; button_border_radius=&#8221;100px&#8221; button_use_icon=&#8221;off&#8221; global_colors_info=&#8221;{}&#8221; button_bg_color__hover_enabled=&#8221;on|desktop&#8221; button_bg_color__hover=&#8221;#000000&#8243; button_bg_enable_color__hover=&#8221;on&#8221; button_text_color__hover_enabled=&#8221;on|hover&#8221; button_text_color__hover=&#8221;#99FFCC&#8221;][\/et_pb_button][\/et_pb_column][\/et_pb_row][et_pb_row column_structure=&#8221;1_3,2_3&#8243; _builder_version=&#8221;4.27.0&#8243; _module_preset=&#8221;default&#8221; global_colors_info=&#8221;{}&#8221;][et_pb_column type=&#8221;1_3&#8243; _builder_version=&#8221;4.27.0&#8243; _module_preset=&#8221;default&#8221; global_colors_info=&#8221;{}&#8221;][et_pb_image src=&#8221;@ET-DC@eyJkeW5hbWljIjp0cnVlLCJjb250ZW50IjoiY3VzdG9tX21ldGFfcHVibGljYXRpb25fdXJsXzUiLCJzZXR0aW5ncyI6eyJiZWZvcmUiOiIiLCJhZnRlciI6IiIsImVuYWJsZV9odG1sIjoib2ZmIn19@&#8221; alt=&#8221;Cover Interviews Report&#8221; title_text=&#8221;Cover TiE Interviews Synthesis Report HR&#8221; _builder_version=&#8221;4.27.4&#8243; _dynamic_attributes=&#8221;src&#8221; _module_preset=&#8221;default&#8221; box_shadow_style=&#8221;preset1&#8243; global_colors_info=&#8221;{}&#8221;][\/et_pb_image][\/et_pb_column][et_pb_column type=&#8221;2_3&#8243; _builder_version=&#8221;4.27.0&#8243; _module_preset=&#8221;default&#8221; global_colors_info=&#8221;{}&#8221;][et_pb_text _builder_version=&#8221;4.27.4&#8243; _module_preset=&#8221;default&#8221; header_2_font=&#8221;&#8211;et_global_heading_font|&#8211;et_global_heading_font_weight|||||||&#8221; header_2_font_size=&#8221;1.88rem&#8221; header_2_line_height=&#8221;1.5em&#8221; global_colors_info=&#8221;{}&#8221;]<\/p>\n<h2>Metodologija i operativni okvir za pisanje tekstova na jasnom jeziku u obrazovnom kontekstu<\/h2>\n<p>Ovaj dokument predstavlja prakti\u010dni priru\u010dnik razvijen kao podr\u0161ka odgojiteljima, trenerima i institucijama u izradi jasnih i pristupa\u010dnih nastavnih materijala. U njemu su objedinjeni glavni principi jednostavnog jezika, temeljeni na me\u0111unarodnim standardima kao \u0161to je ISO 24495-1:2023, te su prilago\u0111eni strukovnom obrazovanju i osposobljavanju.<br \/>Priru\u010dnik pru\u017ea: <\/p>\n<ul>\n<li>klju\u010dne koncepte koje treba razumjeti prije pisanja ili prilagodbe sadr\u017eaja<\/li>\n<li>smjernice za odabir odgovaraju\u0107e strukture, formulacije i formata (tiskanog i digitalnog)<\/li>\n<li>prakti\u010dne preporuke za izradu jasnih i uklju\u010divih tekstova<\/li>\n<li>pristupe za procjenu jasno\u0107e, uklju\u010duju\u0107i metode bodovanja i povratne informacije korisnika<\/li>\n<\/ul>\n<p>Referentni priru\u010dnik ima za cilj pomo\u0107i stru\u010dnjacima u izradi materijala koje u\u010denici mogu lako prona\u0107i, razumjeti i koristiti.<\/p>\n<p class=\"p1\"><strong>Datum objave:<\/strong> svibanj 2025.<\/p>\n<p>[\/et_pb_text][et_pb_button button_url=&#8221;https:\/\/text-it-easy.eu\/wp-content\/uploads\/2025\/12\/TiE-Reference-manual-HR.pdf&#8221; url_new_window=&#8221;on&#8221; button_text=&#8221;\u010citaj&#8221; _builder_version=&#8221;4.27.4&#8243; _module_preset=&#8221;default&#8221; custom_button=&#8221;on&#8221; button_text_color=&#8221;#000000&#8243; button_bg_color=&#8221;#99FFCC&#8221; button_border_width=&#8221;0px&#8221; button_border_color=&#8221;RGBA(255,255,255,0)&#8221; button_border_radius=&#8221;100px&#8221; button_use_icon=&#8221;off&#8221; global_colors_info=&#8221;{}&#8221; button_bg_color__hover_enabled=&#8221;on|desktop&#8221; button_bg_color__hover=&#8221;#000000&#8243; button_bg_enable_color__hover=&#8221;on&#8221; button_text_color__hover_enabled=&#8221;on|hover&#8221; button_text_color__hover=&#8221;#99FFCC&#8221;][\/et_pb_button][\/et_pb_column][\/et_pb_row][et_pb_row column_structure=&#8221;1_3,2_3&#8243; _builder_version=&#8221;4.27.0&#8243; _module_preset=&#8221;default&#8221; global_colors_info=&#8221;{}&#8221;][et_pb_column type=&#8221;1_3&#8243; _builder_version=&#8221;4.27.0&#8243; _module_preset=&#8221;default&#8221; global_colors_info=&#8221;{}&#8221;][et_pb_image src=&#8221;@ET-DC@eyJkeW5hbWljIjp0cnVlLCJjb250ZW50IjoiY3VzdG9tX21ldGFfcHVibGljYXRpb25fdXJsXzciLCJzZXR0aW5ncyI6eyJiZWZvcmUiOiIiLCJhZnRlciI6IiIsImVuYWJsZV9odG1sIjoib2ZmIn19@&#8221; alt=&#8221;Cover Interviews Report&#8221; title_text=&#8221;production-evaluation-guide_hr&#8221; _builder_version=&#8221;4.27.4&#8243; _module_preset=&#8221;default&#8221; hover_enabled=&#8221;0&#8243; box_shadow_style=&#8221;preset1&#8243; global_colors_info=&#8221;{}&#8221; _dynamic_attributes=&#8221;src&#8221; sticky_enabled=&#8221;0&#8243;][\/et_pb_image][\/et_pb_column][et_pb_column type=&#8221;2_3&#8243; _builder_version=&#8221;4.27.0&#8243; _module_preset=&#8221;default&#8221; global_colors_info=&#8221;{}&#8221;][et_pb_text _builder_version=&#8221;4.27.4&#8243; _module_preset=&#8221;default&#8221; header_2_font=&#8221;&#8211;et_global_heading_font|&#8211;et_global_heading_font_weight|||||||&#8221; header_2_font_size=&#8221;1.88rem&#8221; header_2_line_height=&#8221;1.5em&#8221; global_colors_info=&#8221;{}&#8221;]<\/p>\n<h1><strong>Vodi\u010d za procjenu produkcije jednostavnim jezikom<\/strong><\/h1>\n<p>Ovaj vodi\u010d poma\u017ee projektnim timovima testirati i pobolj\u0161ati resurse za u\u010denje kako bi bili:<\/p>\n<ul>\n<li>jasni i jednostavni za razumijevanje<\/li>\n<li>pristupa\u010dni (uklju\u010duju\u0107i i za osobe s invaliditetom)<\/li>\n<li>upotrebljivi (ljudi mogu prona\u0107i ono \u0161to im treba i obaviti zadatke)<\/li>\n<li class=\"p1\">prikladni za odrasle polaznike (uklju\u010duju\u0107i osobe s razli\u010ditim razinama pismenosti i jezi\u010dnom pozadinom)<\/li>\n<\/ul>\n<p class=\"p1\">Koristite ga za ocjenjivanje bilo kojeg izlaza, kao \u0161to su nastavne cjeline, letci, PDF-ovi, web-stranice, slajdovi ili radni listovi.<\/p>\n<p>.<\/p>\n<p class=\"p1\"><strong>Datum objave:<\/strong> rujan 2025<\/p>\n<p>[\/et_pb_text][et_pb_button button_url=&#8221;https:\/\/text-it-easy.eu\/wp-content\/uploads\/2026\/01\/Plain-language-production-evaluation-guide-WP3A2-HR.pdf&#8221; url_new_window=&#8221;on&#8221; button_text=&#8221;\u010citaj&#8221; _builder_version=&#8221;4.27.4&#8243; _module_preset=&#8221;default&#8221; custom_button=&#8221;on&#8221; button_text_color=&#8221;#000000&#8243; button_bg_color=&#8221;#99FFCC&#8221; button_border_width=&#8221;0px&#8221; button_border_color=&#8221;RGBA(255,255,255,0)&#8221; button_border_radius=&#8221;100px&#8221; button_use_icon=&#8221;off&#8221; global_colors_info=&#8221;{}&#8221; button_bg_color__hover_enabled=&#8221;on|desktop&#8221; button_bg_color__hover=&#8221;#000000&#8243; button_bg_enable_color__hover=&#8221;on&#8221; button_text_color__hover_enabled=&#8221;on|hover&#8221; button_text_color__hover=&#8221;#99FFCC&#8221;][\/et_pb_button][\/et_pb_column][\/et_pb_row][et_pb_row column_structure=&#8221;1_3,2_3&#8243; _builder_version=&#8221;4.27.0&#8243; _module_preset=&#8221;default&#8221; global_colors_info=&#8221;{}&#8221;][et_pb_column type=&#8221;1_3&#8243; _builder_version=&#8221;4.27.0&#8243; _module_preset=&#8221;default&#8221; global_colors_info=&#8221;{}&#8221;][et_pb_image src=&#8221;@ET-DC@eyJkeW5hbWljIjp0cnVlLCJjb250ZW50IjoiY3VzdG9tX21ldGFfcHVibGljYXRpb25fdXJsXzYiLCJzZXR0aW5ncyI6eyJiZWZvcmUiOiIiLCJhZnRlciI6IiIsImVuYWJsZV9odG1sIjoib2ZmIn19@&#8221; alt=&#8221;Cover Implementation Guide&#8221; title_text=&#8221;Cover_ImplementationGuide_HR&#8221; url_new_window=&#8221;on&#8221; _builder_version=&#8221;4.27.4&#8243; _dynamic_attributes=&#8221;src&#8221; _module_preset=&#8221;default&#8221; box_shadow_style=&#8221;preset1&#8243; global_colors_info=&#8221;{}&#8221;][\/et_pb_image][\/et_pb_column][et_pb_column type=&#8221;2_3&#8243; _builder_version=&#8221;4.27.0&#8243; _module_preset=&#8221;default&#8221; global_colors_info=&#8221;{}&#8221;][et_pb_text _builder_version=&#8221;4.27.4&#8243; _module_preset=&#8221;default&#8221; header_2_font=&#8221;&#8211;et_global_heading_font|&#8211;et_global_heading_font_weight|||||||&#8221; header_2_font_size=&#8221;1.88rem&#8221; header_2_line_height=&#8221;1.5em&#8221; global_colors_info=&#8221;{}&#8221;]<\/p>\n<h2><strong>Vodi\u010d za implementaciju integracije e-u\u010denja &#8220;Text it Easy&#8221; u programe stru\u010dnog obrazovanja i osposobljavanja<\/strong><\/h2>\n<p>Svrha vodi\u010da je podr\u017eati pru\u017eatelje VET-a u usvajanju i integraciji e-u\u010denja &#8220;Text it Easy&#8221;. Vodi\u010d pru\u017ea prakti\u010dne upute i inspiraciju za kori\u0161tenje modula kao dijela po\u010detnog ili kontinuiranog stru\u010dnog usavr\u0161avanja, s naglaskom na pristupa\u010dnost i jednostavan jezik. <\/p>\n<p class=\"p1\"><strong>Datum objave: <\/strong>Studeni 2025<\/p>\n<p>[\/et_pb_text][et_pb_button button_url=&#8221;https:\/\/text-it-easy.eu\/wp-content\/uploads\/2026\/01\/Implementation-guide-WP4A3-HR.pdf&#8221; url_new_window=&#8221;on&#8221; button_text=&#8221;\u010citaj&#8221; _builder_version=&#8221;4.27.4&#8243; _module_preset=&#8221;default&#8221; custom_button=&#8221;on&#8221; button_text_color=&#8221;#000000&#8243; button_bg_color=&#8221;#99FFCC&#8221; button_border_width=&#8221;0px&#8221; button_border_color=&#8221;RGBA(255,255,255,0)&#8221; button_border_radius=&#8221;100px&#8221; button_use_icon=&#8221;off&#8221; global_colors_info=&#8221;{}&#8221; button_bg_color__hover_enabled=&#8221;on|desktop&#8221; button_bg_color__hover=&#8221;#000000&#8243; button_bg_enable_color__hover=&#8221;on&#8221; button_text_color__hover_enabled=&#8221;on|hover&#8221; button_text_color__hover=&#8221;#99FFCC&#8221;][\/et_pb_button][\/et_pb_column][\/et_pb_row][\/et_pb_section]<\/p>\n","protected":false},"excerpt":{"rendered":"<p>Pregled nacionalnog i europskog konteksta Cilj ove publikacije je procijeniti potrebe ciljanih skupina projekta Text it Easy. Partnerstvo je prikupilo informacije o situaciji u vezi s jezikom jednostavnim za \u010ditanje u Francuskoj, Belgiji, Rumunjskoj, Hrvatskoj i Sjevernoj Makedoniji. Partneri su analizirali aktualna pitanja vezana uz jasno zakonodavstvo na nacionalnoj i europskoj razini kako bi utvrdili [&hellip;]<\/p>\n","protected":false},"author":1,"featured_media":0,"parent":0,"menu_order":0,"comment_status":"closed","ping_status":"closed","template":"","meta":{"_acf_changed":false,"_et_pb_use_builder":"on","_et_pb_old_content":"","_et_gb_content_width":"","footnotes":""},"class_list":["post-469","page","type-page","status-publish","hentry"],"acf":[],"_links":{"self":[{"href":"https:\/\/text-it-easy.eu\/hr\/wp-json\/wp\/v2\/pages\/469","targetHints":{"allow":["GET"]}}],"collection":[{"href":"https:\/\/text-it-easy.eu\/hr\/wp-json\/wp\/v2\/pages"}],"about":[{"href":"https:\/\/text-it-easy.eu\/hr\/wp-json\/wp\/v2\/types\/page"}],"author":[{"embeddable":true,"href":"https:\/\/text-it-easy.eu\/hr\/wp-json\/wp\/v2\/users\/1"}],"replies":[{"embeddable":true,"href":"https:\/\/text-it-easy.eu\/hr\/wp-json\/wp\/v2\/comments?post=469"}],"version-history":[{"count":42,"href":"https:\/\/text-it-easy.eu\/hr\/wp-json\/wp\/v2\/pages\/469\/revisions"}],"predecessor-version":[{"id":3548,"href":"https:\/\/text-it-easy.eu\/hr\/wp-json\/wp\/v2\/pages\/469\/revisions\/3548"}],"wp:attachment":[{"href":"https:\/\/text-it-easy.eu\/hr\/wp-json\/wp\/v2\/media?parent=469"}],"curies":[{"name":"wp","href":"https:\/\/api.w.org\/{rel}","templated":true}]}}