{"id":1829,"date":"2024-07-17T17:03:13","date_gmt":"2024-07-17T15:03:13","guid":{"rendered":"https:\/\/text-it-easy.eu\/steknite-certifikat\/"},"modified":"2025-12-15T15:27:25","modified_gmt":"2025-12-15T13:27:25","slug":"steknite-certifikat","status":"publish","type":"page","link":"https:\/\/text-it-easy.eu\/hr\/steknite-certifikat\/","title":{"rendered":"Steknite certifikat"},"content":{"rendered":"<p>[et_pb_section fb_built=&#8221;1&#8243; _builder_version=&#8221;4.26.1&#8243; _module_preset=&#8221;default&#8221; use_background_color_gradient=&#8221;on&#8221; background_color_gradient_direction=&#8221;90deg&#8221; background_color_gradient_stops=&#8221;#99ffcc 33%|#f7fcbe 99%&#8221; global_module=&#8221;145&#8243; saved_tabs=&#8221;all&#8221; global_colors_info=&#8221;{}&#8221;][et_pb_row _builder_version=&#8221;4.27.4&#8243; _module_preset=&#8221;f65e0117-e408-4718-808f-07fe51790640&#8243; global_colors_info=&#8221;{}&#8221;][et_pb_column type=&#8221;4_4&#8243; _builder_version=&#8221;4.26.1&#8243; _module_preset=&#8221;default&#8221; global_colors_info=&#8221;{}&#8221;][et_pb_post_title _builder_version=&#8221;4.27.4&#8243; _module_preset=&#8221;default&#8221; title_font=&#8221;&#8211;et_global_heading_font|700|||||||&#8221; title_font_size=&#8221;4rem&#8221; global_colors_info=&#8221;{}&#8221;][\/et_pb_post_title][\/et_pb_column][\/et_pb_row][\/et_pb_section][et_pb_section fb_built=&#8221;1&#8243; disabled_on=&#8221;off|off|off&#8221; _builder_version=&#8221;4.26.1&#8243; _module_preset=&#8221;default&#8221; locked=&#8221;off&#8221; global_colors_info=&#8221;{}&#8221;][et_pb_row column_structure=&#8221;2_5,3_5&#8243; disabled_on=&#8221;off|off|off&#8221; _builder_version=&#8221;4.27.4&#8243; _module_preset=&#8221;f65e0117-e408-4718-808f-07fe51790640&#8243; custom_margin=&#8221;||||false|false&#8221; border_width_bottom=&#8221;3px&#8221; border_color_bottom=&#8221;#99FFCC&#8221; global_colors_info=&#8221;{}&#8221;][et_pb_column type=&#8221;2_5&#8243; _builder_version=&#8221;4.26.1&#8243; _module_preset=&#8221;default&#8221; global_colors_info=&#8221;{}&#8221;][et_pb_text _builder_version=&#8221;4.27.4&#8243; _module_preset=&#8221;e3b64f60-d79c-4c35-ae75-4ac8df2cba20&#8243; header_2_font_size=&#8221;2.5rem&#8221; hover_enabled=&#8221;0&#8243; global_colors_info=&#8221;{}&#8221; header_2_line_height=&#8221;1.3em&#8221; sticky_enabled=&#8221;0&#8243;]<\/p>\n<h2>Modul 1: Razumijevanje jednostavnog jezika<\/h2>\n<p>[\/et_pb_text][\/et_pb_column][et_pb_column type=&#8221;3_5&#8243; _builder_version=&#8221;4.26.1&#8243; _module_preset=&#8221;default&#8221; global_colors_info=&#8221;{}&#8221;][et_pb_text _builder_version=&#8221;4.27.4&#8243; _module_preset=&#8221;e3b64f60-d79c-4c35-ae75-4ac8df2cba20&#8243; max_width=&#8221;700px&#8221; global_colors_info=&#8221;{}&#8221;]<\/p>\n<p>Razmislite o posljednjem putu kad ste pro\u010ditali ne\u0161to \u0161to vas je ostavilo zbunjenima. Mo\u017eda je to bio obrazac s kompliciranim izrazima ili e-mail koji se vrtio u krug. Za mnoge ljude to nije samo iritantno, ve\u0107 i stvarna prepreka sudjelovanju u svakodnevnom \u017eivotu. Jednostavan jezik nudi rje\u0161enje. Ne radi se o pojednostavljenju stvari. Radi se o pisanju tako da \u010ditatelji mogu prona\u0107i ono \u0161to im treba, razumjeti to i djelovati na temelju toga.     <\/p>\n<p>U ovom prvom modulu detaljnije \u0107emo pogledati \u0161to jednostavan jezik doista zna\u010di. Vidjet \u0107ete kako se razlikuje od lako \u010ditljivog jezika, za\u0161to je va\u017ean za sve i kako je povezan s inkluzijom i pristupa\u010dno\u0161\u0107u. Usput \u0107ete razmotriti stvarne primjere, \u010duti iskustva stru\u010dnjaka iz prakse i nau\u010diti klju\u010dne principe koji tekst \u010dine jasnim i upotrebljivim.  <\/p>\n<p>Do kraja \u0107ete ste\u0107i \u010dvrsto razumijevanje jednostavnog jezika i za\u0161to je to klju\u010dna vje\u0161tina za svakoga tko radi s informacijama, bilo u obuci, javnim slu\u017ebama ili drugim profesionalnim okru\u017eenjima.<\/p>\n<p>[\/et_pb_text][et_pb_button button_url=&#8221;\/hr\/steknite-certifikat\/pocetna-procjena\/?module=1&#8243; button_text=&#8221;Po\u010detak modula 1 (3 h)&#8221; _builder_version=&#8221;4.27.4&#8243; _module_preset=&#8221;99024ec4-eac4-4c72-8c2b-a8aa24bb2bae&#8221; global_colors_info=&#8221;{}&#8221;][\/et_pb_button][\/et_pb_column][\/et_pb_row][et_pb_row column_structure=&#8221;2_5,3_5&#8243; disabled_on=&#8221;off|off|off&#8221; _builder_version=&#8221;4.27.4&#8243; _module_preset=&#8221;f65e0117-e408-4718-808f-07fe51790640&#8243; border_width_bottom=&#8221;3px&#8221; border_color_bottom=&#8221;#99FFCC&#8221; global_colors_info=&#8221;{}&#8221;][et_pb_column type=&#8221;2_5&#8243; _builder_version=&#8221;4.26.1&#8243; _module_preset=&#8221;default&#8221; global_colors_info=&#8221;{}&#8221;][et_pb_text _builder_version=&#8221;4.27.4&#8243; _module_preset=&#8221;e3b64f60-d79c-4c35-ae75-4ac8df2cba20&#8243; header_2_font_size=&#8221;2.5rem&#8221; header_2_line_height=&#8221;1.3em&#8221; custom_margin=&#8221;||||false|false&#8221; custom_padding=&#8221;||||false|false&#8221; hover_enabled=&#8221;0&#8243; global_colors_info=&#8221;{}&#8221; sticky_enabled=&#8221;0&#8243;]<\/p>\n<h2>Modul 2: Primjena jednostavnog jezika<\/h2>\n<p>[\/et_pb_text][\/et_pb_column][et_pb_column type=&#8221;3_5&#8243; _builder_version=&#8221;4.26.1&#8243; _module_preset=&#8221;default&#8221; global_colors_info=&#8221;{}&#8221;][et_pb_text _builder_version=&#8221;4.27.4&#8243; _module_preset=&#8221;e3b64f60-d79c-4c35-ae75-4ac8df2cba20&#8243; max_width=&#8221;700px&#8221; custom_margin=&#8221;||||false|false&#8221; custom_padding=&#8221;||||false|false&#8221; global_colors_info=&#8221;{}&#8221;]<\/p>\n<p>Samo znati \u0161to je jednostavan jezik odvest \u0107e vas samo do odre\u0111ene to\u010dke. Pravi je izazov primijeniti ga u praksi. Jasno pisanje, strukturiranje dokumenata kako bi bili jednostavni za kori\u0161tenje i prilagodba postoje\u0107ih materijala zahtijevaju vje\u0161tinu i praksu. Ovaj modul bavi se time kako te vje\u0161tine u\u010diniti dijelom va\u0161eg svakodnevnog rada.   <\/p>\n<p>Zapo\u010det \u0107ete s osnovama jasnog pisanja: kratkim re\u010denicama, svakodnevnim rije\u010dima, aktivnim glasom i logi\u010dnom strukturom. Zatim \u0107ete prije\u0107i na dizajnerski dio. Naslovi, razmak, fontovi i vizualni elementi utje\u010du na do\u017eivljaj dokumenta kod \u010ditatelja, bilo da je rije\u010d o papiru, ekranu ili mobilnom telefonu. Na kraju \u0107ete nau\u010diti kako uzeti slo\u017een tekst i preraditi ga. Korak po korak testirat \u0107ete, prilago\u0111avati i usavr\u0161avati sadr\u017eaj za razli\u010dite kontekste kao \u0161to su obuka, turizam i radno mjesto.    <\/p>\n<p>Do kraja ovog modula mo\u0107i \u0107ete primijeniti jednostavan jezik na stvarne dokumente i u\u010diniti ih u\u010dinkovitijima za ljude koji ih koriste.<\/p>\n<p>[\/et_pb_text][et_pb_button button_url=&#8221;\/hr\/steknite-certifikat\/pocetna-procjena\/?module=2&#8243; button_text=&#8221;Po\u010detak modula 2 (3 h)&#8221; _builder_version=&#8221;4.27.4&#8243; _module_preset=&#8221;99024ec4-eac4-4c72-8c2b-a8aa24bb2bae&#8221; global_colors_info=&#8221;{}&#8221;][\/et_pb_button][\/et_pb_column][\/et_pb_row][et_pb_row column_structure=&#8221;2_5,3_5&#8243; disabled_on=&#8221;off|off|off&#8221; _builder_version=&#8221;4.27.4&#8243; _module_preset=&#8221;f65e0117-e408-4718-808f-07fe51790640&#8243; global_colors_info=&#8221;{}&#8221;][et_pb_column type=&#8221;2_5&#8243; _builder_version=&#8221;4.26.1&#8243; _module_preset=&#8221;default&#8221; global_colors_info=&#8221;{}&#8221;][et_pb_text _builder_version=&#8221;4.27.4&#8243; _module_preset=&#8221;e3b64f60-d79c-4c35-ae75-4ac8df2cba20&#8243; header_2_font_size=&#8221;2.5rem&#8221; header_2_line_height=&#8221;1.3em&#8221; custom_margin=&#8221;||||false|false&#8221; custom_padding=&#8221;||||false|false&#8221; global_colors_info=&#8221;{}&#8221;]<\/p>\n<h2>Modul 3: Jednostavan jezik u praksi<\/h2>\n<p>[\/et_pb_text][\/et_pb_column][et_pb_column type=&#8221;3_5&#8243; _builder_version=&#8221;4.26.1&#8243; _module_preset=&#8221;default&#8221; global_colors_info=&#8221;{}&#8221;][et_pb_text _builder_version=&#8221;4.27.4&#8243; _module_preset=&#8221;e3b64f60-d79c-4c35-ae75-4ac8df2cba20&#8243; max_width=&#8221;700px&#8221; custom_margin=&#8221;||||false|false&#8221; custom_padding=&#8221;||||false|false&#8221; global_colors_info=&#8221;{}&#8221;]<\/p>\n<p>Jednostavan jezik funkcionira samo ako postane dio svakodnevnih navika i zajedni\u010dkih praksi. Ne radi se samo o tome kako pi\u0161ete vlastite tekstove, nego i o tome kako podi\u017eete svijest, educirate druge i donosite jasno\u0107u u organizacije i sektore u kojima komunikacija ima stvarne posljedice. <\/p>\n<p>U ovom modulu zapo\u010det \u0107ete s promatranjem kako podi\u0107i svijest i potaknuti druge na kori\u0161tenje jednostavnog jezika. Istra\u017eit \u0107ete \u0161to se doga\u0111a kada se svi potrude biti jasni, za\u0161to to ja\u010da povjerenje i kako jasno\u0107a podr\u017eava raznolikost i uklju\u010divost. <\/p>\n<p>Zatim \u0107ete prije\u0107i na organizacijsku razinu. Vidjet \u0107ete kako se jednostavan jezik mo\u017ee ugra\u0111ivati u vrijednosti, politike i radne procese, od uvo\u0111enja novih zaposlenika do vodstva. Tako\u0111er \u0107ete nau\u010diti kako mjeriti utjecaj i osigurati odr\u017eivost napora.<br \/>Na kraju \u0107ete pogledati i izvan vlastitog konteksta. Jednostavan jezik sada je sve ve\u0107a briga u zdravstvu, javnim slu\u017ebama, na radnim mjestima, u kulturi i tehnologiji. Istra\u017eit \u0107ete primjere iz cijele Europe, razmisliti o izazovima prevo\u0111enja i otkriti mre\u017ee i alate koji vam mogu pomo\u0107i da jednostavan jezik uvedete jo\u0161 dalje.    <\/p>\n<p>Do kraja ovog modula vidjet \u0107ete kako jednostavan jezik nije samo vje\u0161tina, ve\u0107 pokret kojem mo\u017eete doprinijeti u svojoj praksi i profesionalnom podru\u010dju.<\/p>\n<p>[\/et_pb_text][et_pb_button button_url=&#8221;\/hr\/steknite-certifikat\/pocetna-procjena\/?module=3&#8243; button_text=&#8221;Po\u010detak modula 3 (3 h)&#8221; _builder_version=&#8221;4.27.4&#8243; _module_preset=&#8221;99024ec4-eac4-4c72-8c2b-a8aa24bb2bae&#8221; global_colors_info=&#8221;{}&#8221;][\/et_pb_button][\/et_pb_column][\/et_pb_row][\/et_pb_section]<\/p>\n","protected":false},"excerpt":{"rendered":"<p>Modul 1: Razumijevanje jednostavnog jezikaRazmislite o posljednjem putu kad ste pro\u010ditali ne\u0161to \u0161to vas je ostavilo zbunjenima. Mo\u017eda je to bio obrazac s kompliciranim izrazima ili e-mail koji se vrtio u krug. Za mnoge ljude to nije samo iritantno, ve\u0107 i stvarna prepreka sudjelovanju u svakodnevnom \u017eivotu. Jednostavan jezik nudi rje\u0161enje. Ne radi se o [&hellip;]<\/p>\n","protected":false},"author":1,"featured_media":0,"parent":0,"menu_order":0,"comment_status":"closed","ping_status":"closed","template":"","meta":{"_acf_changed":false,"_et_pb_use_builder":"on","_et_pb_old_content":"","_et_gb_content_width":"","footnotes":""},"class_list":["post-1829","page","type-page","status-publish","hentry"],"acf":[],"_links":{"self":[{"href":"https:\/\/text-it-easy.eu\/hr\/wp-json\/wp\/v2\/pages\/1829","targetHints":{"allow":["GET"]}}],"collection":[{"href":"https:\/\/text-it-easy.eu\/hr\/wp-json\/wp\/v2\/pages"}],"about":[{"href":"https:\/\/text-it-easy.eu\/hr\/wp-json\/wp\/v2\/types\/page"}],"author":[{"embeddable":true,"href":"https:\/\/text-it-easy.eu\/hr\/wp-json\/wp\/v2\/users\/1"}],"replies":[{"embeddable":true,"href":"https:\/\/text-it-easy.eu\/hr\/wp-json\/wp\/v2\/comments?post=1829"}],"version-history":[{"count":12,"href":"https:\/\/text-it-easy.eu\/hr\/wp-json\/wp\/v2\/pages\/1829\/revisions"}],"predecessor-version":[{"id":2722,"href":"https:\/\/text-it-easy.eu\/hr\/wp-json\/wp\/v2\/pages\/1829\/revisions\/2722"}],"wp:attachment":[{"href":"https:\/\/text-it-easy.eu\/hr\/wp-json\/wp\/v2\/media?parent=1829"}],"curies":[{"name":"wp","href":"https:\/\/api.w.org\/{rel}","templated":true}]}}