{"id":1360,"date":"2024-07-17T15:00:03","date_gmt":"2024-07-17T13:00:03","guid":{"rendered":"https:\/\/text-it-easy.eu\/pravna-napomena\/"},"modified":"2025-09-11T16:22:50","modified_gmt":"2025-09-11T14:22:50","slug":"pravna-napomena","status":"publish","type":"page","link":"https:\/\/text-it-easy.eu\/hr\/pravna-napomena\/","title":{"rendered":"Pravna napomena"},"content":{"rendered":"\n<p>U skladu s odredbama \u010dlanaka 6-III i 19 francuskog Zakona o povjerenju u digitalno gospodarstvo (loi pour la Confiance dans l\u2019\u00c9conomie Num\u00e9rique), ovime vas obavje\u0161tavamo da:<\/p>\n\n<h2 class=\"wp-block-heading\">Hosting<\/h2>\n\n<p>Infomaniak Network SA<br\/>Rue Eug\u00e8ne Marziano 25 \u2013 1227 Les Acacias \/ \u017deneva \u2013 \u0160VICARSKA<br\/>Tel.: <a href=\"tel:+41%2022%20820%2035%2044\" target=\"_blank\" rel=\"noreferrer noopener\">+41 22 820 35 44<\/a><br\/>Email: <a href=\"mailto:contact@infomaniak.com\" target=\"_blank\" rel=\"noreferrer noopener\">contact@infomaniak.com<\/a><br\/>Website: <a href=\"https:\/\/www.infomaniak.com\/\" target=\"_blank\" rel=\"noreferrer noopener\">https:\/\/www.infomaniak.com\/<\/a><\/p>\n\n<h2 class=\"wp-block-heading\">Izdava\u010d<\/h2>\n\n<p>Ovu web stranicu objavljuje Les Apprimeurs i partnerski konzorcij Erasmus+ projekta Text it Easy. Informacije o odgovornoj osobi za objavu prenesene su tvrtki koja pru\u017ea hosting, u skladu sa zakonom. <\/p>\n\n<h2 class=\"wp-block-heading\">Projekt Text it Easy<\/h2>\n\n<p>Ovaj projekt financira Europska unija. Potpora Europske komisije izradi ove publikacije ne zna\u010di odobravanje njezinog sadr\u017eaja, koji odra\u017eava isklju\u010divo stajali\u0161ta autora, a Komisija se ne mo\u017ee smatrati odgovornom za bilo kakvu uporabu informacija sadr\u017eanih u njoj. <\/p>\n\n<h2 class=\"wp-block-heading\">Osobni podaci<\/h2>\n\n<p>Podaci prikupljeni putem ove web stranice nikada ne\u0107e biti prodani niti preneseni tre\u0107im stranama. Koristit \u0107emo ih s najve\u0107om pa\u017enjom i isklju\u010divo u svrhu zbog koje ste nam ih dali. Ni pod kojim okolnostima ne\u0107emo va\u0161e podatke koristiti u druge svrhe osim onih jasno navedenih u trenutku kada ste ih dostavili. <\/p>\n\n<p>Podaci o povezivanju (npr. IP adresa, zapisi povezivanja) mogu se prikupljati kada posje\u0107ujete ovu web stranicu. Kori\u0161tenjem stranice pristajete na njihovo prikupljanje. <\/p>\n\n<p>Podaci koje nam po\u0161aljete putem kontakt stranice koristit \u0107e se isklju\u010divo za potrebe odgovora. Sve informacije poslane putem obrazaca bit \u0107e izbrisane najkasnije tri godine nakon \u0161to su nam dostavljene. <\/p>\n\n<p>Tako\u0111er, email adresa koju nam mo\u017eete dati za testiranje na\u0161ih resursa ili sudjelovanje u projektu Text it Easy putem naslovne stranice koristit \u0107e se isklju\u010divo za slanje informacija o teku\u0107em projektu. U bilo kojem trenutku mo\u017eete se odjaviti slanjem emaila na <a href=\"mailto:contact@lesapprimeurs.com\" target=\"_blank\" rel=\"noreferrer noopener\">contact@lesapprimeurs.com<\/a> <\/p>\n\n<p>Podaci preneseni putem ove web stranice dostupni su samo nadle\u017enim internim slu\u017ebama, i to:<\/p>\n\n<ul class=\"wp-block-list\">\n<li>Za IP adrese, zapise i sve podatke o povezivanju: samo administratorima web stranice.<\/li>\n\n\n\n<li>Za emailove dostavljene na listu \u201eJoin us\u201c: samo administratorima web stranice.<\/li>\n\n\n\n<li>Za informacije dostavljene putem kontakt obrasca: samo relevantnom partneru za jezik koji ste odabrali.<\/li>\n\n\n\n<li>Za sva pitanja vezana uz za\u0161titu, sigurnost i kori\u0161tenje osobnih podataka: obratite nam se na email adresu <a href=\"mailto:contact@lesapprimeurs.com\" target=\"_blank\" rel=\"noreferrer noopener\">contact@lesapprimeurs.com<\/a><\/li>\n<\/ul>\n\n<p>Imate pravo u bilo kojem trenutku zatra\u017eiti brisanje dijela ili svih osobnih podataka koji se odnose na vas, slanjem emaila na <a rel=\"noreferrer noopener\" href=\"mailto:contact@lesapprimeurs.com\" target=\"_blank\">contact@lesapprimeurs.com<\/a><\/p>\n\n<p>Ako odgovor nije zadovoljavaju\u0107i, mo\u017eete podnijeti pritu\u017ebu Nacionalnoj komisiji za informatiku i slobode (CNIL): <a rel=\"noreferrer noopener\" href=\"https:\/\/www.cnil.fr\/fr\/plaintes\" target=\"_blank\">https:\/\/www.cnil.fr\/fr\/plaintes<\/a><\/p>\n\n<p>Svi sporovi u vezi s kori\u0161tenjem ove web stranice podlije\u017eu francuskom pravu. Posjetitelji stranice priznaju i prihva\u0107aju isklju\u010divu nadle\u017enost sudova koji potpadaju pod nadle\u017enost Pari\u0161kog \u017ealbenog suda (Cour d\u2019appel de Paris). <\/p>\n","protected":false},"excerpt":{"rendered":"<p>U skladu s odredbama \u010dlanaka 6-III i 19 francuskog Zakona o povjerenju u digitalno gospodarstvo (loi pour la Confiance dans l\u2019\u00c9conomie Num\u00e9rique), ovime vas obavje\u0161tavamo da: Hosting Infomaniak Network SARue Eug\u00e8ne Marziano 25 \u2013 1227 Les Acacias \/ \u017deneva \u2013 \u0160VICARSKATel.: +41 22 820 35 44Email: contact@infomaniak.comWebsite: https:\/\/www.infomaniak.com\/ Izdava\u010d Ovu web stranicu objavljuje Les Apprimeurs [&hellip;]<\/p>\n","protected":false},"author":1,"featured_media":0,"parent":0,"menu_order":0,"comment_status":"closed","ping_status":"closed","template":"","meta":{"_acf_changed":false,"_et_pb_use_builder":"off","_et_pb_old_content":"","_et_gb_content_width":"","footnotes":""},"class_list":["post-1360","page","type-page","status-publish","hentry"],"acf":[],"_links":{"self":[{"href":"https:\/\/text-it-easy.eu\/hr\/wp-json\/wp\/v2\/pages\/1360","targetHints":{"allow":["GET"]}}],"collection":[{"href":"https:\/\/text-it-easy.eu\/hr\/wp-json\/wp\/v2\/pages"}],"about":[{"href":"https:\/\/text-it-easy.eu\/hr\/wp-json\/wp\/v2\/types\/page"}],"author":[{"embeddable":true,"href":"https:\/\/text-it-easy.eu\/hr\/wp-json\/wp\/v2\/users\/1"}],"replies":[{"embeddable":true,"href":"https:\/\/text-it-easy.eu\/hr\/wp-json\/wp\/v2\/comments?post=1360"}],"version-history":[{"count":1,"href":"https:\/\/text-it-easy.eu\/hr\/wp-json\/wp\/v2\/pages\/1360\/revisions"}],"predecessor-version":[{"id":1361,"href":"https:\/\/text-it-easy.eu\/hr\/wp-json\/wp\/v2\/pages\/1360\/revisions\/1361"}],"wp:attachment":[{"href":"https:\/\/text-it-easy.eu\/hr\/wp-json\/wp\/v2\/media?parent=1360"}],"curies":[{"name":"wp","href":"https:\/\/api.w.org\/{rel}","templated":true}]}}