{"id":1302,"date":"2024-07-16T15:57:22","date_gmt":"2024-07-16T13:57:22","guid":{"rendered":"https:\/\/text-it-easy.eu\/blog\/"},"modified":"2025-12-15T15:35:09","modified_gmt":"2025-12-15T13:35:09","slug":"blog","status":"publish","type":"page","link":"https:\/\/text-it-easy.eu\/hr\/blog\/","title":{"rendered":"Blog"},"content":{"rendered":"<p>[et_pb_section fb_built=&#8221;1&#8243; _builder_version=&#8221;4.26.1&#8243; _module_preset=&#8221;default&#8221; use_background_color_gradient=&#8221;on&#8221; background_color_gradient_direction=&#8221;90deg&#8221; background_color_gradient_stops=&#8221;#99ffcc 33%|#f7fcbe 99%&#8221; global_module=&#8221;145&#8243; saved_tabs=&#8221;all&#8221; global_colors_info=&#8221;{}&#8221;][et_pb_row _builder_version=&#8221;4.27.4&#8243; _module_preset=&#8221;f65e0117-e408-4718-808f-07fe51790640&#8243; global_colors_info=&#8221;{}&#8221;][et_pb_column type=&#8221;4_4&#8243; _builder_version=&#8221;4.26.1&#8243; _module_preset=&#8221;default&#8221; global_colors_info=&#8221;{}&#8221;][et_pb_post_title _builder_version=&#8221;4.27.4&#8243; _module_preset=&#8221;default&#8221; title_font=&#8221;&#8211;et_global_heading_font|700|||||||&#8221; title_font_size=&#8221;4rem&#8221; global_colors_info=&#8221;{}&#8221;][\/et_pb_post_title][\/et_pb_column][\/et_pb_row][\/et_pb_section][et_pb_section fb_built=&#8221;1&#8243; _builder_version=&#8221;4.26.1&#8243; _module_preset=&#8221;default&#8221; global_colors_info=&#8221;{}&#8221;][et_pb_row _builder_version=&#8221;4.27.4&#8243; _module_preset=&#8221;f65e0117-e408-4718-808f-07fe51790640&#8243; hover_enabled=&#8221;0&#8243; global_colors_info=&#8221;{}&#8221; sticky_enabled=&#8221;0&#8243;][et_pb_column type=&#8221;4_4&#8243; _builder_version=&#8221;4.26.1&#8243; _module_preset=&#8221;default&#8221; global_colors_info=&#8221;{}&#8221;][et_pb_code _builder_version=&#8221;4.26.1&#8243; _module_preset=&#8221;default&#8221; hover_enabled=&#8221;0&#8243; global_colors_info=&#8221;{}&#8221; sticky_enabled=&#8221;0&#8243;]<!-- Gridbuilder \u1d42\u1d3e Plugin (https:\/\/wpgridbuilder.com) -->\n<div class=\"wp-grid-builder wpgb-grid-5\" data-options=\"{&quot;id&quot;:5,&quot;type&quot;:&quot;masonry&quot;,&quot;source&quot;:&quot;post_type&quot;,&quot;loader&quot;:false,&quot;layout&quot;:&quot;vertical&quot;,&quot;reveal&quot;:0,&quot;isMainQuery&quot;:0,&quot;lazyLoad&quot;:false,&quot;cardSizes&quot;:{&quot;1280&quot;:{&quot;columns&quot;:3,&quot;height&quot;:220,&quot;gutter&quot;:32,&quot;ratio&quot;:&quot;1.33333&quot;},&quot;1024&quot;:{&quot;columns&quot;:2,&quot;height&quot;:200,&quot;gutter&quot;:32,&quot;ratio&quot;:&quot;1.33333&quot;},&quot;640&quot;:{&quot;columns&quot;:1,&quot;height&quot;:200,&quot;gutter&quot;:32,&quot;ratio&quot;:&quot;1.33333&quot;}},&quot;fitRows&quot;:false,&quot;equalRows&quot;:0,&quot;equalColumns&quot;:true,&quot;fillLastRow&quot;:0,&quot;centerLastRow&quot;:0,&quot;horizontalOrder&quot;:false,&quot;fullWidth&quot;:false,&quot;transitionDelay&quot;:100,&quot;gallerySlideshow&quot;:false,&quot;rowsNumber&quot;:1,&quot;slideAlign&quot;:&quot;left&quot;,&quot;groupCells&quot;:1,&quot;draggable&quot;:true,&quot;initialIndex&quot;:0,&quot;contain&quot;:false,&quot;freeScroll&quot;:false,&quot;freeFriction&quot;:&quot;0.075&quot;,&quot;friction&quot;:&quot;0.285&quot;,&quot;attraction&quot;:&quot;0.025&quot;,&quot;autoPlay&quot;:0,&quot;pageDotAriaLabel&quot;:&quot;Page dot %d&quot;,&quot;isPreview&quot;:false,&quot;isGutenberg&quot;:false,&quot;rightToLeft&quot;:false}\"><div class=\"wpgb-svg-icons\" hidden>\n\t<svg viewBox=\"0 0 120 24\" width=\"0\" height=\"0\">\n\t<defs>\n        <polygon id=\"wpgb-star-svg\" points=\"12 2.5 15.1 8.8 22 9.8 17 14.6 18.2 21.5 12 18.3 5.8 21.5 7 14.6 2 9.8 8.9 8.8\"><\/polygon>\n    <\/defs>\n    <symbol id=\"wpgb-rating-stars-svg\">\n        <use xlink:href=\"#wpgb-star-svg\"><\/use>\n        <use xlink:href=\"#wpgb-star-svg\" x=\"24\"><\/use>\n        <use xlink:href=\"#wpgb-star-svg\" x=\"48\"><\/use>\n        <use xlink:href=\"#wpgb-star-svg\" x=\"72\"><\/use>\n        <use xlink:href=\"#wpgb-star-svg\" x=\"96\"><\/use>\n    <\/symbol>\n<\/svg>\n<\/div>\n<div class=\"wpgb-wrapper\">\n\t<div class=\"wpgb-main\">\n\t<div class=\"wpgb-layout\">\n\t<div class=\"wpgb-viewport\">\n\t\t<div class=\"wpgb-masonry\">\n\t\t\t<article class=\"wpgb-card wpgb-card-4 wpgb-post-2156\" data-col=\"1\" data-row=\"1\" data-format=\"standard\"><div class=\"wpgb-card-wrapper\"><div class=\"wpgb-card-inner article-teaser\"><div class=\"wpgb-card-media wpgb-scheme-light\"><svg data-ratio style=\"padding-top:66.67%\" viewBox=\"0 0 3 2\" aria-hidden=\"true\"><\/svg><div class=\"wpgb-card-media-thumbnail\"><a href=\"https:\/\/text-it-easy.eu\/wp-content\/uploads\/2025\/07\/unnamed.webp\" tabindex=\"-1\" class=\"wpgb-handle-lb wpgb-lightbox\" data-type=\"image\" data-rel=\"5\" data-title=\"illustration\" title=\"Enlarge photo\"><div style=\"background-image:url(https:\/\/text-it-easy.eu\/wp-content\/uploads\/2025\/07\/unnamed-768x576.webp)\"><\/div><noscript><img loading=\"lazy\" decoding=\"async\" class=\"wpgb-noscript-img\" src=\"https:\/\/text-it-easy.eu\/wp-content\/uploads\/2025\/07\/unnamed-768x576.webp\" alt=\"\" height=\"576\" width=\"768\"><\/noscript><\/a><\/div><\/div><div class=\"wpgb-card-content wpgb-scheme-dark\"><div class=\"wpgb-card-body\"><time class=\"wpgb-block-2\" datetime=\"2025-07-25T15:04:09+01:00\">25\/07\/2025<\/time><h3 class=\"wpgb-block-1\">Jasno jeziko u kontinuiranoj obuci nastavnika: izme\u0111u nu\u017enosti, primjenjivosti i izazova<\/h3><a class=\"wpgb-block-3\" href=\"https:\/\/text-it-easy.eu\/hr\/blog\/jasno-jeziko-u-kontinuiranoj-obuci-nastavnika-izmedu-nuznosti-primjenjivosti-i-izazova\/\">Saznajte vi\u0161e<\/a><\/div><\/div><\/div><\/div><\/article><article class=\"wpgb-card wpgb-card-4 wpgb-post-3577\" data-col=\"1\" data-row=\"1\" data-format=\"standard\"><div class=\"wpgb-card-wrapper\"><div class=\"wpgb-card-inner article-teaser\"><div class=\"wpgb-card-media wpgb-scheme-light\"><svg data-ratio style=\"padding-top:66.67%\" viewBox=\"0 0 3 2\" aria-hidden=\"true\"><\/svg><div class=\"wpgb-card-media-thumbnail\"><a href=\"https:\/\/text-it-easy.eu\/wp-content\/uploads\/2026\/01\/IMG_9812-scaled.jpg\" tabindex=\"-1\" class=\"wpgb-handle-lb wpgb-lightbox\" data-type=\"image\" data-rel=\"5\" data-title=\"IMG_9812\" title=\"Enlarge photo\"><div style=\"background-image:url(https:\/\/text-it-easy.eu\/wp-content\/uploads\/2026\/01\/IMG_9812-768x576.jpg)\"><\/div><noscript><img loading=\"lazy\" decoding=\"async\" class=\"wpgb-noscript-img\" src=\"https:\/\/text-it-easy.eu\/wp-content\/uploads\/2026\/01\/IMG_9812-768x576.jpg\" alt=\"\" height=\"576\" width=\"768\"><\/noscript><\/a><\/div><\/div><div class=\"wpgb-card-content wpgb-scheme-dark\"><div class=\"wpgb-card-body\"><time class=\"wpgb-block-2\" datetime=\"2025-06-30T13:21:17+01:00\">30\/06\/2025<\/time><h3 class=\"wpgb-block-1\">Izgradnja mostova oko jednostavnog jezika, pristupa\u010dnosti i osna\u017eivanja &#8211; Trening \u2013 Pariz, svibanj 2025.<\/h3><a class=\"wpgb-block-3\" href=\"https:\/\/text-it-easy.eu\/hr\/blog\/izgradnja-mostova-oko-jednostavnog-jezika-pristupacnosti-i-osnazivanja-trening-pariz-svibanj-2025\/\">Saznajte vi\u0161e<\/a><\/div><\/div><\/div><\/div><\/article><article class=\"wpgb-card wpgb-card-4 wpgb-post-2153\" data-col=\"1\" data-row=\"1\" data-format=\"standard\"><div class=\"wpgb-card-wrapper\"><div class=\"wpgb-card-inner article-teaser\"><div class=\"wpgb-card-media wpgb-scheme-light\"><svg data-ratio style=\"padding-top:66.67%\" viewBox=\"0 0 3 2\" aria-hidden=\"true\"><\/svg><div class=\"wpgb-card-media-thumbnail\"><a href=\"https:\/\/text-it-easy.eu\/wp-content\/uploads\/2025\/06\/1905.i211.003_tribune-debate-composition-scaled.jpg\" tabindex=\"-1\" class=\"wpgb-handle-lb wpgb-lightbox\" data-type=\"image\" data-rel=\"5\" data-title=\"Tribine za raspravu: realisti\u010dna kompozicija\" data-desc=\"Two tribunes for debate on stage illuminated by floodlights realistic colored composition 3d vector illustration SSUCv3H4sIAAAAAAACA02RO2\/DMAyE\/wqh2albZPPWF4p2CtpsQQdaYhw2shhIspMg8H8vlQeQjeQdDqdPJ9NiYmuak2Hvh5QjZpZgmqfKkOMskdGb5nGqTMqYh0RJvbpZzNSpet5vIatTuZvGfN5lpfrV8272HLPRkKFVef5mpurmfUG77aIMwaV6SYc8RM28Oe9EM\/1WBjsK9lgqaIdInvDcaKXSdp8p9td6IzuSy4iD4zKaUSx61eelvtaTvly7iLsN28gjxbI7SlYHs9wL5MjtECjBWiI4avXNIAGUREdQePUc9OagPcLaizjP3SYniISeU2YLVrxENVjpd5K48IC5g5GsooV75A\/wrryx9QTvix\/A4OCbgiN1BfhafJQOPRaG+VCwmerK75KVamn\/dEp1j2HWo6PZ9aBG2eqHTtP0DyMfHsTuAQAA\" title=\"Enlarge photo\"><div style=\"background-image:url(https:\/\/text-it-easy.eu\/wp-content\/uploads\/2025\/06\/1905.i211.003_tribune-debate-composition-768x545.jpg)\"><\/div><noscript><img loading=\"lazy\" decoding=\"async\" class=\"wpgb-noscript-img\" src=\"https:\/\/text-it-easy.eu\/wp-content\/uploads\/2025\/06\/1905.i211.003_tribune-debate-composition-768x545.jpg\" alt=\"\" height=\"545\" width=\"768\"><\/noscript><\/a><\/div><\/div><div class=\"wpgb-card-content wpgb-scheme-dark\"><div class=\"wpgb-card-body\"><time class=\"wpgb-block-2\" datetime=\"2025-06-24T11:00:00+01:00\">24\/06\/2025<\/time><h3 class=\"wpgb-block-1\">Rasprava o jasnom jeziku<\/h3><a class=\"wpgb-block-3\" href=\"https:\/\/text-it-easy.eu\/hr\/blog\/rasprava-o-jasnom-jeziku\/\">Saznajte vi\u0161e<\/a><\/div><\/div><\/div><\/div><\/article><article class=\"wpgb-card wpgb-card-4 wpgb-post-2149\" data-col=\"1\" data-row=\"1\" data-format=\"standard\"><div class=\"wpgb-card-wrapper\"><div class=\"wpgb-card-inner article-teaser\"><div class=\"wpgb-card-media wpgb-scheme-light\"><svg data-ratio style=\"padding-top:66.67%\" viewBox=\"0 0 3 2\" aria-hidden=\"true\"><\/svg><div class=\"wpgb-card-media-thumbnail\"><a href=\"https:\/\/text-it-easy.eu\/wp-content\/uploads\/2025\/05\/Capture-decran-2026-01-06-a-12.50.46.png\" tabindex=\"-1\" class=\"wpgb-handle-lb wpgb-lightbox\" data-type=\"image\" data-rel=\"5\" data-title=\"illustration\" title=\"Enlarge photo\"><div style=\"background-image:url(https:\/\/text-it-easy.eu\/wp-content\/uploads\/2025\/05\/Capture-decran-2026-01-06-a-12.50.46-768x479.png)\"><\/div><noscript><img loading=\"lazy\" decoding=\"async\" class=\"wpgb-noscript-img\" src=\"https:\/\/text-it-easy.eu\/wp-content\/uploads\/2025\/05\/Capture-decran-2026-01-06-a-12.50.46-768x479.png\" alt=\"\" height=\"479\" width=\"768\"><\/noscript><\/a><\/div><\/div><div class=\"wpgb-card-content wpgb-scheme-dark\"><div class=\"wpgb-card-body\"><time class=\"wpgb-block-2\" datetime=\"2025-05-15T14:50:50+01:00\">15\/05\/2025<\/time><h3 class=\"wpgb-block-1\">Jasno\u0107a jezika u Makedoniji<\/h3><a class=\"wpgb-block-3\" href=\"https:\/\/text-it-easy.eu\/hr\/blog\/jasnoca-jezika-u-makedoniji\/\">Saznajte vi\u0161e<\/a><\/div><\/div><\/div><\/div><\/article><article class=\"wpgb-card wpgb-card-4 wpgb-post-3569\" data-col=\"1\" data-row=\"1\" data-format=\"standard\"><div class=\"wpgb-card-wrapper\"><div class=\"wpgb-card-inner article-teaser\"><div class=\"wpgb-card-media wpgb-scheme-light\"><svg data-ratio style=\"padding-top:66.67%\" viewBox=\"0 0 3 2\" aria-hidden=\"true\"><\/svg><div class=\"wpgb-card-media-thumbnail\"><a href=\"https:\/\/text-it-easy.eu\/wp-content\/uploads\/2025\/04\/2212.i105.016.S.m005.c13.isometri\u0441-evacuation-alarm-illustration-scaled.jpg\" tabindex=\"-1\" class=\"wpgb-handle-lb wpgb-lightbox\" data-type=\"image\" data-rel=\"5\" data-title=\"Izometrijski koncept evakuacije\" title=\"Enlarge photo\"><div style=\"background-image:url(https:\/\/text-it-easy.eu\/wp-content\/uploads\/2025\/04\/2212.i105.016.S.m005.c13.isometri\u0441-evacuation-alarm-illustration-768x576.jpg)\"><\/div><noscript><img loading=\"lazy\" decoding=\"async\" class=\"wpgb-noscript-img\" src=\"https:\/\/text-it-easy.eu\/wp-content\/uploads\/2025\/04\/2212.i105.016.S.m005.c13.isometri\u0441-evacuation-alarm-illustration-768x576.jpg\" alt=\"\" height=\"576\" width=\"768\"><\/noscript><\/a><\/div><\/div><div class=\"wpgb-card-content wpgb-scheme-dark\"><div class=\"wpgb-card-body\"><time class=\"wpgb-block-2\" datetime=\"2025-04-02T16:19:01+01:00\">02\/04\/2025<\/time><h3 class=\"wpgb-block-1\">Jednostavan jezik u krizi: jasna komunikacija tijekom hitnih slu\u010dajeva<\/h3><a class=\"wpgb-block-3\" href=\"https:\/\/text-it-easy.eu\/hr\/blog\/jednostavan-jezik-u-krizi-jasna-komunikacija-tijekom-hitnih-slucajeva\/\">Saznajte vi\u0161e<\/a><\/div><\/div><\/div><\/div><\/article><article class=\"wpgb-card wpgb-card-4 wpgb-post-611\" data-col=\"1\" data-row=\"1\" data-format=\"standard\"><div class=\"wpgb-card-wrapper\"><div class=\"wpgb-card-inner article-teaser\"><div class=\"wpgb-card-media wpgb-scheme-light\"><svg data-ratio style=\"padding-top:66.67%\" viewBox=\"0 0 3 2\" aria-hidden=\"true\"><\/svg><div class=\"wpgb-card-media-thumbnail\"><a href=\"https:\/\/text-it-easy.eu\/wp-content\/uploads\/2024\/11\/smiling-caucasian-woman-talking-friends-street-scaled.jpg\" tabindex=\"-1\" class=\"wpgb-handle-lb wpgb-lightbox\" data-type=\"image\" data-rel=\"5\" data-title=\"Nasmijana bjelkinja razgovara s prijateljima na ulici\" title=\"Enlarge photo\"><div style=\"background-image:url(https:\/\/text-it-easy.eu\/wp-content\/uploads\/2024\/11\/smiling-caucasian-woman-talking-friends-street-768x512.jpg)\"><\/div><noscript><img loading=\"lazy\" decoding=\"async\" class=\"wpgb-noscript-img\" src=\"https:\/\/text-it-easy.eu\/wp-content\/uploads\/2024\/11\/smiling-caucasian-woman-talking-friends-street-768x512.jpg\" alt=\"\" height=\"512\" width=\"768\"><\/noscript><\/a><\/div><\/div><div class=\"wpgb-card-content wpgb-scheme-dark\"><div class=\"wpgb-card-body\"><time class=\"wpgb-block-2\" datetime=\"2024-11-28T16:40:03+01:00\">28\/11\/2024<\/time><h3 class=\"wpgb-block-1\">Va\u017enost jednostavnog jezika u razli\u010ditim sektorima<\/h3><a class=\"wpgb-block-3\" href=\"https:\/\/text-it-easy.eu\/hr\/blog\/vaznost-jednostavnog-jezika-u-razlicitim-sektorima\/\">Saznajte vi\u0161e<\/a><\/div><\/div><\/div><\/div><\/article><article class=\"wpgb-card wpgb-card-4 wpgb-post-609\" data-col=\"1\" data-row=\"1\" data-format=\"standard\"><div class=\"wpgb-card-wrapper\"><div class=\"wpgb-card-inner article-teaser\"><div class=\"wpgb-card-media wpgb-scheme-light\"><svg data-ratio style=\"padding-top:66.67%\" viewBox=\"0 0 3 2\" aria-hidden=\"true\"><\/svg><div class=\"wpgb-card-media-thumbnail\"><a href=\"https:\/\/text-it-easy.eu\/wp-content\/uploads\/2024\/10\/minimal-surrealistic-abstract-background-scaled.jpg\" tabindex=\"-1\" class=\"wpgb-handle-lb wpgb-lightbox\" data-type=\"image\" data-rel=\"5\" data-title=\"minimal-surrealistic-abstract-background\" title=\"Enlarge photo\"><div style=\"background-image:url(https:\/\/text-it-easy.eu\/wp-content\/uploads\/2024\/10\/minimal-surrealistic-abstract-background-768x439.jpg)\"><\/div><noscript><img loading=\"lazy\" decoding=\"async\" class=\"wpgb-noscript-img\" src=\"https:\/\/text-it-easy.eu\/wp-content\/uploads\/2024\/10\/minimal-surrealistic-abstract-background-768x439.jpg\" alt=\"\" height=\"439\" width=\"768\"><\/noscript><\/a><\/div><\/div><div class=\"wpgb-card-content wpgb-scheme-dark\"><div class=\"wpgb-card-body\"><time class=\"wpgb-block-2\" datetime=\"2024-10-04T14:11:05+01:00\">04\/10\/2024<\/time><h3 class=\"wpgb-block-1\">Uklju\u010divi dizajn: spajanje jednostavnog jezika s vizualnom pristupa\u010dno\u0161\u0107u<\/h3><a class=\"wpgb-block-3\" href=\"https:\/\/text-it-easy.eu\/hr\/blog\/ukljucivi-dizajn-spajanje-jednostavnog-jezika-s-vizualnom-pristupacnoscu\/\">Saznajte vi\u0161e<\/a><\/div><\/div><\/div><\/div><\/article><article class=\"wpgb-card wpgb-card-4 wpgb-post-607\" data-col=\"1\" data-row=\"1\" data-format=\"standard\"><div class=\"wpgb-card-wrapper\"><div class=\"wpgb-card-inner article-teaser\"><div class=\"wpgb-card-media wpgb-scheme-light\"><svg data-ratio style=\"padding-top:66.67%\" viewBox=\"0 0 3 2\" aria-hidden=\"true\"><\/svg><div class=\"wpgb-card-media-thumbnail\"><a href=\"https:\/\/text-it-easy.eu\/wp-content\/uploads\/2024\/09\/cute-silver-golden-light-bulbs-with-clouds-scaled.jpg\" tabindex=\"-1\" class=\"wpgb-handle-lb wpgb-lightbox\" data-type=\"image\" data-rel=\"5\" data-title=\"cute-silver-golden-light-bulbs-with-clouds\" title=\"Enlarge photo\"><div style=\"background-image:url(https:\/\/text-it-easy.eu\/wp-content\/uploads\/2024\/09\/cute-silver-golden-light-bulbs-with-clouds-768x432.jpg)\"><\/div><noscript><img loading=\"lazy\" decoding=\"async\" class=\"wpgb-noscript-img\" src=\"https:\/\/text-it-easy.eu\/wp-content\/uploads\/2024\/09\/cute-silver-golden-light-bulbs-with-clouds-768x432.jpg\" alt=\"\" height=\"432\" width=\"768\"><\/noscript><\/a><\/div><\/div><div class=\"wpgb-card-content wpgb-scheme-dark\"><div class=\"wpgb-card-body\"><time class=\"wpgb-block-2\" datetime=\"2024-09-17T16:01:17+01:00\">17\/09\/2024<\/time><h3 class=\"wpgb-block-1\">Radne skupine za jasan jezik u Europi: prema jednostavnoj i pristupa\u010dnoj komunikaciji za sve<\/h3><a class=\"wpgb-block-3\" href=\"https:\/\/text-it-easy.eu\/hr\/blog\/radne-skupine-za-jasan-jezik-u-europi-prema-jednostavnoj-i-pristupacnoj-komunikaciji-za-sve\/\">Saznajte vi\u0161e<\/a><\/div><\/div><\/div><\/div><\/article><article class=\"wpgb-card wpgb-card-4 wpgb-post-605\" data-col=\"1\" data-row=\"1\" data-format=\"standard\"><div class=\"wpgb-card-wrapper\"><div class=\"wpgb-card-inner article-teaser\"><div class=\"wpgb-card-media wpgb-scheme-light\"><svg data-ratio style=\"padding-top:66.67%\" viewBox=\"0 0 3 2\" aria-hidden=\"true\"><\/svg><div class=\"wpgb-card-media-thumbnail\"><a href=\"https:\/\/text-it-easy.eu\/wp-content\/uploads\/2024\/08\/person-using-retro-computer-scaled.jpg\" tabindex=\"-1\" class=\"wpgb-handle-lb wpgb-lightbox\" data-type=\"image\" data-rel=\"5\" data-title=\"person-using-retro-computer\" title=\"Enlarge photo\"><div style=\"background-image:url(https:\/\/text-it-easy.eu\/wp-content\/uploads\/2024\/08\/person-using-retro-computer-768x513.jpg)\"><\/div><noscript><img loading=\"lazy\" decoding=\"async\" class=\"wpgb-noscript-img\" src=\"https:\/\/text-it-easy.eu\/wp-content\/uploads\/2024\/08\/person-using-retro-computer-768x513.jpg\" alt=\"\" height=\"513\" width=\"768\"><\/noscript><\/a><\/div><\/div><div class=\"wpgb-card-content wpgb-scheme-dark\"><div class=\"wpgb-card-body\"><time class=\"wpgb-block-2\" datetime=\"2024-08-02T15:54:27+01:00\">02\/08\/2024<\/time><h3 class=\"wpgb-block-1\">Kratka povijest jednostavnog jezika<\/h3><a class=\"wpgb-block-3\" href=\"https:\/\/text-it-easy.eu\/hr\/blog\/kratka-povijest-jednostavnog-jezika\/\">Saznajte vi\u0161e<\/a><\/div><\/div><\/div><\/div><\/article><article class=\"wpgb-card wpgb-card-4 wpgb-post-603\" data-col=\"1\" data-row=\"1\" data-format=\"standard\"><div class=\"wpgb-card-wrapper\"><div class=\"wpgb-card-inner article-teaser\"><div class=\"wpgb-card-media wpgb-scheme-light\"><svg data-ratio style=\"padding-top:66.67%\" viewBox=\"0 0 3 2\" aria-hidden=\"true\"><\/svg><div class=\"wpgb-card-media-thumbnail\"><a href=\"https:\/\/text-it-easy.eu\/wp-content\/uploads\/2024\/07\/robot-handshake-human-background-futuristic-digital-age-scaled.jpg\" tabindex=\"-1\" class=\"wpgb-handle-lb wpgb-lightbox\" data-type=\"image\" data-rel=\"5\" data-title=\"Robot handshake human background, futuristic digital age\" title=\"Enlarge photo\"><div style=\"background-image:url(https:\/\/text-it-easy.eu\/wp-content\/uploads\/2024\/07\/robot-handshake-human-background-futuristic-digital-age-768x512.jpg)\"><\/div><noscript><img loading=\"lazy\" decoding=\"async\" class=\"wpgb-noscript-img\" src=\"https:\/\/text-it-easy.eu\/wp-content\/uploads\/2024\/07\/robot-handshake-human-background-futuristic-digital-age-768x512.jpg\" alt=\"\" height=\"512\" width=\"768\"><\/noscript><\/a><\/div><\/div><div class=\"wpgb-card-content wpgb-scheme-dark\"><div class=\"wpgb-card-body\"><time class=\"wpgb-block-2\" datetime=\"2024-07-18T17:32:30+01:00\">18\/07\/2024<\/time><h3 class=\"wpgb-block-1\">Olak\u0161avanje pristupa znanju i kulturi zahvaljuju\u0107i jednostavnom jeziku i umjetnoj inteligenciji<\/h3><a class=\"wpgb-block-3\" href=\"https:\/\/text-it-easy.eu\/hr\/blog\/olaksavanje-pristupa-znanju-i-kulturi-zahvaljujuci-jednostavnom-jeziku-i-umjetnoj-inteligenciji\/\">Saznajte vi\u0161e<\/a><\/div><\/div><\/div><\/div><\/article><article class=\"wpgb-card wpgb-card-4 wpgb-post-600\" data-col=\"1\" data-row=\"1\" data-format=\"standard\"><div class=\"wpgb-card-wrapper\"><div class=\"wpgb-card-inner article-teaser\"><div class=\"wpgb-card-media wpgb-scheme-light\"><svg data-ratio style=\"padding-top:66.67%\" viewBox=\"0 0 3 2\" aria-hidden=\"true\"><\/svg><div class=\"wpgb-card-media-thumbnail\"><a href=\"https:\/\/text-it-easy.eu\/wp-content\/uploads\/2024\/06\/young-man-glasses-reading-book-near-fence-scaled.jpg\" tabindex=\"-1\" class=\"wpgb-handle-lb wpgb-lightbox\" data-type=\"image\" data-rel=\"5\" data-title=\"young-man-glasses-reading-book-near-fence\" title=\"Enlarge photo\"><div style=\"background-image:url(https:\/\/text-it-easy.eu\/wp-content\/uploads\/2024\/06\/young-man-glasses-reading-book-near-fence-768x512.jpg)\"><\/div><noscript><img loading=\"lazy\" decoding=\"async\" class=\"wpgb-noscript-img\" src=\"https:\/\/text-it-easy.eu\/wp-content\/uploads\/2024\/06\/young-man-glasses-reading-book-near-fence-768x512.jpg\" alt=\"\" height=\"512\" width=\"768\"><\/noscript><\/a><\/div><\/div><div class=\"wpgb-card-content wpgb-scheme-dark\"><div class=\"wpgb-card-body\"><time class=\"wpgb-block-2\" datetime=\"2024-06-18T10:07:07+01:00\">18\/06\/2024<\/time><h3 class=\"wpgb-block-1\">Jednostavan jezik \u2013 poluga za pristup pisanom sadr\u017eaju<\/h3><a class=\"wpgb-block-3\" href=\"https:\/\/text-it-easy.eu\/hr\/blog\/jednostavan-jezik-poluga-za-pristup-pisanom-sadrzaju\/\">Saznajte vi\u0161e<\/a><\/div><\/div><\/div><\/div><\/article><article class=\"wpgb-card wpgb-card-4 wpgb-post-598\" data-col=\"1\" data-row=\"1\" data-format=\"standard\"><div class=\"wpgb-card-wrapper\"><div class=\"wpgb-card-inner article-teaser\"><div class=\"wpgb-card-media wpgb-scheme-light\"><svg data-ratio style=\"padding-top:66.67%\" viewBox=\"0 0 3 2\" aria-hidden=\"true\"><\/svg><div class=\"wpgb-card-media-thumbnail\"><a href=\"https:\/\/text-it-easy.eu\/wp-content\/uploads\/2024\/05\/composite-image-creative-colleagues-with-laptop-digital-tablet-scaled.jpg\" tabindex=\"-1\" class=\"wpgb-handle-lb wpgb-lightbox\" data-type=\"image\" data-rel=\"5\" data-title=\"Kreativni kolege s prijenosnim ra\u010dunalom i digitalnim tabletom na pozadini drvenih dasaka\" data-desc=\"Creative colleagues with laptop and digital tablet against wooden planks background\" title=\"Enlarge photo\"><div style=\"background-image:url(https:\/\/text-it-easy.eu\/wp-content\/uploads\/2024\/05\/composite-image-creative-colleagues-with-laptop-digital-tablet-768x405.jpg)\"><\/div><noscript><img loading=\"lazy\" decoding=\"async\" class=\"wpgb-noscript-img\" src=\"https:\/\/text-it-easy.eu\/wp-content\/uploads\/2024\/05\/composite-image-creative-colleagues-with-laptop-digital-tablet-768x405.jpg\" alt=\"\" height=\"405\" width=\"768\"><\/noscript><\/a><\/div><\/div><div class=\"wpgb-card-content wpgb-scheme-dark\"><div class=\"wpgb-card-body\"><time class=\"wpgb-block-2\" datetime=\"2024-05-09T10:39:27+01:00\">09\/05\/2024<\/time><h3 class=\"wpgb-block-1\">Kome je namijenjen jednostavan jezik?<\/h3><a class=\"wpgb-block-3\" href=\"https:\/\/text-it-easy.eu\/hr\/blog\/kome-je-namijenjen-jednostavan-jezik\/\">Saznajte vi\u0161e<\/a><\/div><\/div><\/div><\/div><\/article>\t\t<\/div>\n\t<\/div>\n\t<\/div>\n\t<\/div>\n\t\t<\/div>\n<\/div>\n[\/et_pb_code][\/et_pb_column][\/et_pb_row][\/et_pb_section]<\/p>\n","protected":false},"excerpt":{"rendered":"<p>[et_pb_section fb_built=&#8221;1&#8243; _builder_version=&#8221;4.26.1&#8243; _module_preset=&#8221;default&#8221; use_background_color_gradient=&#8221;on&#8221; background_color_gradient_direction=&#8221;90deg&#8221; background_color_gradient_stops=&#8221;#99ffcc 33%|#f7fcbe 99%&#8221; global_module=&#8221;145&#8243; saved_tabs=&#8221;all&#8221; global_colors_info=&#8221;{}&#8221;][et_pb_row _builder_version=&#8221;4.27.4&#8243; _module_preset=&#8221;f65e0117-e408-4718-808f-07fe51790640&#8243; global_colors_info=&#8221;{}&#8221;][et_pb_column type=&#8221;4_4&#8243; _builder_version=&#8221;4.26.1&#8243; _module_preset=&#8221;default&#8221; global_colors_info=&#8221;{}&#8221;][et_pb_post_title _builder_version=&#8221;4.27.4&#8243; _module_preset=&#8221;default&#8221; title_font=&#8221;&#8211;et_global_heading_font|700|||||||&#8221; title_font_size=&#8221;4rem&#8221; global_colors_info=&#8221;{}&#8221;][\/et_pb_post_title][\/et_pb_column][\/et_pb_row][\/et_pb_section][et_pb_section fb_built=&#8221;1&#8243; _builder_version=&#8221;4.26.1&#8243; _module_preset=&#8221;default&#8221; global_colors_info=&#8221;{}&#8221;][et_pb_row _builder_version=&#8221;4.27.4&#8243; _module_preset=&#8221;f65e0117-e408-4718-808f-07fe51790640&#8243; hover_enabled=&#8221;0&#8243; global_colors_info=&#8221;{}&#8221; sticky_enabled=&#8221;0&#8243;][et_pb_column type=&#8221;4_4&#8243; _builder_version=&#8221;4.26.1&#8243; _module_preset=&#8221;default&#8221; global_colors_info=&#8221;{}&#8221;][et_pb_code _builder_version=&#8221;4.26.1&#8243; _module_preset=&#8221;default&#8221; hover_enabled=&#8221;0&#8243; global_colors_info=&#8221;{}&#8221; sticky_enabled=&#8221;0&#8243;][\/et_pb_code][\/et_pb_column][\/et_pb_row][\/et_pb_section]<\/p>\n","protected":false},"author":1,"featured_media":0,"parent":0,"menu_order":0,"comment_status":"closed","ping_status":"closed","template":"","meta":{"_acf_changed":false,"_et_pb_use_builder":"on","_et_pb_old_content":"","_et_gb_content_width":"","footnotes":""},"class_list":["post-1302","page","type-page","status-publish","hentry"],"acf":[],"_links":{"self":[{"href":"https:\/\/text-it-easy.eu\/hr\/wp-json\/wp\/v2\/pages\/1302","targetHints":{"allow":["GET"]}}],"collection":[{"href":"https:\/\/text-it-easy.eu\/hr\/wp-json\/wp\/v2\/pages"}],"about":[{"href":"https:\/\/text-it-easy.eu\/hr\/wp-json\/wp\/v2\/types\/page"}],"author":[{"embeddable":true,"href":"https:\/\/text-it-easy.eu\/hr\/wp-json\/wp\/v2\/users\/1"}],"replies":[{"embeddable":true,"href":"https:\/\/text-it-easy.eu\/hr\/wp-json\/wp\/v2\/comments?post=1302"}],"version-history":[{"count":2,"href":"https:\/\/text-it-easy.eu\/hr\/wp-json\/wp\/v2\/pages\/1302\/revisions"}],"predecessor-version":[{"id":2736,"href":"https:\/\/text-it-easy.eu\/hr\/wp-json\/wp\/v2\/pages\/1302\/revisions\/2736"}],"wp:attachment":[{"href":"https:\/\/text-it-easy.eu\/hr\/wp-json\/wp\/v2\/media?parent=1302"}],"curies":[{"name":"wp","href":"https:\/\/api.w.org\/{rel}","templated":true}]}}