{"id":310,"date":"2024-07-16T15:56:58","date_gmt":"2024-07-16T13:56:58","guid":{"rendered":"https:\/\/text-it-easy.eu\/a-propos\/"},"modified":"2025-12-11T18:12:16","modified_gmt":"2025-12-11T16:12:16","slug":"a-propos","status":"publish","type":"page","link":"https:\/\/text-it-easy.eu\/fr\/a-propos\/","title":{"rendered":"\u00c0 propos"},"content":{"rendered":"<p>[et_pb_section fb_built=\u00a0\u00bb1&Prime; _builder_version=\u00a0\u00bb4.26.1&Prime; _module_preset=\u00a0\u00bbdefault\u00a0\u00bb use_background_color_gradient=\u00a0\u00bbon\u00a0\u00bb background_color_gradient_direction=\u00a0\u00bb90deg\u00a0\u00bb background_color_gradient_stops=\u00a0\u00bb#99ffcc 33%|#f7fcbe 99%\u00a0\u00bb global_module=\u00a0\u00bb145&Prime; saved_tabs=\u00a0\u00bball\u00a0\u00bb global_colors_info=\u00a0\u00bb{}\u00a0\u00bb][et_pb_row _builder_version=\u00a0\u00bb4.26.1&Prime; _module_preset=\u00a0\u00bbdefault\u00a0\u00bb global_colors_info=\u00a0\u00bb{}\u00a0\u00bb][et_pb_column type=\u00a0\u00bb4_4&Prime; _builder_version=\u00a0\u00bb4.26.1&Prime; _module_preset=\u00a0\u00bbdefault\u00a0\u00bb global_colors_info=\u00a0\u00bb{}\u00a0\u00bb][et_pb_post_title _builder_version=\u00a0\u00bb4.27.4&Prime; _module_preset=\u00a0\u00bbdefault\u00a0\u00bb hover_enabled=\u00a0\u00bb0&Prime; global_colors_info=\u00a0\u00bb{}\u00a0\u00bb title_font_size=\u00a0\u00bb4rem\u00a0\u00bb sticky_enabled=\u00a0\u00bb0&Prime; title_font=\u00a0\u00bb&#8211;et_global_heading_font|700|||||||\u00a0\u00bb][\/et_pb_post_title][\/et_pb_column][\/et_pb_row][\/et_pb_section][et_pb_section fb_built=\u00a0\u00bb1&Prime; _builder_version=\u00a0\u00bb4.26.0&Prime; _module_preset=\u00a0\u00bbdefault\u00a0\u00bb global_colors_info=\u00a0\u00bb{}\u00a0\u00bb][et_pb_row _builder_version=\u00a0\u00bb4.26.1&Prime; _module_preset=\u00a0\u00bbdefault\u00a0\u00bb global_colors_info=\u00a0\u00bb{}\u00a0\u00bb][et_pb_column type=\u00a0\u00bb4_4&Prime; _builder_version=\u00a0\u00bb4.26.0&Prime; _module_preset=\u00a0\u00bbdefault\u00a0\u00bb global_colors_info=\u00a0\u00bb{}\u00a0\u00bb][et_pb_text _builder_version=\u00a0\u00bb4.27.4&Prime; _module_preset=\u00a0\u00bbdefault\u00a0\u00bb text_line_height=\u00a0\u00bb2em\u00a0\u00bb max_width=\u00a0\u00bb700px\u00a0\u00bb hover_enabled=\u00a0\u00bb0&Prime; global_colors_info=\u00a0\u00bb{}\u00a0\u00bb header_2_font_size=\u00a0\u00bb2.5rem\u00a0\u00bb header_2_line_height=\u00a0\u00bb2em\u00a0\u00bb sticky_enabled=\u00a0\u00bb0&Prime; header_font=\u00a0\u00bb||||||||\u00a0\u00bb header_2_font=\u00a0\u00bb|700|||||||\u00a0\u00bb]<\/p>\n<h2>Le projet<\/h2>\n<p>Text it Easy est un projet europ\u00e9en.<\/p>\n<p>Ce projet est financ\u00e9 par Erasmus+.<\/p>\n<p>Text it Easy est un projet pour l&rsquo;utilisation du langage clair.<\/p>\n<p>Le langage clair utilise des mots simples et des phrases courtes.<\/p>\n<p>Cela aide tout le monde \u00e0 comprendre plus facilement.<\/p>\n<p>Text it Easy veut rendre l&rsquo;information et la communication accessibles \u00e0 tous.<\/p>\n<p>Cela aide les gens \u00e0 mieux s&rsquo;int\u00e9grer dans la soci\u00e9t\u00e9.<\/p>\n<p>Text it Easy veut sensibiliser au langage clair dans les \u00e9coles, <br \/>les centres de formation et les lieux de travail.<\/p>\n<p>L&rsquo;enseignement et la formation sont importants pour apprendre et \u00e9voluer dans son travail.<\/p>\n<p>Text it Easy propose des ressources gratuites pour apprendre \u00e0 utiliser le langage clair.<\/p>\n<p>Le projet propose aussi des outils d\u2019intelligence artificielle pour aider les enseignants, les formateurs et les professionnels \u00e0 \u00e9crire en langage clair.<\/p>\n<p>Text it Easy encourage l&rsquo;utilisation du langage clair pour rendre la formation et le travail plus inclusifs.<\/p>\n<p>[\/et_pb_text][\/et_pb_column][\/et_pb_row][et_pb_row _builder_version=\u00a0\u00bb4.26.0&Prime; _module_preset=\u00a0\u00bbdefault\u00a0\u00bb border_width_top=\u00a0\u00bb3px\u00a0\u00bb border_color_top=\u00a0\u00bb#99FFCC\u00a0\u00bb global_colors_info=\u00a0\u00bb{}\u00a0\u00bb][et_pb_column type=\u00a0\u00bb4_4&Prime; _builder_version=\u00a0\u00bb4.26.0&Prime; _module_preset=\u00a0\u00bbdefault\u00a0\u00bb global_colors_info=\u00a0\u00bb{}\u00a0\u00bb][et_pb_text _builder_version=\u00a0\u00bb4.26.0&Prime; _module_preset=\u00a0\u00bbdefault\u00a0\u00bb global_colors_info=\u00a0\u00bb{}\u00a0\u00bb header_2_font_size=\u00a0\u00bb2.5rem\u00a0\u00bb header_2_line_height=\u00a0\u00bb2em\u00a0\u00bb]<\/p>\n<h2><strong>Un partenariat europ\u00e9en<\/strong><\/h2>\n<p>[\/et_pb_text][et_pb_code _builder_version=\u00a0\u00bb4.27.0&Prime; _module_preset=\u00a0\u00bbdefault\u00a0\u00bb global_colors_info=\u00a0\u00bb{}\u00a0\u00bb]<!-- Gridbuilder \u1d42\u1d3e Plugin (https:\/\/wpgridbuilder.com) -->\n<div class=\"wp-grid-builder wpgb-grid-2\" data-options=\"{&quot;id&quot;:2,&quot;type&quot;:&quot;masonry&quot;,&quot;source&quot;:&quot;post_type&quot;,&quot;loader&quot;:false,&quot;layout&quot;:&quot;vertical&quot;,&quot;reveal&quot;:0,&quot;isMainQuery&quot;:0,&quot;lazyLoad&quot;:false,&quot;cardSizes&quot;:{&quot;640&quot;:{&quot;columns&quot;:1,&quot;height&quot;:200,&quot;gutter&quot;:100,&quot;ratio&quot;:&quot;1.33333&quot;}},&quot;fitRows&quot;:false,&quot;equalRows&quot;:0,&quot;equalColumns&quot;:false,&quot;fillLastRow&quot;:0,&quot;centerLastRow&quot;:0,&quot;horizontalOrder&quot;:false,&quot;fullWidth&quot;:false,&quot;transitionDelay&quot;:100,&quot;gallerySlideshow&quot;:false,&quot;rowsNumber&quot;:1,&quot;slideAlign&quot;:&quot;left&quot;,&quot;groupCells&quot;:1,&quot;draggable&quot;:true,&quot;initialIndex&quot;:0,&quot;contain&quot;:false,&quot;freeScroll&quot;:false,&quot;freeFriction&quot;:&quot;0.075&quot;,&quot;friction&quot;:&quot;0.285&quot;,&quot;attraction&quot;:&quot;0.025&quot;,&quot;autoPlay&quot;:0,&quot;pageDotAriaLabel&quot;:&quot;Point de page %d&quot;,&quot;isPreview&quot;:false,&quot;isGutenberg&quot;:false,&quot;rightToLeft&quot;:false}\"><div class=\"wpgb-svg-icons\" hidden>\n\t<svg viewBox=\"0 0 120 24\" width=\"0\" height=\"0\">\n\t<defs>\n        <polygon id=\"wpgb-star-svg\" points=\"12 2.5 15.1 8.8 22 9.8 17 14.6 18.2 21.5 12 18.3 5.8 21.5 7 14.6 2 9.8 8.9 8.8\"><\/polygon>\n    <\/defs>\n    <symbol id=\"wpgb-rating-stars-svg\">\n        <use xlink:href=\"#wpgb-star-svg\"><\/use>\n        <use xlink:href=\"#wpgb-star-svg\" x=\"24\"><\/use>\n        <use xlink:href=\"#wpgb-star-svg\" x=\"48\"><\/use>\n        <use xlink:href=\"#wpgb-star-svg\" x=\"72\"><\/use>\n        <use xlink:href=\"#wpgb-star-svg\" x=\"96\"><\/use>\n    <\/symbol>\n<\/svg>\n<\/div>\n<div class=\"wpgb-wrapper\">\n\t<div class=\"wpgb-main\">\n\t<div class=\"wpgb-layout\">\n\t<div class=\"wpgb-viewport\">\n\t\t<div class=\"wpgb-masonry\">\n\t\t\t<article class=\"wpgb-card wpgb-card-2 wpgb-post-82\" data-col=\"1\" data-row=\"1\" data-format=\"standard\"><div class=\"wpgb-card-wrapper\"><div class=\"wpgb-card-inner\"><div class=\"wpgb-card-media wpgb-scheme-light\"><svg data-ratio style=\"padding-top:40%\" viewBox=\"0 0 5 2\" aria-hidden=\"true\"><\/svg><div class=\"wpgb-card-media-thumbnail\"><a href=\"https:\/\/text-it-easy.eu\/wp-content\/uploads\/2024\/07\/u31.png\" tabindex=\"-1\" class=\"wpgb-handle-lb wpgb-lightbox\" data-type=\"image\" data-rel=\"2\" data-title=\"u31\" title=\"Agrandir la photo\"><div style=\"background-image:url(https:\/\/text-it-easy.eu\/wp-content\/uploads\/2024\/07\/u31.png)\"><\/div><noscript><img loading=\"lazy\" decoding=\"async\" class=\"wpgb-noscript-img\" src=\"https:\/\/text-it-easy.eu\/wp-content\/uploads\/2024\/07\/u31.png\" alt=\"U31\" height=\"284\" width=\"287\"><\/noscript><\/a><\/div><\/div><div class=\"wpgb-card-content wpgb-scheme-dark\"><div class=\"wpgb-card-body\"><div class=\"wpgb-block-2\">France<\/div><h3 class=\"wpgb-block-1\">U31<\/h3><a class=\"wpgb-block-4\" target=\"_blank\" rel=\"external noopener noreferrer\" href=\"https:\/\/u31.io\">Website<\/a><\/div><\/div><\/div><\/div><\/article><article class=\"wpgb-card wpgb-card-2 wpgb-post-75\" data-col=\"1\" data-row=\"1\" data-format=\"standard\"><div class=\"wpgb-card-wrapper\"><div class=\"wpgb-card-inner\"><div class=\"wpgb-card-media wpgb-scheme-light\"><svg data-ratio style=\"padding-top:40%\" viewBox=\"0 0 5 2\" aria-hidden=\"true\"><\/svg><div class=\"wpgb-card-media-thumbnail\"><a href=\"https:\/\/text-it-easy.eu\/wp-content\/uploads\/2024\/07\/SABA_Logo-nobg.png\" tabindex=\"-1\" class=\"wpgb-handle-lb wpgb-lightbox\" data-type=\"image\" data-rel=\"2\" data-title=\"SABA_Logo-nobg\" title=\"Agrandir la photo\"><div style=\"background-image:url(https:\/\/text-it-easy.eu\/wp-content\/uploads\/2024\/07\/SABA_Logo-nobg-768x268.png)\"><\/div><noscript><img loading=\"lazy\" decoding=\"async\" class=\"wpgb-noscript-img\" src=\"https:\/\/text-it-easy.eu\/wp-content\/uploads\/2024\/07\/SABA_Logo-nobg-768x268.png\" alt=\"\" height=\"268\" width=\"768\"><\/noscript><\/a><\/div><\/div><div class=\"wpgb-card-content wpgb-scheme-dark\"><div class=\"wpgb-card-body\"><div class=\"wpgb-block-2\">The Republic of North Macedonia<\/div><h3 class=\"wpgb-block-1\">SABA<\/h3><div class=\"wpgb-block-3\">SABA is a private high school founded in 2007.\r\nIt offers programs in business, administration, IT, and tourism.\r\nThe school has campuses in Skopje, Bitola, and Shtip.\r\nSABA has about 220 students and 40 staff members.\r\nThe school provides a different learning experience than public schools in Macedonia.\r\nIt combines classroom learning with practical experience to prepare students for jobs.\r\nSABA is also recognised for its work in the ERASMUS+ program.<\/div><a class=\"wpgb-block-4\" target=\"_blank\" rel=\"external noopener noreferrer\" href=\"https:\/\/saba.edu.mk\">Website<\/a><\/div><\/div><\/div><\/div><\/article><article class=\"wpgb-card wpgb-card-2 wpgb-post-77\" data-col=\"1\" data-row=\"1\" data-format=\"standard\"><div class=\"wpgb-card-wrapper\"><div class=\"wpgb-card-inner\"><div class=\"wpgb-card-media wpgb-scheme-light\"><svg data-ratio style=\"padding-top:40%\" viewBox=\"0 0 5 2\" aria-hidden=\"true\"><\/svg><div class=\"wpgb-card-media-thumbnail\"><a href=\"https:\/\/text-it-easy.eu\/wp-content\/uploads\/2024\/07\/uciliste-studium.png\" tabindex=\"-1\" class=\"wpgb-handle-lb wpgb-lightbox\" data-type=\"image\" data-rel=\"2\" data-title=\"uciliste-studium\" title=\"Agrandir la photo\"><div style=\"background-image:url(https:\/\/text-it-easy.eu\/wp-content\/uploads\/2024\/07\/uciliste-studium.png)\"><\/div><noscript><img loading=\"lazy\" decoding=\"async\" class=\"wpgb-noscript-img\" src=\"https:\/\/text-it-easy.eu\/wp-content\/uploads\/2024\/07\/uciliste-studium.png\" alt=\"U\u010dili\u0161te Studium\" height=\"135\" width=\"135\"><\/noscript><\/a><\/div><\/div><div class=\"wpgb-card-content wpgb-scheme-dark\"><div class=\"wpgb-card-body\"><div class=\"wpgb-block-2\">Croatia<\/div><h3 class=\"wpgb-block-1\">U\u010dili\u0161te Studium<\/h3><div class=\"wpgb-block-3\">AEI Studium is an adult education institution from Croatia.\r\nOur main mission is to promote lifelong learning by creating and offering education programs for adults.\r\nWe have developed over 200 certified programs in various fields, like healthcare, social welfare, construction, tourism, hospitality, mechanics, and computing.\r\nWe focus on helping vulnerable groups, such as people with low qualifications, NEETs (youth not in education, employment, or training), minorities, and others.\r\nThis drives our commitment to using simple, clear language.<\/div><a class=\"wpgb-block-4\" target=\"_blank\" rel=\"external noopener noreferrer\" href=\"https:\/\/uciliste-studium.hr\">Website<\/a><\/div><\/div><\/div><\/div><\/article><article class=\"wpgb-card wpgb-card-2 wpgb-post-81\" data-col=\"1\" data-row=\"1\" data-format=\"standard\"><div class=\"wpgb-card-wrapper\"><div class=\"wpgb-card-inner\"><div class=\"wpgb-card-media wpgb-scheme-light\"><svg data-ratio style=\"padding-top:40%\" viewBox=\"0 0 5 2\" aria-hidden=\"true\"><\/svg><div class=\"wpgb-card-media-thumbnail\"><a href=\"https:\/\/text-it-easy.eu\/wp-content\/uploads\/2024\/07\/logopsycom.png\" tabindex=\"-1\" class=\"wpgb-handle-lb wpgb-lightbox\" data-type=\"image\" data-rel=\"2\" data-title=\"logopsycom\" title=\"Agrandir la photo\"><div style=\"background-image:url(https:\/\/text-it-easy.eu\/wp-content\/uploads\/2024\/07\/logopsycom.png)\"><\/div><noscript><img loading=\"lazy\" decoding=\"async\" class=\"wpgb-noscript-img\" src=\"https:\/\/text-it-easy.eu\/wp-content\/uploads\/2024\/07\/logopsycom.png\" alt=\"Logopsycom\" height=\"238\" width=\"400\"><\/noscript><\/a><\/div><\/div><div class=\"wpgb-card-content wpgb-scheme-dark\"><div class=\"wpgb-card-body\"><div class=\"wpgb-block-2\">Belgium<\/div><h3 class=\"wpgb-block-1\">Logopsycom<\/h3><div class=\"wpgb-block-3\">Logopsycom creates innovative tools to accompany schools, educational organisations, youngsters and parents.\r\nWe specialise in \u201cDys\u201d (Dyspraxia, Dysphasia, Dyslexia, etc.), also called Specific Learning Disorders.\r\nWe aim to make our content accessible for all.\r\nWe also help other organisations such as schools to work on their projects.\r\nWe work with them to improve the quality of their teaching methods and their inclusion policy.<\/div><a class=\"wpgb-block-4\" target=\"_blank\" rel=\"external noopener noreferrer\" href=\"https:\/\/logopsycom.com\">Website<\/a><\/div><\/div><\/div><\/div><\/article><article class=\"wpgb-card wpgb-card-2 wpgb-post-72\" data-col=\"1\" data-row=\"1\" data-format=\"standard\"><div class=\"wpgb-card-wrapper\"><div class=\"wpgb-card-inner\"><div class=\"wpgb-card-media wpgb-scheme-light\"><svg data-ratio style=\"padding-top:40%\" viewBox=\"0 0 5 2\" aria-hidden=\"true\"><\/svg><div class=\"wpgb-card-media-thumbnail\"><a href=\"https:\/\/text-it-easy.eu\/wp-content\/uploads\/2024\/07\/lesapprimeurs.png\" tabindex=\"-1\" class=\"wpgb-handle-lb wpgb-lightbox\" data-type=\"image\" data-rel=\"2\" data-title=\"lesapprimeurs\" title=\"Agrandir la photo\"><div style=\"background-image:url(https:\/\/text-it-easy.eu\/wp-content\/uploads\/2024\/07\/lesapprimeurs.png)\"><\/div><noscript><img loading=\"lazy\" decoding=\"async\" class=\"wpgb-noscript-img\" src=\"https:\/\/text-it-easy.eu\/wp-content\/uploads\/2024\/07\/lesapprimeurs.png\" alt=\"Les Apprimeurs\" height=\"68\" width=\"300\"><\/noscript><\/a><\/div><\/div><div class=\"wpgb-card-content wpgb-scheme-dark\"><div class=\"wpgb-card-body\"><div class=\"wpgb-block-2\">France<\/div><h3 class=\"wpgb-block-1\">Les Apprimeurs<\/h3><div class=\"wpgb-block-3\">Les Apprimeurs is a French company that creates custom digital tools for education, culture, and training.<\/div><a class=\"wpgb-block-4\" target=\"_blank\" rel=\"external noopener noreferrer\" href=\"https:\/\/lesapprimeurs.com\">Website<\/a><\/div><\/div><\/div><\/div><\/article><article class=\"wpgb-card wpgb-card-2 wpgb-post-79\" data-col=\"1\" data-row=\"1\" data-format=\"standard\"><div class=\"wpgb-card-wrapper\"><div class=\"wpgb-card-inner\"><div class=\"wpgb-card-media wpgb-scheme-light\"><svg data-ratio style=\"padding-top:40%\" viewBox=\"0 0 5 2\" aria-hidden=\"true\"><\/svg><div class=\"wpgb-card-media-thumbnail\"><a href=\"https:\/\/text-it-easy.eu\/wp-content\/uploads\/2024\/07\/casa-corpului-didactic-cluj.png\" tabindex=\"-1\" class=\"wpgb-handle-lb wpgb-lightbox\" data-type=\"image\" data-rel=\"2\" data-title=\"casa-corpului-didactic-cluj\" title=\"Agrandir la photo\"><div style=\"background-image:url(https:\/\/text-it-easy.eu\/wp-content\/uploads\/2024\/07\/casa-corpului-didactic-cluj.png)\"><\/div><noscript><img loading=\"lazy\" decoding=\"async\" class=\"wpgb-noscript-img\" src=\"https:\/\/text-it-easy.eu\/wp-content\/uploads\/2024\/07\/casa-corpului-didactic-cluj.png\" alt=\"Casa Corpului Didactic Cluj\" height=\"123\" width=\"184\"><\/noscript><\/a><\/div><\/div><div class=\"wpgb-card-content wpgb-scheme-dark\"><div class=\"wpgb-card-body\"><div class=\"wpgb-block-2\">Romania<\/div><h3 class=\"wpgb-block-1\">Casa Corpului Didactic Cluj<\/h3><a class=\"wpgb-block-4\" target=\"_blank\" rel=\"external noopener noreferrer\" href=\"http:\/\/ccdcluj.ro\">Website<\/a><\/div><\/div><\/div><\/div><\/article>\t\t<\/div>\n\t<\/div>\n\t<\/div>\n\t<\/div>\n\t\t<\/div>\n<\/div>\n[\/et_pb_code][\/et_pb_column][\/et_pb_row][\/et_pb_section]<\/p>\n","protected":false},"excerpt":{"rendered":"<p>[et_pb_section fb_built=\u00a0\u00bb1&Prime; _builder_version=\u00a0\u00bb4.26.1&Prime; _module_preset=\u00a0\u00bbdefault\u00a0\u00bb use_background_color_gradient=\u00a0\u00bbon\u00a0\u00bb background_color_gradient_direction=\u00a0\u00bb90deg\u00a0\u00bb background_color_gradient_stops=\u00a0\u00bb#99ffcc 33%|#f7fcbe 99%\u00a0\u00bb global_module=\u00a0\u00bb145&Prime; saved_tabs=\u00a0\u00bball\u00a0\u00bb global_colors_info=\u00a0\u00bb{}\u00a0\u00bb][et_pb_row _builder_version=\u00a0\u00bb4.26.1&Prime; _module_preset=\u00a0\u00bbdefault\u00a0\u00bb global_colors_info=\u00a0\u00bb{}\u00a0\u00bb][et_pb_column type=\u00a0\u00bb4_4&Prime; _builder_version=\u00a0\u00bb4.26.1&Prime; _module_preset=\u00a0\u00bbdefault\u00a0\u00bb global_colors_info=\u00a0\u00bb{}\u00a0\u00bb][et_pb_post_title _builder_version=\u00a0\u00bb4.27.4&Prime; _module_preset=\u00a0\u00bbdefault\u00a0\u00bb hover_enabled=\u00a0\u00bb0&Prime; global_colors_info=\u00a0\u00bb{}\u00a0\u00bb title_font_size=\u00a0\u00bb4rem\u00a0\u00bb sticky_enabled=\u00a0\u00bb0&Prime; title_font=\u00a0\u00bb&#8211;et_global_heading_font|700|||||||\u00a0\u00bb][\/et_pb_post_title][\/et_pb_column][\/et_pb_row][\/et_pb_section][et_pb_section fb_built=\u00a0\u00bb1&Prime; _builder_version=\u00a0\u00bb4.26.0&Prime; _module_preset=\u00a0\u00bbdefault\u00a0\u00bb global_colors_info=\u00a0\u00bb{}\u00a0\u00bb][et_pb_row _builder_version=\u00a0\u00bb4.26.1&Prime; _module_preset=\u00a0\u00bbdefault\u00a0\u00bb global_colors_info=\u00a0\u00bb{}\u00a0\u00bb][et_pb_column type=\u00a0\u00bb4_4&Prime; _builder_version=\u00a0\u00bb4.26.0&Prime; _module_preset=\u00a0\u00bbdefault\u00a0\u00bb global_colors_info=\u00a0\u00bb{}\u00a0\u00bb][et_pb_text _builder_version=\u00a0\u00bb4.27.4&Prime; _module_preset=\u00a0\u00bbdefault\u00a0\u00bb text_line_height=\u00a0\u00bb2em\u00a0\u00bb max_width=\u00a0\u00bb700px\u00a0\u00bb hover_enabled=\u00a0\u00bb0&Prime; global_colors_info=\u00a0\u00bb{}\u00a0\u00bb header_2_font_size=\u00a0\u00bb2.5rem\u00a0\u00bb header_2_line_height=\u00a0\u00bb2em\u00a0\u00bb sticky_enabled=\u00a0\u00bb0&Prime; header_font=\u00a0\u00bb||||||||\u00a0\u00bb header_2_font=\u00a0\u00bb|700|||||||\u00a0\u00bb] Le projet Text it Easy est un [&hellip;]<\/p>\n","protected":false},"author":1,"featured_media":0,"parent":0,"menu_order":0,"comment_status":"closed","ping_status":"closed","template":"","meta":{"_acf_changed":false,"_et_pb_use_builder":"on","_et_pb_old_content":"","_et_gb_content_width":"","footnotes":""},"class_list":["post-310","page","type-page","status-publish","hentry"],"acf":[],"_links":{"self":[{"href":"https:\/\/text-it-easy.eu\/fr\/wp-json\/wp\/v2\/pages\/310","targetHints":{"allow":["GET"]}}],"collection":[{"href":"https:\/\/text-it-easy.eu\/fr\/wp-json\/wp\/v2\/pages"}],"about":[{"href":"https:\/\/text-it-easy.eu\/fr\/wp-json\/wp\/v2\/types\/page"}],"author":[{"embeddable":true,"href":"https:\/\/text-it-easy.eu\/fr\/wp-json\/wp\/v2\/users\/1"}],"replies":[{"embeddable":true,"href":"https:\/\/text-it-easy.eu\/fr\/wp-json\/wp\/v2\/comments?post=310"}],"version-history":[{"count":13,"href":"https:\/\/text-it-easy.eu\/fr\/wp-json\/wp\/v2\/pages\/310\/revisions"}],"predecessor-version":[{"id":2457,"href":"https:\/\/text-it-easy.eu\/fr\/wp-json\/wp\/v2\/pages\/310\/revisions\/2457"}],"wp:attachment":[{"href":"https:\/\/text-it-easy.eu\/fr\/wp-json\/wp\/v2\/media?parent=310"}],"curies":[{"name":"wp","href":"https:\/\/api.w.org\/{rel}","templated":true}]}}