{"id":1528,"date":"2024-07-17T17:03:13","date_gmt":"2024-07-17T15:03:13","guid":{"rendered":"https:\/\/text-it-easy.eu\/obtenir-la-certification\/"},"modified":"2025-12-15T15:31:36","modified_gmt":"2025-12-15T13:31:36","slug":"obtenir-la-certification","status":"publish","type":"page","link":"https:\/\/text-it-easy.eu\/fr\/obtenir-la-certification\/","title":{"rendered":"Obtenir la certification"},"content":{"rendered":"<p>[et_pb_section fb_built=\u00a0\u00bb1&Prime; _builder_version=\u00a0\u00bb4.26.1&Prime; _module_preset=\u00a0\u00bbdefault\u00a0\u00bb use_background_color_gradient=\u00a0\u00bbon\u00a0\u00bb background_color_gradient_direction=\u00a0\u00bb90deg\u00a0\u00bb background_color_gradient_stops=\u00a0\u00bb#99ffcc 33%|#f7fcbe 99%\u00a0\u00bb global_module=\u00a0\u00bb145&Prime; saved_tabs=\u00a0\u00bball\u00a0\u00bb global_colors_info=\u00a0\u00bb{}\u00a0\u00bb][et_pb_row _builder_version=\u00a0\u00bb4.27.4&Prime; _module_preset=\u00a0\u00bbf65e0117-e408-4718-808f-07fe51790640&Prime; global_colors_info=\u00a0\u00bb{}\u00a0\u00bb][et_pb_column type=\u00a0\u00bb4_4&Prime; _builder_version=\u00a0\u00bb4.26.1&Prime; _module_preset=\u00a0\u00bbdefault\u00a0\u00bb global_colors_info=\u00a0\u00bb{}\u00a0\u00bb][et_pb_post_title _builder_version=\u00a0\u00bb4.27.4&Prime; _module_preset=\u00a0\u00bbdefault\u00a0\u00bb title_font=\u00a0\u00bb&#8211;et_global_heading_font|700|||||||\u00a0\u00bb title_font_size=\u00a0\u00bb4rem\u00a0\u00bb global_colors_info=\u00a0\u00bb{}\u00a0\u00bb][\/et_pb_post_title][\/et_pb_column][\/et_pb_row][\/et_pb_section][et_pb_section fb_built=\u00a0\u00bb1&Prime; disabled_on=\u00a0\u00bboff|off|off\u00a0\u00bb _builder_version=\u00a0\u00bb4.26.1&Prime; _module_preset=\u00a0\u00bbdefault\u00a0\u00bb locked=\u00a0\u00bboff\u00a0\u00bb global_colors_info=\u00a0\u00bb{}\u00a0\u00bb][et_pb_row column_structure=\u00a0\u00bb2_5,3_5&Prime; disabled_on=\u00a0\u00bboff|off|off\u00a0\u00bb _builder_version=\u00a0\u00bb4.27.4&Prime; _module_preset=\u00a0\u00bbf65e0117-e408-4718-808f-07fe51790640&Prime; custom_margin=\u00a0\u00bb||||false|false\u00a0\u00bb border_width_bottom=\u00a0\u00bb3px\u00a0\u00bb border_color_bottom=\u00a0\u00bb#99FFCC\u00a0\u00bb global_colors_info=\u00a0\u00bb{}\u00a0\u00bb][et_pb_column type=\u00a0\u00bb2_5&Prime; _builder_version=\u00a0\u00bb4.26.1&Prime; _module_preset=\u00a0\u00bbdefault\u00a0\u00bb global_colors_info=\u00a0\u00bb{}\u00a0\u00bb][et_pb_text _builder_version=\u00a0\u00bb4.27.4&Prime; _module_preset=\u00a0\u00bbe3b64f60-d79c-4c35-ae75-4ac8df2cba20&Prime; header_2_font_size=\u00a0\u00bb2.5rem\u00a0\u00bb hover_enabled=\u00a0\u00bb0&Prime; global_colors_info=\u00a0\u00bb{}\u00a0\u00bb header_2_line_height=\u00a0\u00bb1.3em\u00a0\u00bb sticky_enabled=\u00a0\u00bb0&Prime;]<\/p>\n<h2>Module 1 : Comprendre le langage clair<\/h2>\n<p>[\/et_pb_text][\/et_pb_column][et_pb_column type=\u00a0\u00bb3_5&Prime; _builder_version=\u00a0\u00bb4.26.1&Prime; _module_preset=\u00a0\u00bbdefault\u00a0\u00bb global_colors_info=\u00a0\u00bb{}\u00a0\u00bb][et_pb_text _builder_version=\u00a0\u00bb4.27.4&Prime; _module_preset=\u00a0\u00bbe3b64f60-d79c-4c35-ae75-4ac8df2cba20&Prime; max_width=\u00a0\u00bb700px\u00a0\u00bb global_colors_info=\u00a0\u00bb{}\u00a0\u00bb]<\/p>\n<p>Pensez \u00e0 la derni\u00e8re fois o\u00f9 vous avez lu quelque chose qui vous a laiss\u00e9 perplexe. Peut-\u00eatre s&rsquo;agissait-il d&rsquo;un formulaire r\u00e9dig\u00e9 dans un langage compliqu\u00e9 ou d&rsquo;un e-mail qui semblait tourner en rond. Pour beaucoup de gens, ce n&rsquo;est pas seulement aga\u00e7ant, c&rsquo;est un v\u00e9ritable obstacle \u00e0 la participation \u00e0 la vie quotidienne. Le langage clair offre une solution. Il ne s&rsquo;agit pas de simplifier les choses \u00e0 outrance, mais d&rsquo;\u00e9crire de mani\u00e8re \u00e0 ce que les lecteurs puissent trouver ce dont ils ont besoin, le comprendre et agir en cons\u00e9quence.     <\/p>\n<p>Dans ce premier module, nous examinons de plus pr\u00e8s ce que signifie r\u00e9ellement le langage clair. Vous verrez en quoi il diff\u00e8re d&rsquo;un langage facile \u00e0 lire et \u00e0 comprendre, pourquoi il est important pour tout le monde et comment il est li\u00e9 \u00e0 l&rsquo;inclusion et \u00e0 l&rsquo;accessibilit\u00e9. Au fil du module, vous examinerez des exemples concrets, \u00e9couterez des t\u00e9moignages de personnes travaillant dans ce domaine et apprendrez les principes cl\u00e9s qui rendent un texte clair et utilisable.  <\/p>\n<p>\u00c0 la fin, vous aurez une solide compr\u00e9hension du langage clair et de la raison pour laquelle il s&rsquo;agit d&rsquo;une comp\u00e9tence essentielle pour toute personne travaillant avec des informations, que ce soit dans le domaine de la formation, des services publics ou dans d&rsquo;autres contextes professionnels.<\/p>\n<p>[\/et_pb_text][et_pb_button button_url=\u00a0\u00bb\/fr\/obtenir-la-certification\/evaluation-initiale\/?module=1&Prime; button_text=\u00a0\u00bbCommencer le module 1 (3h)\u00a0\u00bb _builder_version=\u00a0\u00bb4.27.4&Prime; _module_preset=\u00a0\u00bb99024ec4-eac4-4c72-8c2b-a8aa24bb2bae\u00a0\u00bb global_colors_info=\u00a0\u00bb{}\u00a0\u00bb][\/et_pb_button][\/et_pb_column][\/et_pb_row][et_pb_row column_structure=\u00a0\u00bb2_5,3_5&Prime; disabled_on=\u00a0\u00bboff|off|off\u00a0\u00bb _builder_version=\u00a0\u00bb4.27.4&Prime; _module_preset=\u00a0\u00bbf65e0117-e408-4718-808f-07fe51790640&Prime; border_width_bottom=\u00a0\u00bb3px\u00a0\u00bb border_color_bottom=\u00a0\u00bb#99FFCC\u00a0\u00bb global_colors_info=\u00a0\u00bb{}\u00a0\u00bb][et_pb_column type=\u00a0\u00bb2_5&Prime; _builder_version=\u00a0\u00bb4.26.1&Prime; _module_preset=\u00a0\u00bbdefault\u00a0\u00bb global_colors_info=\u00a0\u00bb{}\u00a0\u00bb][et_pb_text _builder_version=\u00a0\u00bb4.27.4&Prime; _module_preset=\u00a0\u00bbe3b64f60-d79c-4c35-ae75-4ac8df2cba20&Prime; header_2_font_size=\u00a0\u00bb2.5rem\u00a0\u00bb header_2_line_height=\u00a0\u00bb1.3em\u00a0\u00bb custom_margin=\u00a0\u00bb||||false|false\u00a0\u00bb custom_padding=\u00a0\u00bb||||false|false\u00a0\u00bb hover_enabled=\u00a0\u00bb0&Prime; global_colors_info=\u00a0\u00bb{}\u00a0\u00bb sticky_enabled=\u00a0\u00bb0&Prime;]<\/p>\n<h2>Module 2 : Utilisation d&rsquo;un langage clair<\/h2>\n<p>[\/et_pb_text][\/et_pb_column][et_pb_column type=\u00a0\u00bb3_5&Prime; _builder_version=\u00a0\u00bb4.26.1&Prime; _module_preset=\u00a0\u00bbdefault\u00a0\u00bb global_colors_info=\u00a0\u00bb{}\u00a0\u00bb][et_pb_text _builder_version=\u00a0\u00bb4.27.4&Prime; _module_preset=\u00a0\u00bbe3b64f60-d79c-4c35-ae75-4ac8df2cba20&Prime; max_width=\u00a0\u00bb700px\u00a0\u00bb custom_margin=\u00a0\u00bb||||false|false\u00a0\u00bb custom_padding=\u00a0\u00bb||||false|false\u00a0\u00bb global_colors_info=\u00a0\u00bb{}\u00a0\u00bb]<\/p>\n<p>Savoir ce qu&rsquo;est un langage clair ne suffit pas. Le v\u00e9ritable d\u00e9fi consiste \u00e0 le mettre en pratique. \u00c9crire clairement, structurer des documents de mani\u00e8re \u00e0 ce qu&rsquo;ils soient faciles \u00e0 utiliser et adapter des documents existants n\u00e9cessitent des comp\u00e9tences et de la pratique. Ce module vise \u00e0 int\u00e9grer ces comp\u00e9tences dans votre travail quotidien.   <\/p>\n<p>Vous commencerez par les bases d&rsquo;une r\u00e9daction claire : phrases courtes, mots courants, voix active et structure logique. Vous passerez ensuite \u00e0 la mise en page. Les titres, l&rsquo;espacement, les polices et les \u00e9l\u00e9ments visuels influencent tous la fa\u00e7on dont le lecteur per\u00e7oit un document, qu&rsquo;il soit sur papier, \u00e0 l&rsquo;\u00e9cran ou sur un t\u00e9l\u00e9phone portable. Enfin, vous apprendrez \u00e0 retravailler un texte complexe. \u00c9tape par \u00e9tape, vous testerez, adapterez et affinerez le contenu pour diff\u00e9rents contextes tels que les formations, le tourisme et le lieu de travail.    <\/p>\n<p>\u00c0 la fin de ce module, vous serez capable d&rsquo;appliquer un langage clair \u00e0 des documents authentiques et de les rendre plus efficaces pour les personnes qui les utilisent.<\/p>\n<p>[\/et_pb_text][et_pb_button button_url=\u00a0\u00bb\/fr\/obtenir-la-certification\/evaluation-initiale\/?module=2&Prime; button_text=\u00a0\u00bbCommencer le module 2 (3h)\u00a0\u00bb _builder_version=\u00a0\u00bb4.27.4&Prime; _module_preset=\u00a0\u00bb99024ec4-eac4-4c72-8c2b-a8aa24bb2bae\u00a0\u00bb global_colors_info=\u00a0\u00bb{}\u00a0\u00bb][\/et_pb_button][\/et_pb_column][\/et_pb_row][et_pb_row column_structure=\u00a0\u00bb2_5,3_5&Prime; disabled_on=\u00a0\u00bboff|off|off\u00a0\u00bb _builder_version=\u00a0\u00bb4.27.4&Prime; _module_preset=\u00a0\u00bbf65e0117-e408-4718-808f-07fe51790640&Prime; global_colors_info=\u00a0\u00bb{}\u00a0\u00bb][et_pb_column type=\u00a0\u00bb2_5&Prime; _builder_version=\u00a0\u00bb4.26.1&Prime; _module_preset=\u00a0\u00bbdefault\u00a0\u00bb global_colors_info=\u00a0\u00bb{}\u00a0\u00bb][et_pb_text _builder_version=\u00a0\u00bb4.27.4&Prime; _module_preset=\u00a0\u00bbe3b64f60-d79c-4c35-ae75-4ac8df2cba20&Prime; header_2_font_size=\u00a0\u00bb2.5rem\u00a0\u00bb header_2_line_height=\u00a0\u00bb1.3em\u00a0\u00bb custom_margin=\u00a0\u00bb||||false|false\u00a0\u00bb custom_padding=\u00a0\u00bb||||false|false\u00a0\u00bb global_colors_info=\u00a0\u00bb{}\u00a0\u00bb]<\/p>\n<h2>Module 3 : Le langage clair en pratique<\/h2>\n<p>[\/et_pb_text][\/et_pb_column][et_pb_column type=\u00a0\u00bb3_5&Prime; _builder_version=\u00a0\u00bb4.26.1&Prime; _module_preset=\u00a0\u00bbdefault\u00a0\u00bb global_colors_info=\u00a0\u00bb{}\u00a0\u00bb][et_pb_text _builder_version=\u00a0\u00bb4.27.4&Prime; _module_preset=\u00a0\u00bbe3b64f60-d79c-4c35-ae75-4ac8df2cba20&Prime; max_width=\u00a0\u00bb700px\u00a0\u00bb custom_margin=\u00a0\u00bb||||false|false\u00a0\u00bb custom_padding=\u00a0\u00bb||||false|false\u00a0\u00bb global_colors_info=\u00a0\u00bb{}\u00a0\u00bb]<\/p>\n<p>Le langage clair ne fonctionne que s&rsquo;il fait partie des habitudes quotidiennes et des pratiques communes. Il ne s&rsquo;agit pas seulement de la mani\u00e8re dont vous r\u00e9digez vos propres textes, mais aussi de la mani\u00e8re dont vous sensibilisez, formez les autres et apportez de la clart\u00e9 dans les organisations et les secteurs o\u00f9 la communication a des cons\u00e9quences r\u00e9elles. <\/p>\n<p>Dans ce module, vous commencerez par examiner comment sensibiliser et encourager les autres \u00e0 utiliser un langage clair. Vous explorerez ce qui se passe lorsque tout le monde fait l&rsquo;effort d&rsquo;\u00eatre clair, vous verrez pourquoi cela renforce la confiance et comment la clart\u00e9 favorise la diversit\u00e9 et l&rsquo;inclusion. <\/p>\n<p>Vous passerez ensuite au niveau organisationnel. Vous verrez comment le langage clair peut \u00eatre int\u00e9gr\u00e9 aux valeurs, aux politiques et aux processus de travail, depuis l\u2019int\u00e9gration des nouveaux arrivants jusqu\u2019aux fonctions de direction. Vous apprendrez \u00e9galement \u00e0 mesurer son impact et \u00e0 garantir la p\u00e9rennit\u00e9 des efforts engag\u00e9s. Enfin, vous regarderez au-del\u00e0 de votre propre contexte. Le langage clair est aujourd&rsquo;hui une pr\u00e9occupation croissante dans les domaines de la sant\u00e9, des services publics, du monde du travail, de la culture et de la technologie. Vous explorerez des exemples provenant de toute l&rsquo;Europe, r\u00e9fl\u00e9chirez aux d\u00e9fis de la traduction et d\u00e9couvrirez des r\u00e9seaux et des outils qui peuvent vous aider \u00e0 aller plus loin dans l&rsquo;utilisation du langage clair.    <\/p>\n<p>\u00c0 la fin de ce module, vous comprendrez que le langage clair n&rsquo;est pas seulement une comp\u00e9tence, mais un v\u00e9ritable mouvement auquel vous pouvez contribuer dans votre pratique et votre domaine professionnel.<\/p>\n<p>[\/et_pb_text][et_pb_button button_url=\u00a0\u00bb\/fr\/obtenir-la-certification\/evaluation-initiale\/?module=3&Prime; button_text=\u00a0\u00bbCommencer le module 3 (3h)\u00a0\u00bb _builder_version=\u00a0\u00bb4.27.4&Prime; _module_preset=\u00a0\u00bb99024ec4-eac4-4c72-8c2b-a8aa24bb2bae\u00a0\u00bb global_colors_info=\u00a0\u00bb{}\u00a0\u00bb][\/et_pb_button][\/et_pb_column][\/et_pb_row][\/et_pb_section]<\/p>\n","protected":false},"excerpt":{"rendered":"<p>Module 1 : Comprendre le langage clairPensez \u00e0 la derni\u00e8re fois o\u00f9 vous avez lu quelque chose qui vous a laiss\u00e9 perplexe. Peut-\u00eatre s&rsquo;agissait-il d&rsquo;un formulaire r\u00e9dig\u00e9 dans un langage compliqu\u00e9 ou d&rsquo;un e-mail qui semblait tourner en rond. Pour beaucoup de gens, ce n&rsquo;est pas seulement aga\u00e7ant, c&rsquo;est un v\u00e9ritable obstacle \u00e0 la participation [&hellip;]<\/p>\n","protected":false},"author":1,"featured_media":0,"parent":0,"menu_order":0,"comment_status":"closed","ping_status":"closed","template":"","meta":{"_acf_changed":false,"_et_pb_use_builder":"on","_et_pb_old_content":"","_et_gb_content_width":"","footnotes":""},"class_list":["post-1528","page","type-page","status-publish","hentry"],"acf":[],"_links":{"self":[{"href":"https:\/\/text-it-easy.eu\/fr\/wp-json\/wp\/v2\/pages\/1528","targetHints":{"allow":["GET"]}}],"collection":[{"href":"https:\/\/text-it-easy.eu\/fr\/wp-json\/wp\/v2\/pages"}],"about":[{"href":"https:\/\/text-it-easy.eu\/fr\/wp-json\/wp\/v2\/types\/page"}],"author":[{"embeddable":true,"href":"https:\/\/text-it-easy.eu\/fr\/wp-json\/wp\/v2\/users\/1"}],"replies":[{"embeddable":true,"href":"https:\/\/text-it-easy.eu\/fr\/wp-json\/wp\/v2\/comments?post=1528"}],"version-history":[{"count":8,"href":"https:\/\/text-it-easy.eu\/fr\/wp-json\/wp\/v2\/pages\/1528\/revisions"}],"predecessor-version":[{"id":2730,"href":"https:\/\/text-it-easy.eu\/fr\/wp-json\/wp\/v2\/pages\/1528\/revisions\/2730"}],"wp:attachment":[{"href":"https:\/\/text-it-easy.eu\/fr\/wp-json\/wp\/v2\/media?parent=1528"}],"curies":[{"name":"wp","href":"https:\/\/api.w.org\/{rel}","templated":true}]}}