{"id":1362,"date":"2024-07-17T15:00:03","date_gmt":"2024-07-17T13:00:03","guid":{"rendered":"https:\/\/text-it-easy.eu\/mentions-legales\/"},"modified":"2025-09-11T16:26:42","modified_gmt":"2025-09-11T14:26:42","slug":"mentions-legales","status":"publish","type":"page","link":"https:\/\/text-it-easy.eu\/fr\/mentions-legales\/","title":{"rendered":"Mentions l\u00e9gales"},"content":{"rendered":"\n<p>Conform\u00e9ment aux dispositions des articles 6-III et 19 de la loi pour la Confiance dans l\u2019\u00c9conomie Num\u00e9rique, nous vous informons que :<\/p>\n\n<h2 class=\"wp-block-heading\">H\u00e9bergement<\/h2>\n\n<p>Infomaniak Network SA<br\/>Rue Eug\u00e8ne Marziano 25 \u2013 1227 Les Acacias \/ Geneva \u2013 SWITZERLAND<br\/>Tel.: <a href=\"tel:+41%2022%20820%2035%2044\" target=\"_blank\" rel=\"noreferrer noopener\">+41 22 820 35 44<\/a><br\/>Email: <a href=\"mailto:contact@infomaniak.com\" target=\"_blank\" rel=\"noreferrer noopener\">contact@infomaniak.com<\/a><br\/>Website: <a href=\"https:\/\/www.infomaniak.com\/\" target=\"_blank\" rel=\"noreferrer noopener\">https:\/\/www.infomaniak.com\/<\/a><\/p>\n\n<h2 class=\"wp-block-heading\">\u00c9diteur<\/h2>\n\n<p>Ce site web est publi\u00e9 par Les Apprimeurs et le partenariat du projet Text it Easy Erasmus+. Les informations relatives au responsable de la publication ont \u00e9t\u00e9 transmises \u00e0 l&rsquo;h\u00e9bergeur conform\u00e9ment \u00e0 la loi. <\/p>\n\n<h2 class=\"wp-block-heading\">Projet Text it Easy<\/h2>\n\n<p>Ce projet a \u00e9t\u00e9 financ\u00e9 par l&rsquo;Union europ\u00e9enne. Le soutien de la Commission europ\u00e9enne \u00e0 la production de cette publication ne constitue pas une approbation de son contenu, qui refl\u00e8te uniquement les opinions des auteurs, et la Commission ne peut \u00eatre tenue responsable de l&rsquo;usage qui pourrait \u00eatre fait des informations qui y sont contenues. <\/p>\n\n<h2 class=\"wp-block-heading\">Donn\u00e9es personnelles<\/h2>\n\n<p>Les donn\u00e9es collect\u00e9es par ce site web ne seront jamais vendues ou transmises \u00e0 des tiers, et seront utilis\u00e9es avec la plus grande discr\u00e9tion par nos soins, uniquement aux fins pour lesquelles vous nous avez fourni ces donn\u00e9es. En aucun cas, nous n&rsquo;utiliserons vos donn\u00e9es \u00e0 des fins autres que celles clairement indiqu\u00e9es lorsque vous nous les avez fournies. <\/p>\n\n<p>Des donn\u00e9es de connexion (par exemple, adresse IP, journaux de connexion) peuvent \u00eatre collect\u00e9es lorsque vous visitez ce site web. En naviguant sur ce site web, vous consentez \u00e0 nous les transmettre. <\/p>\n\n<p>Les donn\u00e9es que vous envoyez explicitement via les formulaires de la page \u00ab Contact \u00bb de ce site web ne seront utilis\u00e9es que pour vous r\u00e9pondre. Toutes les informations envoy\u00e9es via ces formulaires seront supprim\u00e9es au plus tard 3 ans apr\u00e8s leur transmission. <\/p>\n\n<p>De plus, l&rsquo;adresse e-mail que vous pouvez nous fournir pour tester nos ressources ou participer au projet Text it Easy sur la page d&rsquo;accueil de ce site web ne sera utilis\u00e9e que pour vous envoyer des informations sur le projet en cours. Vous pouvez vous d\u00e9sabonner \u00e0 tout moment en nous envoyant un e-mail \u00e0 <a href=\"mailto:contact@lesapprimeurs.com\" target=\"_blank\" rel=\"noreferrer noopener\">contact@lesapprimeurs.com<\/a>. <\/p>\n\n<p>Les donn\u00e9es transmises sur ce site web ne sont accessibles qu&rsquo;aux services internes concern\u00e9s, \u00e0 savoir :<\/p>\n\n<ul class=\"wp-block-list\">\n<li>Pour les adresses IP, les journaux et toutes les donn\u00e9es de connexion, seuls les administrateurs du site web.<\/li>\n\n\n\n<li>Pour les e-mails transmis pour la liste \u00ab Rejoignez-nous \u00bb, seuls les administrateurs du site web.<\/li>\n\n\n\n<li>Pour les informations transmises via le formulaire de contact, seul le partenaire concern\u00e9 de la langue que vous avez s\u00e9lectionn\u00e9e.<\/li>\n\n\n\n<li>Pour toute question relative \u00e0 la protection, \u00e0 la s\u00e9curit\u00e9 et \u00e0 l&rsquo;utilisation des donn\u00e9es personnelles, veuillez nous contacter \u00e0 l&rsquo;adresse e-mail <a href=\"mailto:contact@lesapprimeurs.com\" target=\"_blank\" rel=\"noreferrer noopener\">contact@lesapprimeurs.com<\/a>.<\/li>\n<\/ul>\n\n<p>Vous avez le droit \u00e0 tout moment de demander la suppression de tout ou partie des donn\u00e9es personnelles vous concernant en envoyant un e-mail \u00e0 <a rel=\"noreferrer noopener\" href=\"mailto:contact@lesapprimeurs.com\" target=\"_blank\">contact@lesapprimeurs.com<\/a>.<\/p>\n\n<p>Si la r\u00e9ponse n&rsquo;est pas satisfaisante, vous pouvez d\u00e9poser une r\u00e9clamation aupr\u00e8s de la Commission nationale de l&rsquo;informatique et des libert\u00e9s (CNIL) : <a rel=\"noreferrer noopener\" href=\"https:\/\/www.cnil.fr\/fr\/plaintes\" target=\"_blank\">https:\/\/www.cnil.fr\/fr\/plaintes<\/a>.<\/p>\n\n<p>Tout litige relatif \u00e0 l&rsquo;utilisation du Site sera soumis au droit fran\u00e7ais. Les visiteurs du Site reconnaissent et acceptent la comp\u00e9tence exclusive des tribunaux comp\u00e9tents relevant de la juridiction de la Cour d&rsquo;appel de Paris. <\/p>\n","protected":false},"excerpt":{"rendered":"<p>Conform\u00e9ment aux dispositions des articles 6-III et 19 de la loi pour la Confiance dans l\u2019\u00c9conomie Num\u00e9rique, nous vous informons que : H\u00e9bergement Infomaniak Network SARue Eug\u00e8ne Marziano 25 \u2013 1227 Les Acacias \/ Geneva \u2013 SWITZERLANDTel.: +41 22 820 35 44Email: contact@infomaniak.comWebsite: https:\/\/www.infomaniak.com\/ \u00c9diteur Ce site web est publi\u00e9 par Les Apprimeurs et le [&hellip;]<\/p>\n","protected":false},"author":1,"featured_media":0,"parent":0,"menu_order":0,"comment_status":"closed","ping_status":"closed","template":"","meta":{"_acf_changed":false,"_et_pb_use_builder":"off","_et_pb_old_content":"","_et_gb_content_width":"","footnotes":""},"class_list":["post-1362","page","type-page","status-publish","hentry"],"acf":[],"_links":{"self":[{"href":"https:\/\/text-it-easy.eu\/fr\/wp-json\/wp\/v2\/pages\/1362","targetHints":{"allow":["GET"]}}],"collection":[{"href":"https:\/\/text-it-easy.eu\/fr\/wp-json\/wp\/v2\/pages"}],"about":[{"href":"https:\/\/text-it-easy.eu\/fr\/wp-json\/wp\/v2\/types\/page"}],"author":[{"embeddable":true,"href":"https:\/\/text-it-easy.eu\/fr\/wp-json\/wp\/v2\/users\/1"}],"replies":[{"embeddable":true,"href":"https:\/\/text-it-easy.eu\/fr\/wp-json\/wp\/v2\/comments?post=1362"}],"version-history":[{"count":1,"href":"https:\/\/text-it-easy.eu\/fr\/wp-json\/wp\/v2\/pages\/1362\/revisions"}],"predecessor-version":[{"id":1363,"href":"https:\/\/text-it-easy.eu\/fr\/wp-json\/wp\/v2\/pages\/1362\/revisions\/1363"}],"wp:attachment":[{"href":"https:\/\/text-it-easy.eu\/fr\/wp-json\/wp\/v2\/media?parent=1362"}],"curies":[{"name":"wp","href":"https:\/\/api.w.org\/{rel}","templated":true}]}}