{"id":1312,"date":"2024-07-17T17:02:57","date_gmt":"2024-07-17T15:02:57","guid":{"rendered":"https:\/\/text-it-easy.eu\/exemples\/"},"modified":"2026-01-14T17:48:05","modified_gmt":"2026-01-14T16:48:05","slug":"etudes-de-cas","status":"publish","type":"page","link":"https:\/\/text-it-easy.eu\/fr\/etudes-de-cas\/","title":{"rendered":"\u00c9tudes de cas"},"content":{"rendered":"<p>[et_pb_section fb_built=\u00a0\u00bb1&Prime; _builder_version=\u00a0\u00bb4.26.1&Prime; _module_preset=\u00a0\u00bbdefault\u00a0\u00bb use_background_color_gradient=\u00a0\u00bbon\u00a0\u00bb background_color_gradient_direction=\u00a0\u00bb90deg\u00a0\u00bb background_color_gradient_stops=\u00a0\u00bb#99ffcc 33%|#f7fcbe 99%\u00a0\u00bb global_module=\u00a0\u00bb145&Prime; saved_tabs=\u00a0\u00bball\u00a0\u00bb global_colors_info=\u00a0\u00bb{}\u00a0\u00bb][et_pb_row _builder_version=\u00a0\u00bb4.27.4&Prime; _module_preset=\u00a0\u00bbf65e0117-e408-4718-808f-07fe51790640&Prime; global_colors_info=\u00a0\u00bb{}\u00a0\u00bb][et_pb_column type=\u00a0\u00bb4_4&Prime; _builder_version=\u00a0\u00bb4.26.1&Prime; _module_preset=\u00a0\u00bbdefault\u00a0\u00bb global_colors_info=\u00a0\u00bb{}\u00a0\u00bb][et_pb_post_title _builder_version=\u00a0\u00bb4.27.4&Prime; _module_preset=\u00a0\u00bbdefault\u00a0\u00bb title_font=\u00a0\u00bb&#8211;et_global_heading_font|700|||||||\u00a0\u00bb title_font_size=\u00a0\u00bb4rem\u00a0\u00bb global_colors_info=\u00a0\u00bb{}\u00a0\u00bb][\/et_pb_post_title][\/et_pb_column][\/et_pb_row][\/et_pb_section][et_pb_section fb_built=\u00a0\u00bb1&Prime; _builder_version=\u00a0\u00bb4.26.1&Prime; _module_preset=\u00a0\u00bbdefault\u00a0\u00bb locked=\u00a0\u00bboff\u00a0\u00bb global_colors_info=\u00a0\u00bb{}\u00a0\u00bb][et_pb_row _builder_version=\u00a0\u00bb4.27.4&Prime; _module_preset=\u00a0\u00bbf65e0117-e408-4718-808f-07fe51790640&Prime; hover_enabled=\u00a0\u00bb0&Prime; global_colors_info=\u00a0\u00bb{}\u00a0\u00bb sticky_enabled=\u00a0\u00bb0&Prime;][et_pb_column type=\u00a0\u00bb4_4&Prime; _builder_version=\u00a0\u00bb4.27.4&Prime; _module_preset=\u00a0\u00bbdefault\u00a0\u00bb global_colors_info=\u00a0\u00bb{}\u00a0\u00bb][et_pb_text disabled_on=\u00a0\u00bboff|off|off\u00a0\u00bb _builder_version=\u00a0\u00bb4.27.4&Prime; _module_preset=\u00a0\u00bbdefault\u00a0\u00bb text_font_size=\u00a0\u00bb1.25rem\u00a0\u00bb text_line_height=\u00a0\u00bb1.5em\u00a0\u00bb max_width=\u00a0\u00bb700px\u00a0\u00bb global_colors_info=\u00a0\u00bb{}\u00a0\u00bb]<\/p>\n<p>Dans le cadre de ce projet, nous avons s\u00e9lectionn\u00e9 et adapt\u00e9 une s\u00e9rie de documents afin de les rendre plus clairs et plus faciles \u00e0 comprendre, tant sur le plan visuel que textuel. Ce sont des cas pratiques que vous pouvez consulter ci-dessous. <\/p>\n<p>[\/et_pb_text][et_pb_code disabled_on=\u00a0\u00bboff|off|off\u00a0\u00bb _builder_version=\u00a0\u00bb4.27.4&Prime; _module_preset=\u00a0\u00bbdefault\u00a0\u00bb global_colors_info=\u00a0\u00bb{}\u00a0\u00bb]<!-- Gridbuilder \u1d42\u1d3e Plugin (https:\/\/wpgridbuilder.com) -->\n<div class=\"wp-grid-builder wpgb-grid-10\" data-options=\"{&quot;id&quot;:10,&quot;type&quot;:&quot;masonry&quot;,&quot;source&quot;:&quot;post_type&quot;,&quot;loader&quot;:false,&quot;layout&quot;:&quot;vertical&quot;,&quot;reveal&quot;:0,&quot;isMainQuery&quot;:0,&quot;lazyLoad&quot;:false,&quot;cardSizes&quot;:{&quot;9999&quot;:{&quot;columns&quot;:4,&quot;height&quot;:240,&quot;gutter&quot;:16,&quot;ratio&quot;:&quot;1.33333&quot;},&quot;1280&quot;:{&quot;columns&quot;:3,&quot;height&quot;:220,&quot;gutter&quot;:16,&quot;ratio&quot;:&quot;1.33333&quot;},&quot;1024&quot;:{&quot;columns&quot;:2,&quot;height&quot;:200,&quot;gutter&quot;:16,&quot;ratio&quot;:&quot;1.33333&quot;},&quot;640&quot;:{&quot;columns&quot;:1,&quot;height&quot;:200,&quot;gutter&quot;:16,&quot;ratio&quot;:&quot;1.33333&quot;}},&quot;fitRows&quot;:false,&quot;equalRows&quot;:0,&quot;equalColumns&quot;:true,&quot;fillLastRow&quot;:0,&quot;centerLastRow&quot;:0,&quot;horizontalOrder&quot;:false,&quot;fullWidth&quot;:false,&quot;transitionDelay&quot;:100,&quot;gallerySlideshow&quot;:false,&quot;rowsNumber&quot;:1,&quot;slideAlign&quot;:&quot;left&quot;,&quot;groupCells&quot;:1,&quot;draggable&quot;:true,&quot;initialIndex&quot;:0,&quot;contain&quot;:false,&quot;freeScroll&quot;:false,&quot;freeFriction&quot;:&quot;0.075&quot;,&quot;friction&quot;:&quot;0.285&quot;,&quot;attraction&quot;:&quot;0.025&quot;,&quot;autoPlay&quot;:0,&quot;pageDotAriaLabel&quot;:&quot;Point de page %d&quot;,&quot;isPreview&quot;:false,&quot;isGutenberg&quot;:false,&quot;rightToLeft&quot;:false}\"><div class=\"wpgb-svg-icons\" hidden>\n\t<svg viewBox=\"0 0 120 24\" width=\"0\" height=\"0\">\n\t<defs>\n        <polygon id=\"wpgb-star-svg\" points=\"12 2.5 15.1 8.8 22 9.8 17 14.6 18.2 21.5 12 18.3 5.8 21.5 7 14.6 2 9.8 8.9 8.8\"><\/polygon>\n    <\/defs>\n    <symbol id=\"wpgb-rating-stars-svg\">\n        <use xlink:href=\"#wpgb-star-svg\"><\/use>\n        <use xlink:href=\"#wpgb-star-svg\" x=\"24\"><\/use>\n        <use xlink:href=\"#wpgb-star-svg\" x=\"48\"><\/use>\n        <use xlink:href=\"#wpgb-star-svg\" x=\"72\"><\/use>\n        <use xlink:href=\"#wpgb-star-svg\" x=\"96\"><\/use>\n    <\/symbol>\n<\/svg>\n<\/div>\n<div class=\"wpgb-wrapper\">\n\t<div class=\"wpgb-main\">\n\t<div class=\"wpgb-area wpgb-area-top-1\">\n\t<div class=\"wpgb-facet wpgb-loading wpgb-facet-1\" data-facet=\"1\" data-grid=\"10\"><\/div><\/div>\n<div class=\"wpgb-layout\">\n\t<div class=\"wpgb-viewport\">\n\t\t<div class=\"wpgb-masonry\">\n\t\t\t<article class=\"wpgb-card wpgb-card-6 wpgb-post-3490\" data-col=\"1\" data-row=\"1\" data-format=\"standard\"><div class=\"wpgb-card-wrapper\"><div class=\"wpgb-card-inner\"><div class=\"wpgb-card-media wpgb-scheme-light\"><svg data-ratio style=\"padding-top:138.1%\" viewBox=\"0 0 21 29\" aria-hidden=\"true\"><\/svg><div class=\"wpgb-card-media-thumbnail\"><a href=\"https:\/\/text-it-easy.eu\/wp-content\/uploads\/2026\/01\/Capture-decran-2026-01-14-a-16.48.45.png\" tabindex=\"-1\" class=\"wpgb-handle-lb wpgb-lightbox\" data-type=\"image\" data-rel=\"10\" data-title=\"Capture d\u2019e\u0301cran 2026-01-14 a\u0300 16.48.45\" title=\"Agrandir la photo\"><div style=\"background-image:url(https:\/\/text-it-easy.eu\/wp-content\/uploads\/2026\/01\/Capture-decran-2026-01-14-a-16.48.45-768x1086.png)\"><\/div><noscript><img loading=\"lazy\" decoding=\"async\" class=\"wpgb-noscript-img\" src=\"https:\/\/text-it-easy.eu\/wp-content\/uploads\/2026\/01\/Capture-decran-2026-01-14-a-16.48.45-768x1086.png\" alt=\"\" height=\"1086\" width=\"768\"><\/noscript><\/a><\/div><\/div><div class=\"wpgb-card-content wpgb-scheme-dark\"><div class=\"wpgb-card-body\"><a class=\"wpgb-block-3\" target=\"_blank\" rel=\"external noopener noreferrer\" href=\"https:\/\/text-it-easy.eu\/wp-content\/uploads\/2026\/01\/FR-Price-of-inaction-leaflet.pdf\">Download Original File<\/a><a class=\"wpgb-block-1\" target=\"_blank\" rel=\"external noopener noreferrer\" href=\"https:\/\/text-it-easy.eu\/wp-content\/uploads\/2026\/01\/FR-Price-of-inaction-poster-2.pdf-A3-3-2.pdf\">Download Adapted File<\/a><a class=\"wpgb-block-2\" target=\"_blank\" rel=\"external noopener noreferrer\" href=\"https:\/\/text-it-easy.eu\/wp-content\/uploads\/2026\/01\/Summary_Note-Price-of-inaction-poster-FR.docx.pdf\">Download Analytical Report<\/a><\/div><\/div><\/div><\/div><\/article><article class=\"wpgb-card wpgb-card-6 wpgb-post-3486\" data-col=\"1\" data-row=\"1\" data-format=\"standard\"><div class=\"wpgb-card-wrapper\"><div class=\"wpgb-card-inner\"><div class=\"wpgb-card-media wpgb-scheme-light\"><svg data-ratio style=\"padding-top:138.1%\" viewBox=\"0 0 21 29\" aria-hidden=\"true\"><\/svg><div class=\"wpgb-card-media-thumbnail\"><a href=\"https:\/\/text-it-easy.eu\/wp-content\/uploads\/2026\/01\/Capture-decran-2026-01-14-a-16.38.25.png\" tabindex=\"-1\" class=\"wpgb-handle-lb wpgb-lightbox\" data-type=\"image\" data-rel=\"10\" data-title=\"Capture d\u2019e\u0301cran 2026-01-14 a\u0300 16.38.25\" title=\"Agrandir la photo\"><div style=\"background-image:url(https:\/\/text-it-easy.eu\/wp-content\/uploads\/2026\/01\/Capture-decran-2026-01-14-a-16.38.25-768x1066.png)\"><\/div><noscript><img loading=\"lazy\" decoding=\"async\" class=\"wpgb-noscript-img\" src=\"https:\/\/text-it-easy.eu\/wp-content\/uploads\/2026\/01\/Capture-decran-2026-01-14-a-16.38.25-768x1066.png\" alt=\"\" height=\"1066\" width=\"768\"><\/noscript><\/a><\/div><\/div><div class=\"wpgb-card-content wpgb-scheme-dark\"><div class=\"wpgb-card-body\"><a class=\"wpgb-block-3\" target=\"_blank\" rel=\"external noopener noreferrer\" href=\"https:\/\/text-it-easy.eu\/wp-content\/uploads\/2026\/01\/FR-Price-of-inaction-statistics-1.pdf\">Download Original File<\/a><a class=\"wpgb-block-1\" target=\"_blank\" rel=\"external noopener noreferrer\" href=\"https:\/\/text-it-easy.eu\/wp-content\/uploads\/2026\/01\/FR-Price-of-inaction-statistics-1.pdf-A3-1-1.pdf\">Download Adapted File<\/a><a class=\"wpgb-block-2\" target=\"_blank\" rel=\"external noopener noreferrer\" href=\"https:\/\/text-it-easy.eu\/wp-content\/uploads\/2026\/01\/Summary_Note-Price-of-inaction-statistics-FR.docx.pdf\">Download Analytical Report<\/a><\/div><\/div><\/div><\/div><\/article><article class=\"wpgb-card wpgb-card-6 wpgb-post-3468\" data-col=\"1\" data-row=\"1\" data-format=\"standard\"><div class=\"wpgb-card-wrapper\"><div class=\"wpgb-card-inner\"><div class=\"wpgb-card-media wpgb-scheme-light\"><svg data-ratio style=\"padding-top:138.1%\" viewBox=\"0 0 21 29\" aria-hidden=\"true\"><\/svg><div class=\"wpgb-card-media-thumbnail\"><a href=\"https:\/\/text-it-easy.eu\/wp-content\/uploads\/2026\/01\/Capture-decran-2026-01-14-a-16.27.32.png\" tabindex=\"-1\" class=\"wpgb-handle-lb wpgb-lightbox\" data-type=\"image\" data-rel=\"10\" data-title=\"Capture d\u2019e\u0301cran 2026-01-14 a\u0300 16.27.32\" title=\"Agrandir la photo\"><div style=\"background-image:url(https:\/\/text-it-easy.eu\/wp-content\/uploads\/2026\/01\/Capture-decran-2026-01-14-a-16.27.32-768x921.png)\"><\/div><noscript><img loading=\"lazy\" decoding=\"async\" class=\"wpgb-noscript-img\" src=\"https:\/\/text-it-easy.eu\/wp-content\/uploads\/2026\/01\/Capture-decran-2026-01-14-a-16.27.32-768x921.png\" alt=\"\" height=\"921\" width=\"768\"><\/noscript><\/a><\/div><\/div><div class=\"wpgb-card-content wpgb-scheme-dark\"><div class=\"wpgb-card-body\"><a class=\"wpgb-block-3\" target=\"_blank\" rel=\"external noopener noreferrer\" href=\"https:\/\/text-it-easy.eu\/wp-content\/uploads\/2026\/01\/FR-Educational-crisis.pdf\">Download Original File<\/a><a class=\"wpgb-block-1\" target=\"_blank\" rel=\"external noopener noreferrer\" href=\"https:\/\/text-it-easy.eu\/wp-content\/uploads\/2026\/01\/FR-Universal-access-to-education-1.pdf-A3-Portrait-1-1.pdf\">Download Adapted File<\/a><a class=\"wpgb-block-2\" target=\"_blank\" rel=\"external noopener noreferrer\" href=\"https:\/\/text-it-easy.eu\/wp-content\/uploads\/2026\/01\/Summary_Note-Educational-crisis-FR.docx.pdf\">Download Analytical Report<\/a><\/div><\/div><\/div><\/div><\/article><article class=\"wpgb-card wpgb-card-6 wpgb-post-3498\" data-col=\"1\" data-row=\"1\" data-format=\"standard\"><div class=\"wpgb-card-wrapper\"><div class=\"wpgb-card-inner\"><div class=\"wpgb-card-media wpgb-scheme-light\"><svg data-ratio style=\"padding-top:138.1%\" viewBox=\"0 0 21 29\" aria-hidden=\"true\"><\/svg><div class=\"wpgb-card-media-thumbnail\"><a href=\"https:\/\/text-it-easy.eu\/wp-content\/uploads\/2026\/01\/Capture-decran-2026-01-14-a-17.04.49-1.png\" tabindex=\"-1\" class=\"wpgb-handle-lb wpgb-lightbox\" data-type=\"image\" data-rel=\"10\" data-title=\"Capture d\u2019e\u0301cran 2026-01-14 a\u0300 17.04.49\" title=\"Agrandir la photo\"><div style=\"background-image:url(https:\/\/text-it-easy.eu\/wp-content\/uploads\/2026\/01\/Capture-decran-2026-01-14-a-17.04.49-1-768x1091.png)\"><\/div><noscript><img loading=\"lazy\" decoding=\"async\" class=\"wpgb-noscript-img\" src=\"https:\/\/text-it-easy.eu\/wp-content\/uploads\/2026\/01\/Capture-decran-2026-01-14-a-17.04.49-1-768x1091.png\" alt=\"\" height=\"1091\" width=\"768\"><\/noscript><\/a><\/div><\/div><div class=\"wpgb-card-content wpgb-scheme-dark\"><div class=\"wpgb-card-body\"><a class=\"wpgb-block-3\" target=\"_blank\" rel=\"external noopener noreferrer\" href=\"https:\/\/text-it-easy.eu\/wp-content\/uploads\/2026\/01\/FR-Universal-access-to-education.pdf\">Download Original File<\/a><a class=\"wpgb-block-1\" target=\"_blank\" rel=\"external noopener noreferrer\" href=\"https:\/\/text-it-easy.eu\/wp-content\/uploads\/2026\/01\/FR-Universal-access-to-education-2.pdf-A3-Portrait-1-2.pdf\">Download Adapted File<\/a><a class=\"wpgb-block-2\" target=\"_blank\" rel=\"external noopener noreferrer\" href=\"https:\/\/text-it-easy.eu\/wp-content\/uploads\/2026\/01\/Summary_Note-Universal-access-to-education-FR.docx.pdf\">Download Analytical Report<\/a><\/div><\/div><\/div><\/div><\/article><article class=\"wpgb-card wpgb-card-6 wpgb-post-3494\" data-col=\"1\" data-row=\"1\" data-format=\"standard\"><div class=\"wpgb-card-wrapper\"><div class=\"wpgb-card-inner\"><div class=\"wpgb-card-media wpgb-scheme-light\"><svg data-ratio style=\"padding-top:138.1%\" viewBox=\"0 0 21 29\" aria-hidden=\"true\"><\/svg><div class=\"wpgb-card-media-thumbnail\"><a href=\"https:\/\/text-it-easy.eu\/wp-content\/uploads\/2026\/01\/Capture-decran-2026-01-14-a-16.54.56.png\" tabindex=\"-1\" class=\"wpgb-handle-lb wpgb-lightbox\" data-type=\"image\" data-rel=\"10\" data-title=\"Capture d\u2019e\u0301cran 2026-01-14 a\u0300 16.54.56\" title=\"Agrandir la photo\"><div style=\"background-image:url(https:\/\/text-it-easy.eu\/wp-content\/uploads\/2026\/01\/Capture-decran-2026-01-14-a-16.54.56-768x1087.png)\"><\/div><noscript><img loading=\"lazy\" decoding=\"async\" class=\"wpgb-noscript-img\" src=\"https:\/\/text-it-easy.eu\/wp-content\/uploads\/2026\/01\/Capture-decran-2026-01-14-a-16.54.56-768x1087.png\" alt=\"\" height=\"1087\" width=\"768\"><\/noscript><\/a><\/div><\/div><div class=\"wpgb-card-content wpgb-scheme-dark\"><div class=\"wpgb-card-body\"><a class=\"wpgb-block-3\" target=\"_blank\" rel=\"external noopener noreferrer\" href=\"https:\/\/text-it-easy.eu\/wp-content\/uploads\/2026\/01\/FR-Sanitary-crisis-and-tourism-1.pdf\">Download Original File<\/a><a class=\"wpgb-block-1\" target=\"_blank\" rel=\"external noopener noreferrer\" href=\"https:\/\/text-it-easy.eu\/wp-content\/uploads\/2026\/01\/FR-Sanitary-crisis-and-tourism-1.pdf-A3-1-1.pdf\">Download Adapted File<\/a><a class=\"wpgb-block-2\" target=\"_blank\" rel=\"external noopener noreferrer\" href=\"https:\/\/text-it-easy.eu\/wp-content\/uploads\/2026\/01\/Summary_Note-Sanitary-crisis-and-tourism-FR.docx.pdf\">Download Analytical Report<\/a><\/div><\/div><\/div><\/div><\/article><article class=\"wpgb-card wpgb-card-6 wpgb-post-3438\" data-col=\"1\" data-row=\"1\" data-format=\"standard\"><div class=\"wpgb-card-wrapper\"><div class=\"wpgb-card-inner\"><div class=\"wpgb-card-media wpgb-scheme-light\"><svg data-ratio style=\"padding-top:138.1%\" viewBox=\"0 0 21 29\" aria-hidden=\"true\"><\/svg><div class=\"wpgb-card-media-thumbnail\"><a href=\"https:\/\/text-it-easy.eu\/wp-content\/uploads\/2026\/01\/Capture-decran-2026-01-14-a-15.55.23.png\" tabindex=\"-1\" class=\"wpgb-handle-lb wpgb-lightbox\" data-type=\"image\" data-rel=\"10\" data-title=\"Capture d\u2019e\u0301cran 2026-01-14 a\u0300 15.55.23\" title=\"Agrandir la photo\"><div style=\"background-image:url(https:\/\/text-it-easy.eu\/wp-content\/uploads\/2026\/01\/Capture-decran-2026-01-14-a-15.55.23-768x1082.png)\"><\/div><noscript><img loading=\"lazy\" decoding=\"async\" class=\"wpgb-noscript-img\" src=\"https:\/\/text-it-easy.eu\/wp-content\/uploads\/2026\/01\/Capture-decran-2026-01-14-a-15.55.23-768x1082.png\" alt=\"\" height=\"1082\" width=\"768\"><\/noscript><\/a><\/div><\/div><div class=\"wpgb-card-content wpgb-scheme-dark\"><div class=\"wpgb-card-body\"><a class=\"wpgb-block-3\" target=\"_blank\" rel=\"external noopener noreferrer\" href=\"https:\/\/text-it-easy.eu\/wp-content\/uploads\/2026\/01\/charte-de-letudiant-erasmus-NC0121520FRN-1.pdf\">Download Original File<\/a><a class=\"wpgb-block-1\" target=\"_blank\" rel=\"external noopener noreferrer\" href=\"https:\/\/text-it-easy.eu\/wp-content\/uploads\/2026\/01\/charte-de-letudiant-erasmus-NC0121520FRN-ADAPTATION-V1.pdf\">Download Adapted File<\/a><a class=\"wpgb-block-2\" target=\"_blank\" rel=\"external noopener noreferrer\" href=\"https:\/\/text-it-easy.eu\/wp-content\/uploads\/2026\/01\/Summary_Note-Charte-de-letudiant-erasmus-FR.docx.pdf\">Download Analytical Report<\/a><\/div><\/div><\/div><\/div><\/article><article class=\"wpgb-card wpgb-card-6 wpgb-post-3435\" data-col=\"1\" data-row=\"1\" data-format=\"standard\"><div class=\"wpgb-card-wrapper\"><div class=\"wpgb-card-inner\"><div class=\"wpgb-card-media wpgb-scheme-light\"><svg data-ratio style=\"padding-top:138.1%\" viewBox=\"0 0 21 29\" aria-hidden=\"true\"><\/svg><div class=\"wpgb-card-media-thumbnail\"><a href=\"https:\/\/text-it-easy.eu\/wp-content\/uploads\/2026\/01\/Capture-decran-2026-01-14-a-15.49.33.png\" tabindex=\"-1\" class=\"wpgb-handle-lb wpgb-lightbox\" data-type=\"image\" data-rel=\"10\" data-title=\"Capture d\u2019e\u0301cran 2026-01-14 a\u0300 15.49.33\" title=\"Agrandir la photo\"><div style=\"background-image:url(https:\/\/text-it-easy.eu\/wp-content\/uploads\/2026\/01\/Capture-decran-2026-01-14-a-15.49.33-768x1090.png)\"><\/div><noscript><img loading=\"lazy\" decoding=\"async\" class=\"wpgb-noscript-img\" src=\"https:\/\/text-it-easy.eu\/wp-content\/uploads\/2026\/01\/Capture-decran-2026-01-14-a-15.49.33-768x1090.png\" alt=\"\" height=\"1090\" width=\"768\"><\/noscript><\/a><\/div><\/div><div class=\"wpgb-card-content wpgb-scheme-dark\"><div class=\"wpgb-card-body\"><a class=\"wpgb-block-3\" target=\"_blank\" rel=\"external noopener noreferrer\" href=\"https:\/\/text-it-easy.eu\/wp-content\/uploads\/2026\/01\/ERASMUSstudents2023-24-1.pdf\">Download Original File<\/a><a class=\"wpgb-block-1\" target=\"_blank\" rel=\"external noopener noreferrer\" href=\"https:\/\/text-it-easy.eu\/wp-content\/uploads\/2026\/01\/ERASMUSstudents2023-24-adaptation.pdf\">Download Adapted File<\/a><a class=\"wpgb-block-2\" target=\"_blank\" rel=\"external noopener noreferrer\" href=\"https:\/\/text-it-easy.eu\/wp-content\/uploads\/2026\/01\/Summary_Note-PNSD-FR.docx.pdf\">Download Analytical Report<\/a><\/div><\/div><\/div><\/div><\/article><article class=\"wpgb-card wpgb-card-6 wpgb-post-3432\" data-col=\"1\" data-row=\"1\" data-format=\"standard\"><div class=\"wpgb-card-wrapper\"><div class=\"wpgb-card-inner\"><div class=\"wpgb-card-media wpgb-scheme-light\"><svg data-ratio style=\"padding-top:138.1%\" viewBox=\"0 0 21 29\" aria-hidden=\"true\"><\/svg><div class=\"wpgb-card-media-thumbnail\"><a href=\"https:\/\/text-it-easy.eu\/wp-content\/uploads\/2026\/01\/Capture-decran-2026-01-14-a-15.44.29.png\" tabindex=\"-1\" class=\"wpgb-handle-lb wpgb-lightbox\" data-type=\"image\" data-rel=\"10\" data-title=\"Capture d\u2019e\u0301cran 2026-01-14 a\u0300 15.44.29\" title=\"Agrandir la photo\"><div style=\"background-image:url(https:\/\/text-it-easy.eu\/wp-content\/uploads\/2026\/01\/Capture-decran-2026-01-14-a-15.44.29-768x1085.png)\"><\/div><noscript><img loading=\"lazy\" decoding=\"async\" class=\"wpgb-noscript-img\" src=\"https:\/\/text-it-easy.eu\/wp-content\/uploads\/2026\/01\/Capture-decran-2026-01-14-a-15.44.29-768x1085.png\" alt=\"\" height=\"1085\" width=\"768\"><\/noscript><\/a><\/div><\/div><div class=\"wpgb-card-content wpgb-scheme-dark\"><div class=\"wpgb-card-body\"><a class=\"wpgb-block-3\" target=\"_blank\" rel=\"external noopener noreferrer\" href=\"https:\/\/text-it-easy.eu\/wp-content\/uploads\/2026\/01\/guide_transition_ecologique_261-1.pdf\">Download Original File<\/a><a class=\"wpgb-block-1\" target=\"_blank\" rel=\"external noopener noreferrer\" href=\"https:\/\/text-it-easy.eu\/wp-content\/uploads\/2026\/01\/guide_transition_ecologique_ADAPTATION.pdf\">Download Adapted File<\/a><a class=\"wpgb-block-2\" target=\"_blank\" rel=\"external noopener noreferrer\" href=\"https:\/\/text-it-easy.eu\/wp-content\/uploads\/2026\/01\/Summary_Note-Guide-transition-ecologique-Erasmus-FR.docx.pdf\">Download Analytical Report<\/a><\/div><\/div><\/div><\/div><\/article><article class=\"wpgb-card wpgb-card-6 wpgb-post-2403\" data-col=\"1\" data-row=\"1\" data-format=\"standard\"><div class=\"wpgb-card-wrapper\"><div class=\"wpgb-card-inner\"><div class=\"wpgb-card-media wpgb-scheme-light\"><svg data-ratio style=\"padding-top:138.1%\" viewBox=\"0 0 21 29\" aria-hidden=\"true\"><\/svg><div class=\"wpgb-card-media-thumbnail\"><a href=\"https:\/\/text-it-easy.eu\/wp-content\/uploads\/2025\/12\/example-5_fr.png\" tabindex=\"-1\" class=\"wpgb-handle-lb wpgb-lightbox\" data-type=\"image\" data-rel=\"10\" data-title=\"example-5_fr\" title=\"Agrandir la photo\"><div style=\"background-image:url(https:\/\/text-it-easy.eu\/wp-content\/uploads\/2025\/12\/example-5_fr.png)\"><\/div><noscript><img loading=\"lazy\" decoding=\"async\" class=\"wpgb-noscript-img\" src=\"https:\/\/text-it-easy.eu\/wp-content\/uploads\/2025\/12\/example-5_fr.png\" alt=\"\" height=\"878\" width=\"637\"><\/noscript><\/a><\/div><\/div><div class=\"wpgb-card-content wpgb-scheme-dark\"><div class=\"wpgb-card-body\"><a class=\"wpgb-block-3\" target=\"_blank\" rel=\"external noopener noreferrer\" href=\"https:\/\/text-it-easy.eu\/wp-content\/uploads\/2026\/01\/INE-1-2.pdf\">Download Original File<\/a><a class=\"wpgb-block-1\" target=\"_blank\" rel=\"external noopener noreferrer\" href=\"https:\/\/text-it-easy.eu\/wp-content\/uploads\/2025\/12\/Text-it-Easy_Example-5_FR.pdf\">Download Adapted File<\/a><a class=\"wpgb-block-2\" target=\"_blank\" rel=\"external noopener noreferrer\" href=\"https:\/\/text-it-easy.eu\/wp-content\/uploads\/2026\/01\/Leaflet_INE_FR.docx-1.pdf\">Download Analytical Report<\/a><\/div><\/div><\/div><\/div><\/article>\t\t<\/div>\n\t<\/div>\n\t<\/div>\n\t<\/div>\n\t\t<\/div>\n<\/div>\n[\/et_pb_code][\/et_pb_column][\/et_pb_row][\/et_pb_section]<\/p>\n","protected":false},"excerpt":{"rendered":"<p>[et_pb_section fb_built=\u00a0\u00bb1&Prime; _builder_version=\u00a0\u00bb4.26.1&Prime; _module_preset=\u00a0\u00bbdefault\u00a0\u00bb use_background_color_gradient=\u00a0\u00bbon\u00a0\u00bb background_color_gradient_direction=\u00a0\u00bb90deg\u00a0\u00bb background_color_gradient_stops=\u00a0\u00bb#99ffcc 33%|#f7fcbe 99%\u00a0\u00bb global_module=\u00a0\u00bb145&Prime; saved_tabs=\u00a0\u00bball\u00a0\u00bb global_colors_info=\u00a0\u00bb{}\u00a0\u00bb][et_pb_row _builder_version=\u00a0\u00bb4.27.4&Prime; _module_preset=\u00a0\u00bbf65e0117-e408-4718-808f-07fe51790640&Prime; global_colors_info=\u00a0\u00bb{}\u00a0\u00bb][et_pb_column type=\u00a0\u00bb4_4&Prime; _builder_version=\u00a0\u00bb4.26.1&Prime; _module_preset=\u00a0\u00bbdefault\u00a0\u00bb global_colors_info=\u00a0\u00bb{}\u00a0\u00bb][et_pb_post_title _builder_version=\u00a0\u00bb4.27.4&Prime; _module_preset=\u00a0\u00bbdefault\u00a0\u00bb title_font=\u00a0\u00bb&#8211;et_global_heading_font|700|||||||\u00a0\u00bb title_font_size=\u00a0\u00bb4rem\u00a0\u00bb global_colors_info=\u00a0\u00bb{}\u00a0\u00bb][\/et_pb_post_title][\/et_pb_column][\/et_pb_row][\/et_pb_section][et_pb_section fb_built=\u00a0\u00bb1&Prime; _builder_version=\u00a0\u00bb4.26.1&Prime; _module_preset=\u00a0\u00bbdefault\u00a0\u00bb locked=\u00a0\u00bboff\u00a0\u00bb global_colors_info=\u00a0\u00bb{}\u00a0\u00bb][et_pb_row _builder_version=\u00a0\u00bb4.27.4&Prime; _module_preset=\u00a0\u00bbf65e0117-e408-4718-808f-07fe51790640&Prime; hover_enabled=\u00a0\u00bb0&Prime; global_colors_info=\u00a0\u00bb{}\u00a0\u00bb sticky_enabled=\u00a0\u00bb0&Prime;][et_pb_column type=\u00a0\u00bb4_4&Prime; _builder_version=\u00a0\u00bb4.27.4&Prime; _module_preset=\u00a0\u00bbdefault\u00a0\u00bb global_colors_info=\u00a0\u00bb{}\u00a0\u00bb][et_pb_text disabled_on=\u00a0\u00bboff|off|off\u00a0\u00bb _builder_version=\u00a0\u00bb4.27.4&Prime; _module_preset=\u00a0\u00bbdefault\u00a0\u00bb text_font_size=\u00a0\u00bb1.25rem\u00a0\u00bb text_line_height=\u00a0\u00bb1.5em\u00a0\u00bb max_width=\u00a0\u00bb700px\u00a0\u00bb global_colors_info=\u00a0\u00bb{}\u00a0\u00bb] Dans le cadre de ce projet, nous avons s\u00e9lectionn\u00e9 et [&hellip;]<\/p>\n","protected":false},"author":1,"featured_media":0,"parent":0,"menu_order":0,"comment_status":"closed","ping_status":"closed","template":"","meta":{"_acf_changed":false,"_et_pb_use_builder":"on","_et_pb_old_content":"","_et_gb_content_width":"","footnotes":""},"class_list":["post-1312","page","type-page","status-publish","hentry"],"acf":[],"_links":{"self":[{"href":"https:\/\/text-it-easy.eu\/fr\/wp-json\/wp\/v2\/pages\/1312","targetHints":{"allow":["GET"]}}],"collection":[{"href":"https:\/\/text-it-easy.eu\/fr\/wp-json\/wp\/v2\/pages"}],"about":[{"href":"https:\/\/text-it-easy.eu\/fr\/wp-json\/wp\/v2\/types\/page"}],"author":[{"embeddable":true,"href":"https:\/\/text-it-easy.eu\/fr\/wp-json\/wp\/v2\/users\/1"}],"replies":[{"embeddable":true,"href":"https:\/\/text-it-easy.eu\/fr\/wp-json\/wp\/v2\/comments?post=1312"}],"version-history":[{"count":17,"href":"https:\/\/text-it-easy.eu\/fr\/wp-json\/wp\/v2\/pages\/1312\/revisions"}],"predecessor-version":[{"id":3506,"href":"https:\/\/text-it-easy.eu\/fr\/wp-json\/wp\/v2\/pages\/1312\/revisions\/3506"}],"wp:attachment":[{"href":"https:\/\/text-it-easy.eu\/fr\/wp-json\/wp\/v2\/media?parent=1312"}],"curies":[{"name":"wp","href":"https:\/\/api.w.org\/{rel}","templated":true}]}}