{"id":1306,"date":"2024-07-16T15:57:22","date_gmt":"2024-07-16T13:57:22","guid":{"rendered":"https:\/\/text-it-easy.eu\/blog\/"},"modified":"2025-12-15T15:34:48","modified_gmt":"2025-12-15T13:34:48","slug":"blog","status":"publish","type":"page","link":"https:\/\/text-it-easy.eu\/fr\/blog\/","title":{"rendered":"Blog"},"content":{"rendered":"<p>[et_pb_section fb_built=\u00a0\u00bb1&Prime; _builder_version=\u00a0\u00bb4.26.1&Prime; _module_preset=\u00a0\u00bbdefault\u00a0\u00bb use_background_color_gradient=\u00a0\u00bbon\u00a0\u00bb background_color_gradient_direction=\u00a0\u00bb90deg\u00a0\u00bb background_color_gradient_stops=\u00a0\u00bb#99ffcc 33%|#f7fcbe 99%\u00a0\u00bb global_module=\u00a0\u00bb145&Prime; saved_tabs=\u00a0\u00bball\u00a0\u00bb global_colors_info=\u00a0\u00bb{}\u00a0\u00bb][et_pb_row _builder_version=\u00a0\u00bb4.27.4&Prime; _module_preset=\u00a0\u00bbf65e0117-e408-4718-808f-07fe51790640&Prime; global_colors_info=\u00a0\u00bb{}\u00a0\u00bb][et_pb_column type=\u00a0\u00bb4_4&Prime; _builder_version=\u00a0\u00bb4.26.1&Prime; _module_preset=\u00a0\u00bbdefault\u00a0\u00bb global_colors_info=\u00a0\u00bb{}\u00a0\u00bb][et_pb_post_title _builder_version=\u00a0\u00bb4.27.4&Prime; _module_preset=\u00a0\u00bbdefault\u00a0\u00bb title_font=\u00a0\u00bb&#8211;et_global_heading_font|700|||||||\u00a0\u00bb title_font_size=\u00a0\u00bb4rem\u00a0\u00bb global_colors_info=\u00a0\u00bb{}\u00a0\u00bb][\/et_pb_post_title][\/et_pb_column][\/et_pb_row][\/et_pb_section][et_pb_section fb_built=\u00a0\u00bb1&Prime; _builder_version=\u00a0\u00bb4.26.1&Prime; _module_preset=\u00a0\u00bbdefault\u00a0\u00bb global_colors_info=\u00a0\u00bb{}\u00a0\u00bb][et_pb_row _builder_version=\u00a0\u00bb4.27.4&Prime; _module_preset=\u00a0\u00bbf65e0117-e408-4718-808f-07fe51790640&Prime; hover_enabled=\u00a0\u00bb0&Prime; global_colors_info=\u00a0\u00bb{}\u00a0\u00bb sticky_enabled=\u00a0\u00bb0&Prime;][et_pb_column type=\u00a0\u00bb4_4&Prime; _builder_version=\u00a0\u00bb4.26.1&Prime; _module_preset=\u00a0\u00bbdefault\u00a0\u00bb global_colors_info=\u00a0\u00bb{}\u00a0\u00bb][et_pb_code _builder_version=\u00a0\u00bb4.26.1&Prime; _module_preset=\u00a0\u00bbdefault\u00a0\u00bb hover_enabled=\u00a0\u00bb0&Prime; global_colors_info=\u00a0\u00bb{}\u00a0\u00bb sticky_enabled=\u00a0\u00bb0&Prime;]<!-- Gridbuilder \u1d42\u1d3e Plugin (https:\/\/wpgridbuilder.com) -->\n<div class=\"wp-grid-builder wpgb-grid-5\" data-options=\"{&quot;id&quot;:5,&quot;type&quot;:&quot;masonry&quot;,&quot;source&quot;:&quot;post_type&quot;,&quot;loader&quot;:false,&quot;layout&quot;:&quot;vertical&quot;,&quot;reveal&quot;:0,&quot;isMainQuery&quot;:0,&quot;lazyLoad&quot;:false,&quot;cardSizes&quot;:{&quot;1280&quot;:{&quot;columns&quot;:3,&quot;height&quot;:220,&quot;gutter&quot;:32,&quot;ratio&quot;:&quot;1.33333&quot;},&quot;1024&quot;:{&quot;columns&quot;:2,&quot;height&quot;:200,&quot;gutter&quot;:32,&quot;ratio&quot;:&quot;1.33333&quot;},&quot;640&quot;:{&quot;columns&quot;:1,&quot;height&quot;:200,&quot;gutter&quot;:32,&quot;ratio&quot;:&quot;1.33333&quot;}},&quot;fitRows&quot;:false,&quot;equalRows&quot;:0,&quot;equalColumns&quot;:true,&quot;fillLastRow&quot;:0,&quot;centerLastRow&quot;:0,&quot;horizontalOrder&quot;:false,&quot;fullWidth&quot;:false,&quot;transitionDelay&quot;:100,&quot;gallerySlideshow&quot;:false,&quot;rowsNumber&quot;:1,&quot;slideAlign&quot;:&quot;left&quot;,&quot;groupCells&quot;:1,&quot;draggable&quot;:true,&quot;initialIndex&quot;:0,&quot;contain&quot;:false,&quot;freeScroll&quot;:false,&quot;freeFriction&quot;:&quot;0.075&quot;,&quot;friction&quot;:&quot;0.285&quot;,&quot;attraction&quot;:&quot;0.025&quot;,&quot;autoPlay&quot;:0,&quot;pageDotAriaLabel&quot;:&quot;Point de page %d&quot;,&quot;isPreview&quot;:false,&quot;isGutenberg&quot;:false,&quot;rightToLeft&quot;:false}\"><div class=\"wpgb-svg-icons\" hidden>\n\t<svg viewBox=\"0 0 120 24\" width=\"0\" height=\"0\">\n\t<defs>\n        <polygon id=\"wpgb-star-svg\" points=\"12 2.5 15.1 8.8 22 9.8 17 14.6 18.2 21.5 12 18.3 5.8 21.5 7 14.6 2 9.8 8.9 8.8\"><\/polygon>\n    <\/defs>\n    <symbol id=\"wpgb-rating-stars-svg\">\n        <use xlink:href=\"#wpgb-star-svg\"><\/use>\n        <use xlink:href=\"#wpgb-star-svg\" x=\"24\"><\/use>\n        <use xlink:href=\"#wpgb-star-svg\" x=\"48\"><\/use>\n        <use xlink:href=\"#wpgb-star-svg\" x=\"72\"><\/use>\n        <use xlink:href=\"#wpgb-star-svg\" x=\"96\"><\/use>\n    <\/symbol>\n<\/svg>\n<\/div>\n<div class=\"wpgb-wrapper\">\n\t<div class=\"wpgb-main\">\n\t<div class=\"wpgb-layout\">\n\t<div class=\"wpgb-viewport\">\n\t\t<div class=\"wpgb-masonry\">\n\t\t\t<article class=\"wpgb-card wpgb-card-4 wpgb-post-2132\" data-col=\"1\" data-row=\"1\" data-format=\"standard\"><div class=\"wpgb-card-wrapper\"><div class=\"wpgb-card-inner article-teaser\"><div class=\"wpgb-card-media wpgb-scheme-light\"><svg data-ratio style=\"padding-top:66.67%\" viewBox=\"0 0 3 2\" aria-hidden=\"true\"><\/svg><div class=\"wpgb-card-media-thumbnail\"><a href=\"https:\/\/text-it-easy.eu\/wp-content\/uploads\/2025\/07\/unnamed.webp\" tabindex=\"-1\" class=\"wpgb-handle-lb wpgb-lightbox\" data-type=\"image\" data-rel=\"5\" data-title=\"Illustration\" title=\"Agrandir la photo\"><div style=\"background-image:url(https:\/\/text-it-easy.eu\/wp-content\/uploads\/2025\/07\/unnamed-768x576.webp)\"><\/div><noscript><img loading=\"lazy\" decoding=\"async\" class=\"wpgb-noscript-img\" src=\"https:\/\/text-it-easy.eu\/wp-content\/uploads\/2025\/07\/unnamed-768x576.webp\" alt=\"\" height=\"576\" width=\"768\"><\/noscript><\/a><\/div><\/div><div class=\"wpgb-card-content wpgb-scheme-dark\"><div class=\"wpgb-card-body\"><time class=\"wpgb-block-2\" datetime=\"2025-07-25T15:04:09+01:00\">25\/07\/2025<\/time><h3 class=\"wpgb-block-1\">Un langage clair dans la formation continue des enseignants&nbsp;: entre n\u00e9cessit\u00e9, applicabilit\u00e9 et d\u00e9fis<\/h3><a class=\"wpgb-block-3\" href=\"https:\/\/text-it-easy.eu\/fr\/blog\/un-langage-clair-dans-la-formation-continue-des-enseignants-entre-necessite-applicabilite-et-defis\/\">En savoir plus<\/a><\/div><\/div><\/div><\/div><\/article><article class=\"wpgb-card wpgb-card-4 wpgb-post-3012\" data-col=\"1\" data-row=\"1\" data-format=\"standard\"><div class=\"wpgb-card-wrapper\"><div class=\"wpgb-card-inner article-teaser\"><div class=\"wpgb-card-media wpgb-scheme-light\"><svg data-ratio style=\"padding-top:66.67%\" viewBox=\"0 0 3 2\" aria-hidden=\"true\"><\/svg><div class=\"wpgb-card-media-thumbnail\"><a href=\"https:\/\/text-it-easy.eu\/wp-content\/uploads\/2026\/01\/IMG_9812-scaled.jpg\" tabindex=\"-1\" class=\"wpgb-handle-lb wpgb-lightbox\" data-type=\"image\" data-rel=\"5\" data-title=\"IMG_9812\" title=\"Agrandir la photo\"><div style=\"background-image:url(https:\/\/text-it-easy.eu\/wp-content\/uploads\/2026\/01\/IMG_9812-768x576.jpg)\"><\/div><noscript><img loading=\"lazy\" decoding=\"async\" class=\"wpgb-noscript-img\" src=\"https:\/\/text-it-easy.eu\/wp-content\/uploads\/2026\/01\/IMG_9812-768x576.jpg\" alt=\"\" height=\"576\" width=\"768\"><\/noscript><\/a><\/div><\/div><div class=\"wpgb-card-content wpgb-scheme-dark\"><div class=\"wpgb-card-body\"><time class=\"wpgb-block-2\" datetime=\"2025-06-30T13:21:17+01:00\">30\/06\/2025<\/time><h3 class=\"wpgb-block-1\">Construire des ponts autour du langage clair, de l&rsquo;accessibilit\u00e9 et de l&rsquo;autonomisation \u2022 Activit\u00e9 de formation \u2022 Paris, mai 2025<\/h3><a class=\"wpgb-block-3\" href=\"https:\/\/text-it-easy.eu\/fr\/blog\/construire-des-ponts-autour-du-langage-clair-de-laccessibilite-et-de-lautonomisation-activite-de-formation-paris-mai-2025\/\">En savoir plus<\/a><\/div><\/div><\/div><\/div><\/article><article class=\"wpgb-card wpgb-card-4 wpgb-post-2134\" data-col=\"1\" data-row=\"1\" data-format=\"standard\"><div class=\"wpgb-card-wrapper\"><div class=\"wpgb-card-inner article-teaser\"><div class=\"wpgb-card-media wpgb-scheme-light\"><svg data-ratio style=\"padding-top:66.67%\" viewBox=\"0 0 3 2\" aria-hidden=\"true\"><\/svg><div class=\"wpgb-card-media-thumbnail\"><a href=\"https:\/\/text-it-easy.eu\/wp-content\/uploads\/2025\/06\/1905.i211.003_tribune-debate-composition-scaled.jpg\" tabindex=\"-1\" class=\"wpgb-handle-lb wpgb-lightbox\" data-type=\"image\" data-rel=\"5\" data-title=\"Tribunes de d\u00e9bat\" data-desc=\"Two tribunes for debate on stage illuminated by floodlights realistic colored composition 3d vector illustration SSUCv3H4sIAAAAAAACA02RO2\/DMAyE\/wqh2albZPPWF4p2CtpsQQdaYhw2shhIspMg8H8vlQeQjeQdDqdPJ9NiYmuak2Hvh5QjZpZgmqfKkOMskdGb5nGqTMqYh0RJvbpZzNSpet5vIatTuZvGfN5lpfrV8272HLPRkKFVef5mpurmfUG77aIMwaV6SYc8RM28Oe9EM\/1WBjsK9lgqaIdInvDcaKXSdp8p9td6IzuSy4iD4zKaUSx61eelvtaTvly7iLsN28gjxbI7SlYHs9wL5MjtECjBWiI4avXNIAGUREdQePUc9OagPcLaizjP3SYniISeU2YLVrxENVjpd5K48IC5g5GsooV75A\/wrryx9QTvix\/A4OCbgiN1BfhafJQOPRaG+VCwmerK75KVamn\/dEp1j2HWo6PZ9aBG2eqHTtP0DyMfHsTuAQAA\" title=\"Agrandir la photo\"><div style=\"background-image:url(https:\/\/text-it-easy.eu\/wp-content\/uploads\/2025\/06\/1905.i211.003_tribune-debate-composition-768x545.jpg)\"><\/div><noscript><img loading=\"lazy\" decoding=\"async\" class=\"wpgb-noscript-img\" src=\"https:\/\/text-it-easy.eu\/wp-content\/uploads\/2025\/06\/1905.i211.003_tribune-debate-composition-768x545.jpg\" alt=\"\" height=\"545\" width=\"768\"><\/noscript><\/a><\/div><\/div><div class=\"wpgb-card-content wpgb-scheme-dark\"><div class=\"wpgb-card-body\"><time class=\"wpgb-block-2\" datetime=\"2025-06-24T11:00:00+01:00\">24\/06\/2025<\/time><h3 class=\"wpgb-block-1\">Le langage clair en d\u00e9bat<\/h3><a class=\"wpgb-block-3\" href=\"https:\/\/text-it-easy.eu\/fr\/blog\/le-langage-clair-en-debat\/\">En savoir plus<\/a><\/div><\/div><\/div><\/div><\/article><article class=\"wpgb-card wpgb-card-4 wpgb-post-2136\" data-col=\"1\" data-row=\"1\" data-format=\"standard\"><div class=\"wpgb-card-wrapper\"><div class=\"wpgb-card-inner article-teaser\"><div class=\"wpgb-card-media wpgb-scheme-light\"><svg data-ratio style=\"padding-top:66.67%\" viewBox=\"0 0 3 2\" aria-hidden=\"true\"><\/svg><div class=\"wpgb-card-media-thumbnail\"><a href=\"https:\/\/text-it-easy.eu\/wp-content\/uploads\/2025\/05\/Capture-decran-2026-01-06-a-12.50.46.png\" tabindex=\"-1\" class=\"wpgb-handle-lb wpgb-lightbox\" data-type=\"image\" data-rel=\"5\" data-title=\"carte de l&rsquo;europe, vue de la mac\u00e9doine\" title=\"Agrandir la photo\"><div style=\"background-image:url(https:\/\/text-it-easy.eu\/wp-content\/uploads\/2025\/05\/Capture-decran-2026-01-06-a-12.50.46-768x479.png)\"><\/div><noscript><img loading=\"lazy\" decoding=\"async\" class=\"wpgb-noscript-img\" src=\"https:\/\/text-it-easy.eu\/wp-content\/uploads\/2025\/05\/Capture-decran-2026-01-06-a-12.50.46-768x479.png\" alt=\"\" height=\"479\" width=\"768\"><\/noscript><\/a><\/div><\/div><div class=\"wpgb-card-content wpgb-scheme-dark\"><div class=\"wpgb-card-body\"><time class=\"wpgb-block-2\" datetime=\"2025-05-15T14:50:50+01:00\">15\/05\/2025<\/time><h3 class=\"wpgb-block-1\">Les difficult\u00e9s du langage clair en Mac\u00e9doine<\/h3><a class=\"wpgb-block-3\" href=\"https:\/\/text-it-easy.eu\/fr\/blog\/les-difficultes-du-langage-clair-en-macedoine\/\">En savoir plus<\/a><\/div><\/div><\/div><\/div><\/article><article class=\"wpgb-card wpgb-card-4 wpgb-post-675\" data-col=\"1\" data-row=\"1\" data-format=\"standard\"><div class=\"wpgb-card-wrapper\"><div class=\"wpgb-card-inner article-teaser\"><div class=\"wpgb-card-media wpgb-scheme-light\"><svg data-ratio style=\"padding-top:66.67%\" viewBox=\"0 0 3 2\" aria-hidden=\"true\"><\/svg><div class=\"wpgb-card-media-thumbnail\"><a href=\"https:\/\/text-it-easy.eu\/wp-content\/uploads\/2025\/04\/2212.i105.016.S.m005.c13.isometri\u0441-evacuation-alarm-illustration-scaled.jpg\" tabindex=\"-1\" class=\"wpgb-handle-lb wpgb-lightbox\" data-type=\"image\" data-rel=\"5\" data-title=\"Illustration situation d&rsquo;urgence\" title=\"Agrandir la photo\"><div style=\"background-image:url(https:\/\/text-it-easy.eu\/wp-content\/uploads\/2025\/04\/2212.i105.016.S.m005.c13.isometri\u0441-evacuation-alarm-illustration-768x576.jpg)\"><\/div><noscript><img loading=\"lazy\" decoding=\"async\" class=\"wpgb-noscript-img\" src=\"https:\/\/text-it-easy.eu\/wp-content\/uploads\/2025\/04\/2212.i105.016.S.m005.c13.isometri\u0441-evacuation-alarm-illustration-768x576.jpg\" alt=\"\" height=\"576\" width=\"768\"><\/noscript><\/a><\/div><\/div><div class=\"wpgb-card-content wpgb-scheme-dark\"><div class=\"wpgb-card-body\"><time class=\"wpgb-block-2\" datetime=\"2025-04-02T16:19:01+01:00\">02\/04\/2025<\/time><h3 class=\"wpgb-block-1\">Le langage clair en situation de crise&nbsp;: communiquer avec clart\u00e9 en cas d\u2019urgence<\/h3><a class=\"wpgb-block-3\" href=\"https:\/\/text-it-easy.eu\/fr\/blog\/le-langage-clair-en-situation-de-crise-communiquer-avec-clarte-en-cas-durgence\/\">En savoir plus<\/a><\/div><\/div><\/div><\/div><\/article><article class=\"wpgb-card wpgb-card-4 wpgb-post-534\" data-col=\"1\" data-row=\"1\" data-format=\"standard\"><div class=\"wpgb-card-wrapper\"><div class=\"wpgb-card-inner article-teaser\"><div class=\"wpgb-card-media wpgb-scheme-light\"><svg data-ratio style=\"padding-top:66.67%\" viewBox=\"0 0 3 2\" aria-hidden=\"true\"><\/svg><div class=\"wpgb-card-media-thumbnail\"><a href=\"https:\/\/text-it-easy.eu\/wp-content\/uploads\/2024\/11\/smiling-caucasian-woman-talking-friends-street-scaled.jpg\" tabindex=\"-1\" class=\"wpgb-handle-lb wpgb-lightbox\" data-type=\"image\" data-rel=\"5\" data-title=\"Une femme souriante discutant avec des amis dans la rue\" title=\"Agrandir la photo\"><div style=\"background-image:url(https:\/\/text-it-easy.eu\/wp-content\/uploads\/2024\/11\/smiling-caucasian-woman-talking-friends-street-768x512.jpg)\"><\/div><noscript><img loading=\"lazy\" decoding=\"async\" class=\"wpgb-noscript-img\" src=\"https:\/\/text-it-easy.eu\/wp-content\/uploads\/2024\/11\/smiling-caucasian-woman-talking-friends-street-768x512.jpg\" alt=\"\" height=\"512\" width=\"768\"><\/noscript><\/a><\/div><\/div><div class=\"wpgb-card-content wpgb-scheme-dark\"><div class=\"wpgb-card-body\"><time class=\"wpgb-block-2\" datetime=\"2024-11-28T16:40:03+01:00\">28\/11\/2024<\/time><h3 class=\"wpgb-block-1\">L\u2019importance du langage clair dans divers secteurs<\/h3><a class=\"wpgb-block-3\" href=\"https:\/\/text-it-easy.eu\/fr\/blog\/limportance-du-langage-clair-dans-divers-secteurs\/\">En savoir plus<\/a><\/div><\/div><\/div><\/div><\/article><article class=\"wpgb-card wpgb-card-4 wpgb-post-528\" data-col=\"1\" data-row=\"1\" data-format=\"standard\"><div class=\"wpgb-card-wrapper\"><div class=\"wpgb-card-inner article-teaser\"><div class=\"wpgb-card-media wpgb-scheme-light\"><svg data-ratio style=\"padding-top:66.67%\" viewBox=\"0 0 3 2\" aria-hidden=\"true\"><\/svg><div class=\"wpgb-card-media-thumbnail\"><a href=\"https:\/\/text-it-easy.eu\/wp-content\/uploads\/2024\/10\/minimal-surrealistic-abstract-background-scaled.jpg\" tabindex=\"-1\" class=\"wpgb-handle-lb wpgb-lightbox\" data-type=\"image\" data-rel=\"5\" data-title=\"Illustration\" title=\"Agrandir la photo\"><div style=\"background-image:url(https:\/\/text-it-easy.eu\/wp-content\/uploads\/2024\/10\/minimal-surrealistic-abstract-background-768x439.jpg)\"><\/div><noscript><img loading=\"lazy\" decoding=\"async\" class=\"wpgb-noscript-img\" src=\"https:\/\/text-it-easy.eu\/wp-content\/uploads\/2024\/10\/minimal-surrealistic-abstract-background-768x439.jpg\" alt=\"\" height=\"439\" width=\"768\"><\/noscript><\/a><\/div><\/div><div class=\"wpgb-card-content wpgb-scheme-dark\"><div class=\"wpgb-card-body\"><time class=\"wpgb-block-2\" datetime=\"2024-10-04T14:11:05+01:00\">04\/10\/2024<\/time><h3 class=\"wpgb-block-1\">Conception inclusive au-del\u00e0 des mots&nbsp;: allier langage clair et accessibilit\u00e9 visuelle<\/h3><a class=\"wpgb-block-3\" href=\"https:\/\/text-it-easy.eu\/fr\/blog\/conception-inclusive-au-dela-des-mots-allier-langage-clair-et-accessibilite-visuelle\/\">En savoir plus<\/a><\/div><\/div><\/div><\/div><\/article><article class=\"wpgb-card wpgb-card-4 wpgb-post-505\" data-col=\"1\" data-row=\"1\" data-format=\"standard\"><div class=\"wpgb-card-wrapper\"><div class=\"wpgb-card-inner article-teaser\"><div class=\"wpgb-card-media wpgb-scheme-light\"><svg data-ratio style=\"padding-top:66.67%\" viewBox=\"0 0 3 2\" aria-hidden=\"true\"><\/svg><div class=\"wpgb-card-media-thumbnail\"><a href=\"https:\/\/text-it-easy.eu\/wp-content\/uploads\/2024\/09\/cute-silver-golden-light-bulbs-with-clouds-scaled.jpg\" tabindex=\"-1\" class=\"wpgb-handle-lb wpgb-lightbox\" data-type=\"image\" data-rel=\"5\" data-title=\"Illustration\" title=\"Agrandir la photo\"><div style=\"background-image:url(https:\/\/text-it-easy.eu\/wp-content\/uploads\/2024\/09\/cute-silver-golden-light-bulbs-with-clouds-768x432.jpg)\"><\/div><noscript><img loading=\"lazy\" decoding=\"async\" class=\"wpgb-noscript-img\" src=\"https:\/\/text-it-easy.eu\/wp-content\/uploads\/2024\/09\/cute-silver-golden-light-bulbs-with-clouds-768x432.jpg\" alt=\"\" height=\"432\" width=\"768\"><\/noscript><\/a><\/div><\/div><div class=\"wpgb-card-content wpgb-scheme-dark\"><div class=\"wpgb-card-body\"><time class=\"wpgb-block-2\" datetime=\"2024-09-17T16:01:17+01:00\">17\/09\/2024<\/time><h3 class=\"wpgb-block-1\">Groupes de travail sur le langage clair en Europe&nbsp;: vers des communications simples et accessibles pour tous<\/h3><a class=\"wpgb-block-3\" href=\"https:\/\/text-it-easy.eu\/fr\/blog\/groupes-de-travail-sur-le-langage-clair-en-europe-vers-des-communications-simples-et-accessibles-pour-tous\/\">En savoir plus<\/a><\/div><\/div><\/div><\/div><\/article><article class=\"wpgb-card wpgb-card-4 wpgb-post-507\" data-col=\"1\" data-row=\"1\" data-format=\"standard\"><div class=\"wpgb-card-wrapper\"><div class=\"wpgb-card-inner article-teaser\"><div class=\"wpgb-card-media wpgb-scheme-light\"><svg data-ratio style=\"padding-top:66.67%\" viewBox=\"0 0 3 2\" aria-hidden=\"true\"><\/svg><div class=\"wpgb-card-media-thumbnail\"><a href=\"https:\/\/text-it-easy.eu\/wp-content\/uploads\/2024\/08\/person-using-retro-computer-scaled.jpg\" tabindex=\"-1\" class=\"wpgb-handle-lb wpgb-lightbox\" data-type=\"image\" data-rel=\"5\" data-title=\"personne utilisant un ordinateur r\u00e9tro\" title=\"Agrandir la photo\"><div style=\"background-image:url(https:\/\/text-it-easy.eu\/wp-content\/uploads\/2024\/08\/person-using-retro-computer-768x513.jpg)\"><\/div><noscript><img loading=\"lazy\" decoding=\"async\" class=\"wpgb-noscript-img\" src=\"https:\/\/text-it-easy.eu\/wp-content\/uploads\/2024\/08\/person-using-retro-computer-768x513.jpg\" alt=\"\" height=\"513\" width=\"768\"><\/noscript><\/a><\/div><\/div><div class=\"wpgb-card-content wpgb-scheme-dark\"><div class=\"wpgb-card-body\"><time class=\"wpgb-block-2\" datetime=\"2024-08-02T15:54:27+01:00\">02\/08\/2024<\/time><h3 class=\"wpgb-block-1\">Petite histoire du langage clair<\/h3><a class=\"wpgb-block-3\" href=\"https:\/\/text-it-easy.eu\/fr\/blog\/petite-histoire-du-langage-clair\/\">En savoir plus<\/a><\/div><\/div><\/div><\/div><\/article><article class=\"wpgb-card wpgb-card-4 wpgb-post-300\" data-col=\"1\" data-row=\"1\" data-format=\"standard\"><div class=\"wpgb-card-wrapper\"><div class=\"wpgb-card-inner article-teaser\"><div class=\"wpgb-card-media wpgb-scheme-light\"><svg data-ratio style=\"padding-top:66.67%\" viewBox=\"0 0 3 2\" aria-hidden=\"true\"><\/svg><div class=\"wpgb-card-media-thumbnail\"><a href=\"https:\/\/text-it-easy.eu\/wp-content\/uploads\/2024\/07\/robot-handshake-human-background-futuristic-digital-age-scaled.jpg\" tabindex=\"-1\" class=\"wpgb-handle-lb wpgb-lightbox\" data-type=\"image\" data-rel=\"5\" data-title=\"Poign\u00e9e de main entre un robot et un humain\" title=\"Agrandir la photo\"><div style=\"background-image:url(https:\/\/text-it-easy.eu\/wp-content\/uploads\/2024\/07\/robot-handshake-human-background-futuristic-digital-age-768x512.jpg)\"><\/div><noscript><img loading=\"lazy\" decoding=\"async\" class=\"wpgb-noscript-img\" src=\"https:\/\/text-it-easy.eu\/wp-content\/uploads\/2024\/07\/robot-handshake-human-background-futuristic-digital-age-768x512.jpg\" alt=\"\" height=\"512\" width=\"768\"><\/noscript><\/a><\/div><\/div><div class=\"wpgb-card-content wpgb-scheme-dark\"><div class=\"wpgb-card-body\"><time class=\"wpgb-block-2\" datetime=\"2024-07-18T17:32:30+01:00\">18\/07\/2024<\/time><h3 class=\"wpgb-block-1\">Faciliter l\u2019acc\u00e8s au savoir et \u00e0 la culture gr\u00e2ce au langage clair et \u00e0 l\u2019intelligence artificielle<\/h3><a class=\"wpgb-block-3\" href=\"https:\/\/text-it-easy.eu\/fr\/blog\/faciliter-lacces-au-savoir-et-a-la-culture-grace-au-langage-clair-et-a-lintelligence-artificielle\/\">En savoir plus<\/a><\/div><\/div><\/div><\/div><\/article><article class=\"wpgb-card wpgb-card-4 wpgb-post-493\" data-col=\"1\" data-row=\"1\" data-format=\"standard\"><div class=\"wpgb-card-wrapper\"><div class=\"wpgb-card-inner article-teaser\"><div class=\"wpgb-card-media wpgb-scheme-light\"><svg data-ratio style=\"padding-top:66.67%\" viewBox=\"0 0 3 2\" aria-hidden=\"true\"><\/svg><div class=\"wpgb-card-media-thumbnail\"><a href=\"https:\/\/text-it-easy.eu\/wp-content\/uploads\/2024\/06\/young-man-glasses-reading-book-near-fence-scaled.jpg\" tabindex=\"-1\" class=\"wpgb-handle-lb wpgb-lightbox\" data-type=\"image\" data-rel=\"5\" data-title=\"young-man-glasses-reading-book-near-fence\" title=\"Agrandir la photo\"><div style=\"background-image:url(https:\/\/text-it-easy.eu\/wp-content\/uploads\/2024\/06\/young-man-glasses-reading-book-near-fence-768x512.jpg)\"><\/div><noscript><img loading=\"lazy\" decoding=\"async\" class=\"wpgb-noscript-img\" src=\"https:\/\/text-it-easy.eu\/wp-content\/uploads\/2024\/06\/young-man-glasses-reading-book-near-fence-768x512.jpg\" alt=\"\" height=\"512\" width=\"768\"><\/noscript><\/a><\/div><\/div><div class=\"wpgb-card-content wpgb-scheme-dark\"><div class=\"wpgb-card-body\"><time class=\"wpgb-block-2\" datetime=\"2024-06-18T10:07:07+01:00\">18\/06\/2024<\/time><h3 class=\"wpgb-block-1\">Le langage clair, un levier pour l\u2019accessibilit\u00e9 de l\u2019\u00e9crit<\/h3><a class=\"wpgb-block-3\" href=\"https:\/\/text-it-easy.eu\/fr\/blog\/le-langage-clair-un-levier-pour-laccessibilite-de-lecrit\/\">En savoir plus<\/a><\/div><\/div><\/div><\/div><\/article><article class=\"wpgb-card wpgb-card-4 wpgb-post-520\" data-col=\"1\" data-row=\"1\" data-format=\"standard\"><div class=\"wpgb-card-wrapper\"><div class=\"wpgb-card-inner article-teaser\"><div class=\"wpgb-card-media wpgb-scheme-light\"><svg data-ratio style=\"padding-top:66.67%\" viewBox=\"0 0 3 2\" aria-hidden=\"true\"><\/svg><div class=\"wpgb-card-media-thumbnail\"><a href=\"https:\/\/text-it-easy.eu\/wp-content\/uploads\/2024\/05\/composite-image-creative-colleagues-with-laptop-digital-tablet-scaled.jpg\" tabindex=\"-1\" class=\"wpgb-handle-lb wpgb-lightbox\" data-type=\"image\" data-rel=\"5\" data-title=\"Coll\u00e8gues cr\u00e9atifs avec ordinateur portable et tablette num\u00e9rique sur fond de planches de bois\" data-desc=\"Creative colleagues with laptop and digital tablet against wooden planks background\" title=\"Agrandir la photo\"><div style=\"background-image:url(https:\/\/text-it-easy.eu\/wp-content\/uploads\/2024\/05\/composite-image-creative-colleagues-with-laptop-digital-tablet-768x405.jpg)\"><\/div><noscript><img loading=\"lazy\" decoding=\"async\" class=\"wpgb-noscript-img\" src=\"https:\/\/text-it-easy.eu\/wp-content\/uploads\/2024\/05\/composite-image-creative-colleagues-with-laptop-digital-tablet-768x405.jpg\" alt=\"\" height=\"405\" width=\"768\"><\/noscript><\/a><\/div><\/div><div class=\"wpgb-card-content wpgb-scheme-dark\"><div class=\"wpgb-card-body\"><time class=\"wpgb-block-2\" datetime=\"2024-05-09T10:39:27+01:00\">09\/05\/2024<\/time><h3 class=\"wpgb-block-1\">\u00c0 qui s\u2019adresse le langage clair&nbsp;?<\/h3><a class=\"wpgb-block-3\" href=\"https:\/\/text-it-easy.eu\/fr\/blog\/a-qui-sadresse-le-langage-clair\/\">En savoir plus<\/a><\/div><\/div><\/div><\/div><\/article>\t\t<\/div>\n\t<\/div>\n\t<\/div>\n\t<\/div>\n\t\t<\/div>\n<\/div>\n[\/et_pb_code][\/et_pb_column][\/et_pb_row][\/et_pb_section]<\/p>\n","protected":false},"excerpt":{"rendered":"<p>[et_pb_section fb_built=\u00a0\u00bb1&Prime; _builder_version=\u00a0\u00bb4.26.1&Prime; _module_preset=\u00a0\u00bbdefault\u00a0\u00bb use_background_color_gradient=\u00a0\u00bbon\u00a0\u00bb background_color_gradient_direction=\u00a0\u00bb90deg\u00a0\u00bb background_color_gradient_stops=\u00a0\u00bb#99ffcc 33%|#f7fcbe 99%\u00a0\u00bb global_module=\u00a0\u00bb145&Prime; saved_tabs=\u00a0\u00bball\u00a0\u00bb global_colors_info=\u00a0\u00bb{}\u00a0\u00bb][et_pb_row _builder_version=\u00a0\u00bb4.27.4&Prime; _module_preset=\u00a0\u00bbf65e0117-e408-4718-808f-07fe51790640&Prime; global_colors_info=\u00a0\u00bb{}\u00a0\u00bb][et_pb_column type=\u00a0\u00bb4_4&Prime; _builder_version=\u00a0\u00bb4.26.1&Prime; _module_preset=\u00a0\u00bbdefault\u00a0\u00bb global_colors_info=\u00a0\u00bb{}\u00a0\u00bb][et_pb_post_title _builder_version=\u00a0\u00bb4.27.4&Prime; _module_preset=\u00a0\u00bbdefault\u00a0\u00bb title_font=\u00a0\u00bb&#8211;et_global_heading_font|700|||||||\u00a0\u00bb title_font_size=\u00a0\u00bb4rem\u00a0\u00bb global_colors_info=\u00a0\u00bb{}\u00a0\u00bb][\/et_pb_post_title][\/et_pb_column][\/et_pb_row][\/et_pb_section][et_pb_section fb_built=\u00a0\u00bb1&Prime; _builder_version=\u00a0\u00bb4.26.1&Prime; _module_preset=\u00a0\u00bbdefault\u00a0\u00bb global_colors_info=\u00a0\u00bb{}\u00a0\u00bb][et_pb_row _builder_version=\u00a0\u00bb4.27.4&Prime; _module_preset=\u00a0\u00bbf65e0117-e408-4718-808f-07fe51790640&Prime; hover_enabled=\u00a0\u00bb0&Prime; global_colors_info=\u00a0\u00bb{}\u00a0\u00bb sticky_enabled=\u00a0\u00bb0&Prime;][et_pb_column type=\u00a0\u00bb4_4&Prime; _builder_version=\u00a0\u00bb4.26.1&Prime; _module_preset=\u00a0\u00bbdefault\u00a0\u00bb global_colors_info=\u00a0\u00bb{}\u00a0\u00bb][et_pb_code _builder_version=\u00a0\u00bb4.26.1&Prime; _module_preset=\u00a0\u00bbdefault\u00a0\u00bb hover_enabled=\u00a0\u00bb0&Prime; global_colors_info=\u00a0\u00bb{}\u00a0\u00bb sticky_enabled=\u00a0\u00bb0&Prime;][\/et_pb_code][\/et_pb_column][\/et_pb_row][\/et_pb_section]<\/p>\n","protected":false},"author":1,"featured_media":0,"parent":0,"menu_order":0,"comment_status":"closed","ping_status":"closed","template":"","meta":{"_acf_changed":false,"_et_pb_use_builder":"on","_et_pb_old_content":"","_et_gb_content_width":"","footnotes":""},"class_list":["post-1306","page","type-page","status-publish","hentry"],"acf":[],"_links":{"self":[{"href":"https:\/\/text-it-easy.eu\/fr\/wp-json\/wp\/v2\/pages\/1306","targetHints":{"allow":["GET"]}}],"collection":[{"href":"https:\/\/text-it-easy.eu\/fr\/wp-json\/wp\/v2\/pages"}],"about":[{"href":"https:\/\/text-it-easy.eu\/fr\/wp-json\/wp\/v2\/types\/page"}],"author":[{"embeddable":true,"href":"https:\/\/text-it-easy.eu\/fr\/wp-json\/wp\/v2\/users\/1"}],"replies":[{"embeddable":true,"href":"https:\/\/text-it-easy.eu\/fr\/wp-json\/wp\/v2\/comments?post=1306"}],"version-history":[{"count":2,"href":"https:\/\/text-it-easy.eu\/fr\/wp-json\/wp\/v2\/pages\/1306\/revisions"}],"predecessor-version":[{"id":2735,"href":"https:\/\/text-it-easy.eu\/fr\/wp-json\/wp\/v2\/pages\/1306\/revisions\/2735"}],"wp:attachment":[{"href":"https:\/\/text-it-easy.eu\/fr\/wp-json\/wp\/v2\/media?parent=1306"}],"curies":[{"name":"wp","href":"https:\/\/api.w.org\/{rel}","templated":true}]}}